{"id":12620,"date":"2026-02-02T22:21:08","date_gmt":"2026-02-03T03:21:08","guid":{"rendered":"https:\/\/fswe.ca\/?page_id=12620"},"modified":"2026-02-03T16:05:37","modified_gmt":"2026-02-03T21:05:37","slug":"essex-county-homelessness-hub","status":"publish","type":"page","link":"https:\/\/fswe.ca\/fr\/nos-services-2\/essex-county-homelessness-hub\/","title":{"rendered":"Essex County Homelessness Hub"},"content":{"rendered":"<div class=\"wp-block-columns is-layout-flex wp-container-core-columns-is-layout-9d6595d7 wp-block-columns-is-layout-flex\">\n<div class=\"wp-block-column is-vertically-aligned-center is-layout-flow wp-block-column-is-layout-flow\">\n<p class=\"has-medium-font-size\">Le <strong>Essex County Homelessness Hub<\/strong> offre des services sans rendez-vous qui r\u00e9pondent aux besoins des personnes et des familles du comt\u00e9 d\u2019Essex en situation d\u2019itin\u00e9rance ou \u00e0 risque de le devenir.<\/p>\n<p class=\"has-medium-font-size\">\n<\/p>\n<\/div>\n<div class=\"wp-block-column is-vertically-aligned-center is-layout-flow wp-block-column-is-layout-flow\">\n<div class=\"wp-block-image\">\n<figure class=\"aligncenter size-full\"><img loading=\"lazy\" decoding=\"async\" width=\"2048\" height=\"865\" src=\"https:\/\/fswe.ca\/wp-content\/uploads\/2023\/03\/Website-Pics2.png\" alt=\"\" class=\"wp-image-9992\" srcset=\"https:\/\/fswe.ca\/wp-content\/uploads\/2023\/03\/Website-Pics2.png 2048w, https:\/\/fswe.ca\/wp-content\/uploads\/2023\/03\/Website-Pics2-300x127.png 300w, https:\/\/fswe.ca\/wp-content\/uploads\/2023\/03\/Website-Pics2-1024x433.png 1024w, https:\/\/fswe.ca\/wp-content\/uploads\/2023\/03\/Website-Pics2-768x324.png 768w, https:\/\/fswe.ca\/wp-content\/uploads\/2023\/03\/Website-Pics2-1536x649.png 1536w\" sizes=\"auto, (max-width: 2048px) 100vw, 2048px\" \/><\/figure>\n<\/div>\n<\/div>\n<\/div>\n<div class=\"wp-block-group full-width mt-2 pb-3 has-white-color has-text-color has-background has-link-color wp-elements-c6a9d9932143a19af431858a86d5ce3c\" style=\"background-color:#c97b63\">\n<div class=\"wp-block-group__inner-container is-layout-flow wp-block-group-is-layout-flow\">\n<h2 class=\"wp-block-heading has-white-color has-text-color has-link-color wp-elements-5c4c6be33a3bf0aa47af07257d29fad5\"><strong>Comment cela fonctionne-t-il?<\/strong><\/h2>\n<div class=\"wp-block-columns is-layout-flex wp-container-core-columns-is-layout-9d6595d7 wp-block-columns-is-layout-flex\">\n<div class=\"wp-block-column is-layout-flow wp-block-column-is-layout-flow\"><\/div>\n<\/div>\n<p class=\"has-medium-font-size\">Le centre se trouve au 215, rue Talbot. Gr\u00e2ce au financement du comt\u00e9 d\u2019Essex, on y offre les services suivants&nbsp;:<\/p>\n<div style=\"height:10px\" aria-hidden=\"true\" class=\"wp-block-spacer\"><\/div>\n<ul class=\"wp-block-list\">\n<li class=\"has-medium-font-size\">Aide pour pr\u00e9senter une demande au registre central des logements<\/li>\n<li>Recherche d\u2019un logement abordable<\/li>\n<li class=\"has-medium-font-size\">Renseignements sur les services externes et aiguillage vers ces services<\/li>\n<li class=\"has-medium-font-size\">Aide pour recevoir un soutien du revenu<\/li>\n<li class=\"has-medium-font-size\">Pr\u00e9vention des \u00e9victions<\/li>\n<li class=\"has-medium-font-size\">Liaison avec le Programme ontarien de soutien aux personnes handicap\u00e9es ou Ontario au travail et aux soutiens du revenu<\/li>\n<li class=\"has-medium-font-size\">Acc\u00e8s \u00e0 des ordinateurs et des services t\u00e9l\u00e9phoniques<\/li>\n<li class=\"has-medium-font-size\">Aide pour subvenir aux besoins fondamentaux et se procurer de la nourriture et des v\u00eatements<\/li>\n<li class=\"has-medium-font-size\">Aide pour obtenir une pi\u00e8ce d\u2019identit\u00e9<\/li>\n<li class=\"has-medium-font-size\">Acc\u00e8s \u00e0 des services de r\u00e9duction des m\u00e9faits<\/li>\n<\/ul>\n<div style=\"height:10px\" aria-hidden=\"true\" class=\"wp-block-spacer\"><\/div>\n<p class=\"has-medium-font-size\">L\u2019ECH2 est ouvert du lundi au dimanche, de 9 h \u00e0 17 h, ainsi que la nuit, de 22 h \u00e0 8 h. Le d\u00e9jeuner est offert.<\/p>\n<div style=\"height:10px\" aria-hidden=\"true\" class=\"wp-block-spacer\"><\/div>\n<p class=\"has-medium-font-size\">Pour plus de renseignements, composez le &nbsp;<a href=\"tel:%205193268629\">519 326-8629<\/a>, poste 395, ou envoyez-nous un courriel \u00e0 <a href=\"mailto:ech2@fswe.ca\">ech2@fswe.ca<\/a>.<\/p>\n<div style=\"height:41px\" aria-hidden=\"true\" class=\"wp-block-spacer\"><\/div>\n<\/div>\n<\/div>\n<div style=\"height:200px\" aria-hidden=\"true\" class=\"wp-block-spacer\"><\/div>\n<div style=\"height:0px\" aria-hidden=\"true\" class=\"wp-block-spacer\"><\/div>\n<div class=\"wp-block-group full-width has-background\" style=\"background-color:#027e9a\">\n<div class=\"wp-block-group__inner-container is-layout-flow wp-block-group-is-layout-flow\">\n<div class=\"wp-block-columns is-layout-flex wp-container-core-columns-is-layout-9d6595d7 wp-block-columns-is-layout-flex\">\n<div class=\"wp-block-column is-vertically-aligned-center is-layout-flow wp-block-column-is-layout-flow\">\n<h2 class=\"wp-block-heading has-text-align-left mt-0 mb-0 has-white-color has-text-color\">Besoin d\u2019en parler?<br \/>Nous sommes l\u00e0 pour vous.<\/h2>\n<\/div>\n<div class=\"wp-block-column is-layout-flow wp-block-column-is-layout-flow\">\n<div class=\"wp-block-buttons is-content-justification-center is-layout-flex wp-container-core-buttons-is-layout-16018d1d wp-block-buttons-is-layout-flex\">\n<div class=\"wp-block-button call\"><a class=\"wp-block-button__link wp-element-button\" href=\"tel:18889331831\">Appelez : <strong>1-888-933-1831<\/strong><\/a><\/div>\n<div class=\"wp-block-button email\"><a class=\"wp-block-button__link wp-element-button\" href=\"mailto:info@fswe.ca\">Courriel : <strong>info@fswe.ca<\/strong><\/a><\/div>\n<\/div>\n<\/div>\n<\/div>\n<\/div>\n<\/div>\n","protected":false},"excerpt":{"rendered":"<p>Le Essex County Homelessness Hub offre des services sans rendez-vous qui r\u00e9pondent aux besoins des personnes et des familles du&#8230;<\/p>\n","protected":false},"author":6,"featured_media":0,"parent":7236,"menu_order":0,"comment_status":"closed","ping_status":"closed","template":"","meta":{"footnotes":""},"class_list":["post-12620","page","type-page","status-publish","hentry"],"aioseo_notices":[],"_links":{"self":[{"href":"https:\/\/fswe.ca\/fr\/wp-json\/wp\/v2\/pages\/12620","targetHints":{"allow":["GET"]}}],"collection":[{"href":"https:\/\/fswe.ca\/fr\/wp-json\/wp\/v2\/pages"}],"about":[{"href":"https:\/\/fswe.ca\/fr\/wp-json\/wp\/v2\/types\/page"}],"author":[{"embeddable":true,"href":"https:\/\/fswe.ca\/fr\/wp-json\/wp\/v2\/users\/6"}],"replies":[{"embeddable":true,"href":"https:\/\/fswe.ca\/fr\/wp-json\/wp\/v2\/comments?post=12620"}],"version-history":[{"count":0,"href":"https:\/\/fswe.ca\/fr\/wp-json\/wp\/v2\/pages\/12620\/revisions"}],"up":[{"embeddable":true,"href":"https:\/\/fswe.ca\/fr\/wp-json\/wp\/v2\/pages\/7236"}],"wp:attachment":[{"href":"https:\/\/fswe.ca\/fr\/wp-json\/wp\/v2\/media?parent=12620"}],"curies":[{"name":"wp","href":"https:\/\/api.w.org\/{rel}","templated":true}]}}