{"id":12672,"date":"2026-02-03T15:27:55","date_gmt":"2026-02-03T20:27:55","guid":{"rendered":"https:\/\/fswe.ca\/?page_id=12672"},"modified":"2026-02-03T15:28:36","modified_gmt":"2026-02-03T20:28:36","slug":"accreditation","status":"publish","type":"page","link":"https:\/\/fswe.ca\/fr\/accreditation\/","title":{"rendered":"Accr\u00e9ditation"},"content":{"rendered":"<div style=\"height:25px\" aria-hidden=\"true\" class=\"wp-block-spacer\"><\/div>\n<div class=\"wp-block-columns is-layout-flex wp-container-core-columns-is-layout-9d6595d7 wp-block-columns-is-layout-flex\">\n<div class=\"wp-block-column is-vertically-aligned-center is-layout-flow wp-block-column-is-layout-flow\">\n<p class=\"has-medium-font-size\">Services \u00e0 la famille Windsor-Essex (SFWE) est agr\u00e9\u00e9 par le Centre canadien de l\u2019agr\u00e9ment et respecte les normes nationales et internationales les plus strictes en mati\u00e8re de services.<\/p>\n<\/div>\n<div class=\"wp-block-column is-vertically-aligned-center is-layout-flow wp-block-column-is-layout-flow\">\n<div class=\"wp-block-image\">\n<figure class=\"aligncenter size-full\"><img loading=\"lazy\" decoding=\"async\" width=\"350\" height=\"350\" src=\"https:\/\/fswe.ca\/wp-content\/uploads\/2025\/07\/Website-graphics-1.png\" alt=\"\" class=\"wp-image-11352\" srcset=\"https:\/\/fswe.ca\/wp-content\/uploads\/2025\/07\/Website-graphics-1.png 350w, https:\/\/fswe.ca\/wp-content\/uploads\/2025\/07\/Website-graphics-1-300x300.png 300w, https:\/\/fswe.ca\/wp-content\/uploads\/2025\/07\/Website-graphics-1-150x150.png 150w\" sizes=\"auto, (max-width: 350px) 100vw, 350px\" \/><\/figure>\n<\/div>\n<\/div>\n<\/div>\n<div style=\"height:50px\" aria-hidden=\"true\" class=\"wp-block-spacer\"><\/div>\n","protected":false},"excerpt":{"rendered":"<p>Services \u00e0 la famille Windsor-Essex (SFWE) est agr\u00e9\u00e9 par le Centre canadien de l\u2019agr\u00e9ment et respecte les normes nationales et&#8230;<\/p>\n","protected":false},"author":6,"featured_media":0,"parent":0,"menu_order":0,"comment_status":"closed","ping_status":"closed","template":"","meta":{"footnotes":""},"class_list":["post-12672","page","type-page","status-publish","hentry"],"aioseo_notices":[],"_links":{"self":[{"href":"https:\/\/fswe.ca\/fr\/wp-json\/wp\/v2\/pages\/12672","targetHints":{"allow":["GET"]}}],"collection":[{"href":"https:\/\/fswe.ca\/fr\/wp-json\/wp\/v2\/pages"}],"about":[{"href":"https:\/\/fswe.ca\/fr\/wp-json\/wp\/v2\/types\/page"}],"author":[{"embeddable":true,"href":"https:\/\/fswe.ca\/fr\/wp-json\/wp\/v2\/users\/6"}],"replies":[{"embeddable":true,"href":"https:\/\/fswe.ca\/fr\/wp-json\/wp\/v2\/comments?post=12672"}],"version-history":[{"count":0,"href":"https:\/\/fswe.ca\/fr\/wp-json\/wp\/v2\/pages\/12672\/revisions"}],"wp:attachment":[{"href":"https:\/\/fswe.ca\/fr\/wp-json\/wp\/v2\/media?parent=12672"}],"curies":[{"name":"wp","href":"https:\/\/api.w.org\/{rel}","templated":true}]}}