{"id":12673,"date":"2026-02-03T15:32:09","date_gmt":"2026-02-03T20:32:09","guid":{"rendered":"https:\/\/fswe.ca\/?page_id=12673"},"modified":"2026-02-03T15:32:09","modified_gmt":"2026-02-03T20:32:09","slug":"engagement-en-matiere-daccessibilite","status":"publish","type":"page","link":"https:\/\/fswe.ca\/fr\/engagement-en-matiere-daccessibilite\/","title":{"rendered":"Engagement en mati\u00e8re d\u2019accessibilit\u00e9"},"content":{"rendered":"<div style=\"height:25px\" aria-hidden=\"true\" class=\"wp-block-spacer\"><\/div>\n<div class=\"wp-block-columns is-layout-flex wp-container-core-columns-is-layout-9d6595d7 wp-block-columns-is-layout-flex\">\n<div class=\"wp-block-column is-vertically-aligned-center is-layout-flow wp-block-column-is-layout-flow\">\n<p class=\"has-medium-font-size\">Services \u00e0 la famille Windsor-Essex est favorable \u00e0 la <em>Loi de 2005 sur l\u2019accessibilit\u00e9 pour les personnes handicap\u00e9es de l\u2019Ontario<\/em> (LAPHO) et \u00e0 son objectif d\u2019assurer l\u2019accessibilit\u00e9 pour les personnes handicap\u00e9es de l\u2019Ontario en ce qui concerne les services, les installations, le logement, l\u2019emploi, les b\u00e2timents, les constructions et les locaux.<\/p>\n<p class=\"has-medium-font-size\">Ainsi, nous nous engageons \u00e0 rep\u00e9rer, \u00e0 \u00e9liminer et \u00e0 emp\u00eacher les obstacles auxquels les clients, les employ\u00e9s et le public pourraient faire face lors de leurs interactions avec notre organisme.<\/p>\n<p class=\"has-medium-font-size\">Les mesures prises en ce sens reposent sur notre plan pluriannuel de travail et d\u2019accessibilit\u00e9, qui d\u00e9crit notre vision d\u2019offrir aux clients, aux employ\u00e9s et aux membres du public un environnement sans obstacles qui respecte la dignit\u00e9 de tous et de toutes.<\/p>\n<\/div>\n<div class=\"wp-block-column is-vertically-aligned-center is-layout-flow wp-block-column-is-layout-flow\">\n<div class=\"wp-block-image\">\n<figure class=\"aligncenter size-full\"><img loading=\"lazy\" decoding=\"async\" width=\"350\" height=\"350\" src=\"https:\/\/fswe.ca\/wp-content\/uploads\/2025\/08\/Website-graphics-9.png\" alt=\"\" class=\"wp-image-11682\" srcset=\"https:\/\/fswe.ca\/wp-content\/uploads\/2025\/08\/Website-graphics-9.png 350w, https:\/\/fswe.ca\/wp-content\/uploads\/2025\/08\/Website-graphics-9-300x300.png 300w, https:\/\/fswe.ca\/wp-content\/uploads\/2025\/08\/Website-graphics-9-150x150.png 150w\" sizes=\"auto, (max-width: 350px) 100vw, 350px\" \/><\/figure>\n<\/div>\n<\/div>\n<\/div>\n<div style=\"height:50px\" aria-hidden=\"true\" class=\"wp-block-spacer\"><\/div>\n","protected":false},"excerpt":{"rendered":"<p>Services \u00e0 la famille Windsor-Essex est favorable \u00e0 la Loi de 2005 sur l\u2019accessibilit\u00e9 pour les personnes handicap\u00e9es de l\u2019Ontario&#8230;<\/p>\n","protected":false},"author":6,"featured_media":0,"parent":0,"menu_order":0,"comment_status":"closed","ping_status":"closed","template":"","meta":{"footnotes":""},"class_list":["post-12673","page","type-page","status-publish","hentry"],"aioseo_notices":[],"_links":{"self":[{"href":"https:\/\/fswe.ca\/fr\/wp-json\/wp\/v2\/pages\/12673","targetHints":{"allow":["GET"]}}],"collection":[{"href":"https:\/\/fswe.ca\/fr\/wp-json\/wp\/v2\/pages"}],"about":[{"href":"https:\/\/fswe.ca\/fr\/wp-json\/wp\/v2\/types\/page"}],"author":[{"embeddable":true,"href":"https:\/\/fswe.ca\/fr\/wp-json\/wp\/v2\/users\/6"}],"replies":[{"embeddable":true,"href":"https:\/\/fswe.ca\/fr\/wp-json\/wp\/v2\/comments?post=12673"}],"version-history":[{"count":0,"href":"https:\/\/fswe.ca\/fr\/wp-json\/wp\/v2\/pages\/12673\/revisions"}],"wp:attachment":[{"href":"https:\/\/fswe.ca\/fr\/wp-json\/wp\/v2\/media?parent=12673"}],"curies":[{"name":"wp","href":"https:\/\/api.w.org\/{rel}","templated":true}]}}