{"id":12675,"date":"2026-02-03T15:44:39","date_gmt":"2026-02-03T20:44:39","guid":{"rendered":"https:\/\/fswe.ca\/?page_id=12675"},"modified":"2026-02-03T21:38:49","modified_gmt":"2026-02-04T02:38:49","slug":"protection-de-la-vie-privee-en-ligne-et-collecte-de-donnees","status":"publish","type":"page","link":"https:\/\/fswe.ca\/fr\/a-propos-de-nous\/responsabilite-confidentialite-et-protection-de-la-vie-privee\/protection-de-la-vie-privee-en-ligne-et-collecte-de-donnees\/","title":{"rendered":"Protection de la vie priv\u00e9e en ligne et collecte de donn\u00e9es"},"content":{"rendered":"<p class=\"has-medium-font-size\">SFWE se fait un devoir de prot\u00e9ger les renseignements personnels en adoptant des pratiques responsables de traitement de ces renseignements, conform\u00e9ment aux lois sur la protection de la vie priv\u00e9e.<\/p>\n<\/p>\n<h2 class=\"wp-block-heading\"><strong><strong>Collecte de donn\u00e9es<\/strong><\/strong><\/h2>\n<p class=\"has-medium-font-size\">SFWE peut recueillir et traiter certaines donn\u00e9es lorsque vous visitez son site Web. Ces donn\u00e9es comprennent votre adresse IP, des renseignements sur votre appareil, le type de navigateur et les comportements de navigation. Nous utilisons Google Analytics pour recueillir ces donn\u00e9es afin de mieux comprendre le rendement de notre site Web et d\u2019am\u00e9liorer l\u2019exp\u00e9rience des utilisateurs. De plus, nous pouvons utiliser des pixels invisibles ou des technologies semblables pour recueillir des donn\u00e9es \u00e0 des fins publicitaires.<\/p>\n<h2 class=\"wp-block-heading\"><strong><strong>Donn\u00e9es recueillies \u00e0 des fins publicitaires<\/strong><\/strong><\/h2>\n<p class=\"has-medium-font-size\">SFWE peut utiliser les donn\u00e9es recueillies \u00e0 des fins publicitaires sur des plateformes telles que Google, Meta Inc. (y compris Facebook et Instagram), LinkedIn et X. Ces donn\u00e9es nous permettent d\u2019adapter nos publicit\u00e9s afin de joindre les personnes susceptibles d\u2019\u00eatre int\u00e9ress\u00e9es par nos services. Nous ne transmettons pas \u00e0 ces plateformes des renseignements permettant de vous identifier sans obtenir au pr\u00e9alable votre consentement explicite.<\/p>\n<h2 class=\"wp-block-heading\"><strong><strong>Utilisation de t\u00e9moins<\/strong><\/strong><\/h2>\n<p class=\"has-medium-font-size\">SFWE utilise des t\u00e9moins (de petits fichiers texte copi\u00e9s sur votre ordinateur) pour recueillir des donn\u00e9es et analyser votre utilisation de notre site Web. Ces t\u00e9moins nous permettent \u00e9galement de suivre les r\u00e9sultats de nos campagnes publicitaires sur diverses plateformes et d\u2019obtenir des renseignements sur le nombre de visites et sur la fr\u00e9quence de consultation de nos pages. Vous pouvez d\u00e9sactiver les t\u00e9moins \u00e0 partir des r\u00e9glages de votre navigateur, mais cela pourrait avoir un effet sur votre utilisation de notre site Web et l\u2019efficacit\u00e9 de nos publicit\u00e9s.<\/p>\n<h2 class=\"wp-block-heading\"><strong><strong>Partage de donn\u00e9es<\/strong><\/strong><\/h2>\n<p class=\"has-medium-font-size\">SFWE ne partagera pas vos donn\u00e9es personnelles avec de tierces parties sans votre consentement explicite. Nous utilisons vos donn\u00e9es uniquement pour am\u00e9liorer nos services et adapter le contenu de notre site Web.<\/p>\n<h2 class=\"wp-block-heading\"><strong><strong>Partage de donn\u00e9es<\/strong><\/strong><\/h2>\n<p class=\"has-medium-font-size\">SFWE ne partagera pas vos donn\u00e9es personnelles avec de tierces parties sans votre consentement explicite. Nous utilisons vos donn\u00e9es uniquement pour am\u00e9liorer nos services et adapter le contenu de notre site Web.<\/p>\n<h2 class=\"wp-block-heading\"><strong><strong>Formulaires \u00e0 remplir en ligne<\/strong><\/strong><\/h2>\n<p class=\"has-medium-font-size\">Nous recueillons des donn\u00e9es personnelles lorsque vous remplissez un formulaire en ligne dans le but de recevoir des services de SFWE. De plus, nous pouvons vous demander des renseignements personnels afin de nous acquitter de nos obligations juridiques, gouvernementales ou r\u00e9glementaires.<\/p>\n<h2 class=\"wp-block-heading\"><strong><strong>Abonnement \u00e0 une liste de diffusion et messages \u00e9lectroniques commerciaux<\/strong><\/strong><\/h2>\n<p class=\"has-medium-font-size\">Lorsque vous vous abonnez \u00e0 une liste de diffusion de SFWE, vous devez fournir votre nom et une adresse courriel. SFWE ne divulguera pas, ne partagera pas et ne vendra pas ces renseignements \u00e0 d\u2019autres abonn\u00e9s \u00e0 la liste, organismes, sites Web ou tiers. Si vous ne voulez plus recevoir de courriels de SFWE, vous pouvez vous d\u00e9sabonner de la liste en cliquant sur le lien pr\u00e9vu \u00e0 cet effet qui appara\u00eet dans tous les messages envoy\u00e9s aux abonn\u00e9s de la liste. Cette disposition est conforme \u00e0 la Loi canadienne anti-pourriel. SFWE indiquera toujours le nom de l\u2019organisme, son adresse postale et l\u2019adresse de son site Web dans les messages envoy\u00e9s aux abonn\u00e9s de ses listes de diffusion.<\/p>\n<h2 class=\"wp-block-heading\"><strong><strong>Liens fournis sur notre site Web<\/strong><\/strong><\/h2>\n<p class=\"has-medium-font-size\">Vous trouverez sur notre site des liens menant \u00e0 d\u2019autres sites Web. SFWE n\u2019assume aucune responsabilit\u00e9 quant aux pratiques de collecte et d\u2019utilisation de renseignements des sites auxquels notre site donne acc\u00e8s. Nous vous encourageons \u00e0 lire la politique de protection de la vie priv\u00e9e de ces sites externes avant de divulguer des renseignements permettant de vous identifier.<\/p>\n<h2 class=\"wp-block-heading\"><strong><strong>Mesures de s\u00e9curit\u00e9<\/strong><\/strong><\/h2>\n<p class=\"has-medium-font-size\">SFWE accorde une grande importance \u00e0 la s\u00e9curit\u00e9 de vos donn\u00e9es et met en \u0153uvre des mesures de s\u00e9curit\u00e9 conformes aux normes de l\u2019industrie afin de prot\u00e9ger vos renseignements contre l\u2019acc\u00e8s non autoris\u00e9 \u00e0 ces renseignements, leur divulgation, leur modification ou leur destruction.<\/p>\n<h2 class=\"wp-block-heading\"><strong><strong>Vos droits<\/strong><\/strong><\/h2>\n<p class=\"has-medium-font-size\">Vous avez le droit d\u2019acc\u00e9der aux renseignements personnels \u00e0 votre sujet que nous avons en notre possession, de les mettre \u00e0 jour et de nous demander de les effacer. Si vous souhaitez exercer ce droit ou si vous avez des pr\u00e9occupations au sujet de la protection de vos donn\u00e9es, veuillez communiquer avec nous de la fa\u00e7on indiqu\u00e9e ci-dessous.<\/p>\n<h2 class=\"wp-block-heading\"><strong><strong>Pour nous joindre<\/strong><\/strong><\/h2>\n<p class=\"has-medium-font-size\">Si vous avez des questions ou des pr\u00e9occupations au sujet de cette politique de protection de la vie priv\u00e9e, veuillez communiquer avec la personne responsable de l\u2019acc\u00e8s \u00e0 l\u2019information et de la protection de la vie priv\u00e9e \u00e0 info@fswe.ca, nous t\u00e9l\u00e9phoner ou vous rendre \u00e0 nos bureaux.<\/p>\n<div style=\"height:100px\" aria-hidden=\"true\" class=\"wp-block-spacer\"><\/div><\/p>\n","protected":false},"excerpt":{"rendered":"<p>SFWE se fait un devoir de prot\u00e9ger les renseignements personnels en adoptant des pratiques responsables de traitement de ces renseignements,&#8230;<\/p>\n","protected":false},"author":6,"featured_media":0,"parent":7282,"menu_order":0,"comment_status":"closed","ping_status":"closed","template":"","meta":{"footnotes":""},"class_list":["post-12675","page","type-page","status-publish","hentry"],"aioseo_notices":[],"_links":{"self":[{"href":"https:\/\/fswe.ca\/fr\/wp-json\/wp\/v2\/pages\/12675","targetHints":{"allow":["GET"]}}],"collection":[{"href":"https:\/\/fswe.ca\/fr\/wp-json\/wp\/v2\/pages"}],"about":[{"href":"https:\/\/fswe.ca\/fr\/wp-json\/wp\/v2\/types\/page"}],"author":[{"embeddable":true,"href":"https:\/\/fswe.ca\/fr\/wp-json\/wp\/v2\/users\/6"}],"replies":[{"embeddable":true,"href":"https:\/\/fswe.ca\/fr\/wp-json\/wp\/v2\/comments?post=12675"}],"version-history":[{"count":0,"href":"https:\/\/fswe.ca\/fr\/wp-json\/wp\/v2\/pages\/12675\/revisions"}],"up":[{"embeddable":true,"href":"https:\/\/fswe.ca\/fr\/wp-json\/wp\/v2\/pages\/7282"}],"wp:attachment":[{"href":"https:\/\/fswe.ca\/fr\/wp-json\/wp\/v2\/media?parent=12675"}],"curies":[{"name":"wp","href":"https:\/\/api.w.org\/{rel}","templated":true}]}}