{"id":12678,"date":"2026-02-03T15:57:52","date_gmt":"2026-02-03T20:57:52","guid":{"rendered":"https:\/\/fswe.ca\/?page_id=12678"},"modified":"2026-02-03T15:57:54","modified_gmt":"2026-02-03T20:57:54","slug":"prestation-des-services","status":"publish","type":"page","link":"https:\/\/fswe.ca\/fr\/prestation-des-services\/","title":{"rendered":"Prestation des services"},"content":{"rendered":"<p class=\"has-medium-font-size\">Apprenez-en davantage sur la fa\u00e7on dont nous offrons et dispensons nos services de counselling et de soutien.<\/p>\n<div class=\"wp-block-group full-width mt-5 pb-5 has-background\" style=\"background-color:#5b7394\">\n<div class=\"wp-block-group__inner-container is-layout-flow wp-block-group-is-layout-flow\">\n<div class=\"wp-block-columns is-layout-flex wp-container-core-columns-is-layout-9d6595d7 wp-block-columns-is-layout-flex\">\n<div class=\"wp-block-column is-vertically-aligned-center is-layout-flow wp-block-column-is-layout-flow\">\n<h2 class=\"wp-block-heading has-white-color has-text-color has-link-color wp-elements-de1d5225777b515ade484c4d1abfc2ac\"><strong>Counselling<\/strong><\/h2>\n<div style=\"height:20px\" aria-hidden=\"true\" class=\"wp-block-spacer\"><\/div>\n<p class=\"has-white-color has-text-color has-link-color has-medium-font-size wp-elements-2e3808ffc7b695f04b930b94e4f83e2c\">Tout le monde a besoin de soutien \u00e0 un moment de sa vie. Nos conseillers et conseill\u00e8res qualifi\u00e9(e)s peuvent vous aider \u00e0 traverser vos difficult\u00e9s, \u00e0 d\u00e9velopper de nouvelles strat\u00e9gies d\u2019adaptation et \u00e0 renforcer votre r\u00e9silience afin de vous permettre d\u2019aller de l\u2019avant. Nos interventions th\u00e9rapeutiques tiennent compte des objectifs et des valeurs de chaque personne que nous avons le privil\u00e8ge d\u2019accompagner, avec un accent sur la croissance et le d\u00e9veloppement, ainsi que sur l\u2019adaptation aux changements de vie.<\/p>\n<\/div>\n<\/div>\n<\/div>\n<\/div>\n<div style=\"height:100px\" aria-hidden=\"true\" class=\"wp-block-spacer\"><\/div>\n<div class=\"wp-block-columns is-layout-flex wp-container-core-columns-is-layout-9d6595d7 wp-block-columns-is-layout-flex\">\n<div class=\"wp-block-column is-layout-flow wp-block-column-is-layout-flow\">\n<p class=\"has-medium-font-size\">Nous offrons des services de counselling individuel, de couple et familial (y compris pour les enfants et les jeunes) dans des domaines tels que le couple, la d\u00e9pendance, la d\u00e9pression, l\u2019anxi\u00e9t\u00e9, la sexualit\u00e9, la s\u00e9paration, le divorce, la parentalit\u00e9, les traumatismes, l\u2019estime de soi, la r\u00e9gulation \u00e9motionnelle et le bien-\u00eatre g\u00e9n\u00e9ral. Family Services Windsor-Essex offre ses services \u00e0 divers endroits \u00e0 Windsor et dans le comt\u00e9 d\u2019Essex. Nos honoraires sont abordables, car nous nous engageons \u00e0 ce que personne ne soit refus\u00e9 en raison de son incapacit\u00e9 de payer (voir ci-dessous pour plus d\u2019information sur les frais).<\/p>\n<div style=\"height:20px\" aria-hidden=\"true\" class=\"wp-block-spacer\"><\/div>\n<p class=\"has-medium-font-size\">Family Services Windsor-Essex est un milieu o\u00f9 les droits de la personne sont respect\u00e9s et o\u00f9 la communaut\u00e9 2SLGBTQIA+ est accueillie et soutenue. Des services de counselling professionnels sont offerts aux personnes de la communaut\u00e9 2SLGBTQIA+. Family Services Windsor-Essex offre un soutien empreint de compassion et sans jugement aux personnes concern\u00e9es, \u00e0 leurs partenaires, aux membres de leur famille et aux proches aidants.<\/p>\n<div style=\"height:20px\" aria-hidden=\"true\" class=\"wp-block-spacer\"><\/div>\n<p class=\"has-medium-font-size\"><strong>Besoin d\u2019en parler? Nous sommes l\u00e0 pour vous.<\/strong><\/p>\n<p class=\"has-medium-font-size\"><strong>Communiquez avec nous d\u00e8s aujourd\u2019hui :\u00a0<a href=\"tel: 519-966-5010\" title=\"\">519-966-5010<\/a>.<\/strong><\/p>\n<\/div>\n<\/div>\n<div style=\"height:100px\" aria-hidden=\"true\" class=\"wp-block-spacer\"><\/div>\n<div class=\"wp-block-group full-width mt-2 pb-3 has-white-color has-text-color has-background has-link-color wp-elements-4d66e0c9d86b87c3dd57ba5af6eaf16f\" style=\"background-color:#c97b63\">\n<div class=\"wp-block-group__inner-container is-layout-flow wp-block-group-is-layout-flow\">\n<div class=\"wp-block-columns is-layout-flex wp-container-core-columns-is-layout-9d6595d7 wp-block-columns-is-layout-flex\">\n<div class=\"wp-block-column is-vertically-aligned-center is-layout-flow wp-block-column-is-layout-flow\">\n<h3 class=\"wp-block-heading has-medium-font-size\">Travailler avec un(e) conseiller(\u00e8re) peut vous aider \u00e0 :<\/h3>\n<ul class=\"wp-block-list\">\n<li class=\"has-medium-font-size\">Explorer et mieux comprendre vos pens\u00e9es, vos \u00e9motions et vos exp\u00e9riences<\/li>\n<li class=\"has-medium-font-size\">R\u00e9duire la d\u00e9tresse, comme la tristesse, la col\u00e8re, la peur ou l\u2019anxi\u00e9t\u00e9<\/li>\n<li class=\"has-medium-font-size\">D\u00e9velopper des strat\u00e9gies d\u2019adaptation pour faire face aux d\u00e9fis de la vie<\/li>\n<li class=\"has-medium-font-size\">Prendre du recul et obtenir de l\u2019accompagnement \u00e0 diff\u00e9rentes \u00e9tapes de la vie<\/li>\n<li class=\"has-medium-font-size\">Acc\u00e9der \u00e0 d\u2019autres services et soutiens, au besoin<\/li>\n<\/ul>\n<\/div>\n<div class=\"wp-block-column is-vertically-aligned-center is-layout-flow wp-block-column-is-layout-flow\">\n<h3 class=\"wp-block-heading has-medium-font-size\">Le counselling est souvent plus efficace lorsque vous :<\/h3>\n<ul class=\"wp-block-list\">\n<li class=\"has-medium-font-size\">Assistez aux rencontres r\u00e9guli\u00e8rement et vous engagez dans la d\u00e9marche<\/li>\n<li class=\"has-medium-font-size\">Partagez ouvertement, \u00e0 un rythme qui vous convient<\/li>\n<li class=\"has-medium-font-size\">Reconnaissez la valeur de r\u00e9fl\u00e9chir \u00e0 vos pens\u00e9es et \u00e0 vos \u00e9motions<\/li>\n<li class=\"has-medium-font-size\">Vous accordez le temps et les efforts n\u00e9cessaires pour que le changement s\u2019op\u00e8re<\/li>\n<li class=\"has-medium-font-size\">Tenez compte des prises de conscience ou des d\u00e9cisions qui \u00e9mergent du counselling et les mettez en pratique<\/li>\n<\/ul>\n<\/div>\n<\/div>\n<\/div>\n<\/div>\n<div style=\"height:100px\" aria-hidden=\"true\" class=\"wp-block-spacer\"><\/div>\n<div class=\"wp-block-columns is-layout-flex wp-container-core-columns-is-layout-9d6595d7 wp-block-columns-is-layout-flex\">\n<div class=\"wp-block-column is-layout-flow wp-block-column-is-layout-flow\">\n<h3 class=\"wp-block-heading\">Du counselling professionnel quand vous en avez besoin :<\/h3>\n<ul class=\"wp-block-list\">\n<li class=\"has-medium-font-size\">Offert aux personnes seules, aux couples, aux familles, aux adolescents et aux enfants<\/li>\n<li class=\"has-medium-font-size\">Services sans rendez-vous, sur rendez-vous et counselling de groupe offerts<\/li>\n<li class=\"has-medium-font-size\">Approche \u00e0 court terme et ax\u00e9e sur les solutions<\/li>\n<li class=\"has-medium-font-size\">Rendez-vous en personne, par t\u00e9l\u00e9phone ou en mode virtuel<\/li>\n<\/ul>\n<\/div>\n<div class=\"wp-block-column is-layout-flow wp-block-column-is-layout-flow\">\n<h3 class=\"wp-block-heading\">Nos conseillers et conseill\u00e8res qualifi\u00e9(e)s :<\/h3>\n<ul class=\"wp-block-list\">\n<li class=\"has-medium-font-size\">Se concentrent sur votre croissance et votre d\u00e9veloppement<\/li>\n<li class=\"has-medium-font-size\">Favorisent votre bien-\u00eatre et votre r\u00e9silience<\/li>\n<li class=\"has-medium-font-size\">Poss\u00e8dent une vaste expertise clinique et une exp\u00e9rience concr\u00e8te<\/li>\n<li class=\"has-medium-font-size\">Peuvent vous soutenir dans une grande vari\u00e9t\u00e9 de situations<\/li>\n<li class=\"has-medium-font-size\">Sont membres en r\u00e8gle de leur ordre ou organisme de r\u00e9glementation professionnel<\/li>\n<\/ul>\n<\/div>\n<\/div>\n<div style=\"height:100px\" aria-hidden=\"true\" class=\"wp-block-spacer\"><\/div>\n<div class=\"wp-block-group full-width mt-5 pb-5 has-background\" style=\"background-color:#e9dbc3\">\n<div class=\"wp-block-group__inner-container is-layout-flow wp-block-group-is-layout-flow\">\n<div class=\"wp-block-columns is-layout-flex wp-container-core-columns-is-layout-9d6595d7 wp-block-columns-is-layout-flex\">\n<div class=\"wp-block-column is-vertically-aligned-center is-layout-flow wp-block-column-is-layout-flow\">\n<h2 class=\"wp-block-heading has-text-color has-link-color wp-elements-45725c92917a778530bdec56d404ae0a\" style=\"color:#545454\"><strong>Services de soutien<\/strong><\/h2>\n<div style=\"height:20px\" aria-hidden=\"true\" class=\"wp-block-spacer\"><\/div>\n<p class=\"has-text-color has-link-color has-medium-font-size wp-elements-a67958c06e5c760b60a574770936e405\" style=\"color:#545454\">Nous offrons des services professionnels, volontaires et confidentiels de d\u00e9fense des droits, d\u2019accompagnement et de soutien aux familles, aux personnes seules, aux couples, aux personnes \u00e2g\u00e9es ainsi qu\u2019aux personnes ayant une d\u00e9ficience d\u00e9veloppementale ou des pr\u00e9occupations en sant\u00e9 mentale.<\/p>\n<\/div>\n<div class=\"wp-block-column is-layout-flow wp-block-column-is-layout-flow\"><\/div>\n<\/div>\n<\/div>\n<\/div>\n<div style=\"height:100px\" aria-hidden=\"true\" class=\"wp-block-spacer\"><\/div>\n<p class=\"has-medium-font-size\">Nos programmes sont ax\u00e9s sur les besoins des clients. Nous proposons des strat\u00e9gies et du soutien pour aider \u00e0 r\u00e9soudre des conflits, \u00e0 surmonter des difficult\u00e9s personnelles et \u00e0 vivre de fa\u00e7on autonome dans la communaut\u00e9.<\/p>\n<div class=\"wp-block-columns is-layout-flex wp-container-core-columns-is-layout-9d6595d7 wp-block-columns-is-layout-flex\">\n<div class=\"wp-block-column is-layout-flow wp-block-column-is-layout-flow\"><\/div>\n<div class=\"wp-block-column is-layout-flow wp-block-column-is-layout-flow\"><\/div>\n<\/div>\n<div style=\"height:100px\" aria-hidden=\"true\" class=\"wp-block-spacer\"><\/div>\n<div class=\"wp-block-group full-width mt-2 pb-3 has-white-color has-text-color has-background has-link-color wp-elements-71190ba2b6e5e7b211ad53fb34ce3a17\" style=\"background-color:#c97b63\">\n<div class=\"wp-block-group__inner-container is-layout-flow wp-block-group-is-layout-flow\">\n<div class=\"wp-block-columns is-layout-flex wp-container-core-columns-is-layout-9d6595d7 wp-block-columns-is-layout-flex\">\n<div class=\"wp-block-column is-vertically-aligned-top is-layout-flow wp-block-column-is-layout-flow\">\n<h3 class=\"wp-block-heading has-medium-font-size\">Nos services de soutien peuvent vous aider \u00e0 :<\/h3>\n<ul class=\"wp-block-list\">\n<li class=\"has-medium-font-size\">G\u00e9rer le quotidien et surmonter les obstacles dans la communaut\u00e9<\/li>\n<li class=\"has-medium-font-size\">Faire face aux d\u00e9fis et pr\u00e9occupations qui surviennent<\/li>\n<li class=\"has-medium-font-size\">Apprendre de nouvelles comp\u00e9tences pour mieux g\u00e9rer certaines situations<\/li>\n<li class=\"has-medium-font-size\">\u00catre mis(e) en lien avec d\u2019autres services, au besoin<\/li>\n<li class=\"has-medium-font-size\">Poser des actions concr\u00e8tes pour aller de l\u2019avant<\/li>\n<\/ul>\n<\/div>\n<div class=\"wp-block-column is-vertically-aligned-center is-layout-flow wp-block-column-is-layout-flow\">\n<h3 class=\"wp-block-heading has-medium-font-size\">Domaines de soutien typiques :<\/h3>\n<ul class=\"wp-block-list\">\n<li class=\"has-medium-font-size\">Finances<\/li>\n<li>Logement<\/li>\n<li>Autonomie<\/li>\n<li>Relations<\/li>\n<li class=\"has-medium-font-size\">N\u00e9gligence et maltraitance<\/li>\n<\/ul>\n<p class=\"has-medium-font-size\">Consultez chaque service pour conna\u00eetre les crit\u00e8res d\u2019admissibilit\u00e9 et les services offerts.<\/p>\n<\/div>\n<\/div>\n<\/div>\n<\/div>\n<div style=\"height:100px\" aria-hidden=\"true\" class=\"wp-block-spacer\"><\/div>\n<h3 class=\"wp-block-heading\">Un soutien professionnel quand les gens en ont besoin :<\/h3>\n<ul class=\"wp-block-list\">\n<li class=\"has-medium-font-size\">Services offerts aux personnes seules, aux couples, aux familles, aux personnes \u00e2g\u00e9es, aux enfants et aux jeunes<\/li>\n<li class=\"has-medium-font-size\">Services sp\u00e9cialis\u00e9s pour les adultes ayant une d\u00e9ficience d\u00e9veloppementale ou des pr\u00e9occupations en sant\u00e9 mentale<\/li>\n<li class=\"has-medium-font-size\">Orientation vers d\u2019autres organismes communautaires, au besoin<\/li>\n<\/ul>\n<div style=\"height:30px\" aria-hidden=\"true\" class=\"wp-block-spacer\"><\/div>\n<p class=\"has-medium-font-size\"><strong>Communiquez avec nous d\u00e8s aujourd\u2019hui :\u00a0\u00a0<a href=\"tel:18889331831\"><\/a><strong><a href=\"tel: 519-966-5010\" title=\"\">519-966-5010<\/a><\/strong>.<\/strong><\/p>\n<div style=\"height:100px\" aria-hidden=\"true\" class=\"wp-block-spacer\"><\/div>\n","protected":false},"excerpt":{"rendered":"<p>Apprenez-en davantage sur la fa\u00e7on dont nous offrons et dispensons nos services de counselling et de soutien. Counselling Tout le&#8230;<\/p>\n","protected":false},"author":6,"featured_media":0,"parent":0,"menu_order":0,"comment_status":"closed","ping_status":"closed","template":"","meta":{"footnotes":""},"class_list":["post-12678","page","type-page","status-publish","hentry"],"aioseo_notices":[],"_links":{"self":[{"href":"https:\/\/fswe.ca\/fr\/wp-json\/wp\/v2\/pages\/12678","targetHints":{"allow":["GET"]}}],"collection":[{"href":"https:\/\/fswe.ca\/fr\/wp-json\/wp\/v2\/pages"}],"about":[{"href":"https:\/\/fswe.ca\/fr\/wp-json\/wp\/v2\/types\/page"}],"author":[{"embeddable":true,"href":"https:\/\/fswe.ca\/fr\/wp-json\/wp\/v2\/users\/6"}],"replies":[{"embeddable":true,"href":"https:\/\/fswe.ca\/fr\/wp-json\/wp\/v2\/comments?post=12678"}],"version-history":[{"count":0,"href":"https:\/\/fswe.ca\/fr\/wp-json\/wp\/v2\/pages\/12678\/revisions"}],"wp:attachment":[{"href":"https:\/\/fswe.ca\/fr\/wp-json\/wp\/v2\/media?parent=12678"}],"curies":[{"name":"wp","href":"https:\/\/api.w.org\/{rel}","templated":true}]}}