{"id":12681,"date":"2026-02-03T21:24:31","date_gmt":"2026-02-04T02:24:31","guid":{"rendered":"https:\/\/fswe.ca\/?page_id=12681"},"modified":"2026-02-03T21:29:07","modified_gmt":"2026-02-04T02:29:07","slug":"droits-des-clients","status":"publish","type":"page","link":"https:\/\/fswe.ca\/fr\/a-propos-de-nous\/responsabilite-confidentialite-et-protection-de-la-vie-privee\/droits-des-clients\/","title":{"rendered":"Droits et responsabilit\u00e9s des clients"},"content":{"rendered":"<h2 class=\"wp-block-heading\"><strong>Droits des clients<\/strong><\/h2>\n<div class=\"wp-block-columns is-layout-flex wp-container-core-columns-is-layout-9d6595d7 wp-block-columns-is-layout-flex\">\n<div class=\"wp-block-column is-vertically-aligned-center is-layout-flow wp-block-column-is-layout-flow\">\n<p class=\"has-medium-font-size\">Chaque client ou cliente des Services \u00e0 la famille Windsor-Essex a les droits suivants&nbsp;:<\/p>\n<\/p>\n<ul class=\"wp-block-list\">\n<li class=\"has-medium-font-size\">le droit de se faire traiter avec honn\u00eatet\u00e9, respect et dignit\u00e9, sans discrimination, et ce, en tout temps;<\/li>\n<li class=\"has-medium-font-size\">le droit de recevoir des services fournis avec professionnalisme par un personnel qualifi\u00e9;<\/li>\n<li class=\"has-medium-font-size\">le droit de recevoir, d\u00e8s le d\u00e9but de la prestation des services, des renseignements sur les frais de service de l\u2019organisme;<\/li>\n<li class=\"has-medium-font-size\">le droit de s\u2019attendre \u00e0 ce qu\u2019on prot\u00e8ge ses renseignements personnels sur la sant\u00e9 (sauf dans les cas o\u00f9 leur divulgation est exig\u00e9e par la loi);<\/li>\n<li class=\"has-medium-font-size\">le droit de recevoir des services dans un environnement s\u00fbr et s\u00e9curitaire;<\/li>\n<li class=\"has-medium-font-size\">le droit de soulever des pr\u00e9occupations concernant l\u2019organisme, les services fournis ou son exp\u00e9rience;<\/li>\n<li class=\"has-medium-font-size\">le droit d\u2019\u00eatre au courant de toutes les politiques et proc\u00e9dures importantes li\u00e9es aux services re\u00e7us des Services \u00e0 la famille Windsor-Essex;<\/li>\n<li class=\"has-medium-font-size\">le droit de donner son consentement \u00e9clair\u00e9 \u00e0 la prestation de tous les services re\u00e7us;<\/li>\n<li class=\"has-medium-font-size\">le droit de conna\u00eetre le contenu de son dossier, d\u2019y ajouter des renseignements et de corriger des renseignements inexacts;<\/li>\n<li class=\"has-medium-font-size\">le droit d\u2019avoir acc\u00e8s aux services sans \u00e9gard \u00e0 ses capacit\u00e9s.<\/li>\n<\/ul>\n<h2 class=\"wp-block-heading\"><strong><strong>Responsabilit\u00e9s des clients<\/strong><\/strong><\/h2>\n<p class=\"has-medium-font-size\">Chaque client ou cliente des Services \u00e0 la famille Windsor-Essex a les responsabilit\u00e9s suivantes&nbsp;:<\/p>\n<ul class=\"wp-block-list\">\n<li class=\"has-medium-font-size\">participer au mieux de ses capacit\u00e9s aux services fournis;<\/li>\n<li class=\"has-medium-font-size\">traiter avec respect tous les membres du personnel, les stagiaires, les autres clients et les biens;<\/li>\n<li class=\"has-medium-font-size\">payer tous les frais de service exig\u00e9s;<\/li>\n<li class=\"has-medium-font-size\">se pr\u00e9senter \u00e0 tous ses rendez-vous et donner un pr\u00e9avis suffisant en cas d\u2019annulation;<\/li>\n<li class=\"has-medium-font-size\">respecter le caract\u00e8re confidentiel de tous les renseignements appris au sujet d\u2019autres personnes aux Services \u00e0 la famille Windsor-Essex.<\/li>\n<\/ul>\n<div style=\"height:25px\" aria-hidden=\"true\" class=\"wp-block-spacer\"><\/div>\n<p class=\"has-medium-font-size\">Les clients sont inform\u00e9s de leurs droits et responsabilit\u00e9s, y compris de leur droit \u00e0 la protection de la vie priv\u00e9e, \u00e0 des services accessibles et de leur droit de d\u00e9poser une plainte.<\/p>\n<div style=\"height:25px\" aria-hidden=\"true\" class=\"wp-block-spacer\"><\/div>\n<p class=\"has-medium-font-size\"><em>Last Updated: January 1, 2026<\/em><\/p>\n<\/div>\n<\/div>\n<div style=\"height:50px\" aria-hidden=\"true\" class=\"wp-block-spacer\"><\/div>\n","protected":false},"excerpt":{"rendered":"<p>Droits des clients Chaque client ou cliente des Services \u00e0 la famille Windsor-Essex a les droits suivants&nbsp;: Responsabilit\u00e9s des clients&#8230;<\/p>\n","protected":false},"author":6,"featured_media":0,"parent":7282,"menu_order":0,"comment_status":"closed","ping_status":"closed","template":"","meta":{"footnotes":""},"class_list":["post-12681","page","type-page","status-publish","hentry"],"aioseo_notices":[],"_links":{"self":[{"href":"https:\/\/fswe.ca\/fr\/wp-json\/wp\/v2\/pages\/12681","targetHints":{"allow":["GET"]}}],"collection":[{"href":"https:\/\/fswe.ca\/fr\/wp-json\/wp\/v2\/pages"}],"about":[{"href":"https:\/\/fswe.ca\/fr\/wp-json\/wp\/v2\/types\/page"}],"author":[{"embeddable":true,"href":"https:\/\/fswe.ca\/fr\/wp-json\/wp\/v2\/users\/6"}],"replies":[{"embeddable":true,"href":"https:\/\/fswe.ca\/fr\/wp-json\/wp\/v2\/comments?post=12681"}],"version-history":[{"count":0,"href":"https:\/\/fswe.ca\/fr\/wp-json\/wp\/v2\/pages\/12681\/revisions"}],"up":[{"embeddable":true,"href":"https:\/\/fswe.ca\/fr\/wp-json\/wp\/v2\/pages\/7282"}],"wp:attachment":[{"href":"https:\/\/fswe.ca\/fr\/wp-json\/wp\/v2\/media?parent=12681"}],"curies":[{"name":"wp","href":"https:\/\/api.w.org\/{rel}","templated":true}]}}