{"id":12684,"date":"2026-02-03T21:34:27","date_gmt":"2026-02-04T02:34:27","guid":{"rendered":"https:\/\/fswe.ca\/?page_id=12684"},"modified":"2026-02-03T21:34:28","modified_gmt":"2026-02-04T02:34:28","slug":"politique-sur-les-plaintes-et-les-appels-des-clients-ou-des-membres-du-public","status":"publish","type":"page","link":"https:\/\/fswe.ca\/fr\/a-propos-de-nous\/responsabilite-confidentialite-et-protection-de-la-vie-privee\/politique-sur-les-plaintes-et-les-appels-des-clients-ou-des-membres-du-public\/","title":{"rendered":"Politique sur les plaintes et les appels des clients ou des membres du public"},"content":{"rendered":"<div style=\"height:25px\" aria-hidden=\"true\" class=\"wp-block-spacer\"><\/div>\n<div class=\"wp-block-columns is-layout-flex wp-container-core-columns-is-layout-9d6595d7 wp-block-columns-is-layout-flex\">\n<div class=\"wp-block-column is-vertically-aligned-center is-layout-flow wp-block-column-is-layout-flow\">\n<p class=\"has-medium-font-size\">Family Services Windsor-Essex reconna\u00eet que la r\u00e9troaction des clients et des personnes qui utilisent les services et soutiens de l\u2019organisme constitue un moyen essentiel d\u2019\u00e9valuer l\u2019organisation, ses programmes, ses services et son personnel. Nous accueillons favorablement les commentaires et nous nous engageons \u00e0 r\u00e9soudre toute pr\u00e9occupation li\u00e9e aux services afin de garantir aux personnes le plus haut niveau de r\u00e9ponse de la part de l\u2019organisme.<\/p>\n<h2 class=\"wp-block-heading\"><strong>Proc\u00e9dure<\/strong><\/h2>\n<p class=\"has-medium-font-size\">Si une plainte est formul\u00e9e concernant les services re\u00e7us \u00e0 Family Services Windsor-Essex, la proc\u00e9dure suivante doit \u00eatre suivie.<\/p>\n<p class=\"has-medium-font-size\">Les plaintes peuvent \u00eatre d\u00e9pos\u00e9es par les personnes qui re\u00e7oivent directement des services et\/ou par une personne agissant en leur nom, ou encore par un membre du public.<\/p>\n<p class=\"has-medium-font-size\">Le fait de d\u00e9poser une plainte n\u2019entra\u00eene aucun risque de r\u00e9percussions n\u00e9gatives sur les services et soutiens re\u00e7us par le client, ni leur retrait.<\/p>\n<p class=\"has-medium-font-size\">Il n\u2019y a aucune limite de temps pour d\u00e9poser une plainte. Les plaintes peuvent \u00eatre transmises de diverses fa\u00e7ons, notamment, sans s\u2019y limiter :<\/p>\n<ol class=\"wp-block-list\">\n<li class=\"has-medium-font-size\">Verbalement, en personne ou par t\u00e9l\u00e9phone<\/li>\n<li>Par \u00e9crit, par voie \u00e9lectronique ou par courrier<\/li>\n<li class=\"has-medium-font-size\">Par l\u2019entremise d\u2019un tiers autoris\u00e9 agissant au nom du client<\/li>\n<\/ol>\n<p class=\"has-medium-font-size\">Toutes les plaintes seront consign\u00e9es par \u00e9crit et suivies par l\u2019agent(e) de l\u2019acc\u00e8s \u00e0 l\u2019information et de la protection de la vie priv\u00e9e. Un rapport annuel sur les plaintes sera pr\u00e9sent\u00e9 au Conseil d\u2019administration. Ce rapport comprendra un examen et une analyse des plaintes re\u00e7ues afin d\u2019\u00e9valuer l\u2019efficacit\u00e9 des politiques existantes et de d\u00e9terminer si des r\u00e9visions sont n\u00e9cessaires.<\/p>\n<p class=\"has-medium-font-size\">\u00c0 tout moment, si une plainte est susceptible d\u2019entra\u00eener un risque organisationnel \u2014 notamment une atteinte \u00e0 la r\u00e9putation de l\u2019organisme, une all\u00e9gation d\u2019activit\u00e9 criminelle ou ill\u00e9gale, une perte de financement et\/ou un pr\u00e9judice caus\u00e9 \u00e0 un client par l\u2019organisme \u2014 la direction g\u00e9n\u00e9rale en avisera imm\u00e9diatement la pr\u00e9sidence du Conseil d\u2019administration.<\/p>\n<p class=\"has-medium-font-size\">Le Conseil d\u2019administration sera ensuite inform\u00e9 de la plainte par t\u00e9l\u00e9phone ou par courriel, \u00e0 la discr\u00e9tion de la pr\u00e9sidence. La pr\u00e9sidence et la direction g\u00e9n\u00e9rale effectueront cette communication aupr\u00e8s des membres du Conseil. La pr\u00e9sidence d\u00e9terminera si une r\u00e9union du Conseil est n\u00e9cessaire afin d\u2019examiner la plainte.<\/p>\n<div style=\"height:25px\" aria-hidden=\"true\" class=\"wp-block-spacer\"><\/div>\n<p class=\"has-medium-font-size\"><em>Derni\u00e8re mise \u00e0 jour : 1er janvier 2026<\/em><\/p>\n<\/div>\n<\/div>\n<div style=\"height:50px\" aria-hidden=\"true\" class=\"wp-block-spacer\"><\/div>\n","protected":false},"excerpt":{"rendered":"<p>Family Services Windsor-Essex reconna\u00eet que la r\u00e9troaction des clients et des personnes qui utilisent les services et soutiens de l\u2019organisme&#8230;<\/p>\n","protected":false},"author":6,"featured_media":0,"parent":7282,"menu_order":0,"comment_status":"closed","ping_status":"closed","template":"","meta":{"footnotes":""},"class_list":["post-12684","page","type-page","status-publish","hentry"],"aioseo_notices":[],"_links":{"self":[{"href":"https:\/\/fswe.ca\/fr\/wp-json\/wp\/v2\/pages\/12684","targetHints":{"allow":["GET"]}}],"collection":[{"href":"https:\/\/fswe.ca\/fr\/wp-json\/wp\/v2\/pages"}],"about":[{"href":"https:\/\/fswe.ca\/fr\/wp-json\/wp\/v2\/types\/page"}],"author":[{"embeddable":true,"href":"https:\/\/fswe.ca\/fr\/wp-json\/wp\/v2\/users\/6"}],"replies":[{"embeddable":true,"href":"https:\/\/fswe.ca\/fr\/wp-json\/wp\/v2\/comments?post=12684"}],"version-history":[{"count":0,"href":"https:\/\/fswe.ca\/fr\/wp-json\/wp\/v2\/pages\/12684\/revisions"}],"up":[{"embeddable":true,"href":"https:\/\/fswe.ca\/fr\/wp-json\/wp\/v2\/pages\/7282"}],"wp:attachment":[{"href":"https:\/\/fswe.ca\/fr\/wp-json\/wp\/v2\/media?parent=12684"}],"curies":[{"name":"wp","href":"https:\/\/api.w.org\/{rel}","templated":true}]}}