{"id":12693,"date":"2026-02-04T09:42:31","date_gmt":"2026-02-04T14:42:31","guid":{"rendered":"https:\/\/fswe.ca\/?page_id=12693"},"modified":"2026-02-04T09:44:25","modified_gmt":"2026-02-04T14:44:25","slug":"ressources-sur-laccumulation-compulsiv","status":"publish","type":"page","link":"https:\/\/fswe.ca\/fr\/nos-services-2\/ressources-sur-laccumulation-compulsiv\/","title":{"rendered":"Ressources sur l\u2019accumulation compulsiv"},"content":{"rendered":"<\/p>\n<div class=\"wp-block-group full-width mt-2 pb-3 has-white-color has-text-color has-background has-link-color wp-elements-d0c7e51a4bf86fa485068fb501444c60\" style=\"background-color:#c97b63\">\n<div class=\"wp-block-group__inner-container is-layout-flow wp-block-group-is-layout-flow\">\n<h2 class=\"wp-block-heading has-white-color has-text-color has-link-color wp-elements-2227161874d093bdfcda07f313a81d2e\"><strong><strong>Qu\u2019est-ce que l\u2019accumulation compulsive?<\/strong><\/strong><\/h2>\n<div class=\"wp-block-columns is-layout-flex wp-container-core-columns-is-layout-9d6595d7 wp-block-columns-is-layout-flex\">\n<div class=\"wp-block-column is-layout-flow wp-block-column-is-layout-flow\">\n<p class=\"has-medium-font-size\">L\u2019accumulation compulsive consiste \u00e0 amasser des objets en tr\u00e8s grande quantit\u00e9 et \u00e0 avoir de la difficult\u00e9 \u00e0 s\u2019en d\u00e9partir au point o\u00f9 le logement devient dangereux et inconfortable. Ce n\u2019est pas simplement une question de d\u00e9sordre. L\u2019accumulation compulsive peut avoir un effet n\u00e9gatif sur la sant\u00e9, la s\u00e9curit\u00e9 et le quotidien. Personne n\u2019est \u00e0 l\u2019abri de ce trouble, qui n\u2019a rien \u00e0 voir avec les ant\u00e9c\u00e9dents personnels. Dans bien des cas, il s\u2019aggrave s\u2019il n\u2019est pas trait\u00e9 et peut cr\u00e9er des conditions de vie malsaines et dangereuses.<\/p>\n<div style=\"height:20px\" aria-hidden=\"true\" class=\"wp-block-spacer\"><\/div>\n<p class=\"has-medium-font-size\"><strong>Download:<\/strong> Hoarding Fact Sheet<br \/><strong>Download: <\/strong>Clutter Image Rating Guide<\/p>\n<\/div>\n<div class=\"wp-block-column is-vertically-aligned-center is-layout-flow wp-block-column-is-layout-flow\"><\/div>\n<\/div>\n<\/div>\n<\/div>\n<div style=\"height:50px\" aria-hidden=\"true\" class=\"wp-block-spacer\"><\/div>\n<h2 class=\"wp-block-heading\"><strong><strong>Comment savoir si vous souffrez d\u2019accumulation compulsive?<\/strong><\/strong><\/h2>\n<div style=\"height:25px\" aria-hidden=\"true\" class=\"wp-block-spacer\"><\/div>\n<div class=\"wp-block-columns is-layout-flex wp-container-core-columns-is-layout-9d6595d7 wp-block-columns-is-layout-flex\">\n<div class=\"wp-block-column is-vertically-aligned-center is-layout-flow wp-block-column-is-layout-flow\">\n<p class=\"has-medium-font-size\">If you\u2019re unsure whether hoarding may be affecting your life, there are simple tools that can help. These questions and checklists can guide you in reflecting on how clutter is impacting your home and life.<\/p>\n<ul class=\"wp-block-list\">\n<li class=\"has-medium-font-size\"><strong>Auto\u00e9valuation&nbsp;: <\/strong>Questions sur le d\u00e9sordre, la conservation d\u2019objets et l\u2019achat d\u2019articles.<\/li>\n<li class=\"has-medium-font-size\"><strong>Liste de v\u00e9rification du quotidien&nbsp;:<\/strong> Pouvez-vous vous faire \u00e0 manger, dormir et vous d\u00e9placer facilement \u00e0 la maison?<\/li>\n<li class=\"has-medium-font-size\"><strong>Guide d\u2019entrevue&nbsp;:<\/strong> Le point sur vos habitudes et vos \u00e9motions associ\u00e9es \u00e0 vos biens personnels.<\/li>\n<\/ul>\n<div style=\"height:20px\" aria-hidden=\"true\" class=\"wp-block-spacer\"><\/div>\n<p style=\"font-size:20px\"><strong>T\u00e9l\u00e9charger :<\/strong> Inventaire d\u2019auto\u00e9valuation de l\u2019accumulation compulsive<br \/><strong>T\u00e9l\u00e9charger :<\/strong> Liste de v\u00e9rification du fonctionnement au quotidien<br \/><strong>T\u00e9l\u00e9charger :<\/strong> Formulaire d\u2019entrevue guid\u00e9e sur l\u2019accumulation compulsive<\/p>\n<\/div>\n<div class=\"wp-block-column is-vertically-aligned-center is-layout-flow wp-block-column-is-layout-flow\">\n<div class=\"wp-block-image\">\n<figure class=\"aligncenter size-full\"><img loading=\"lazy\" decoding=\"async\" width=\"350\" height=\"350\" src=\"https:\/\/fswe.ca\/wp-content\/uploads\/2025\/07\/32.png\" alt=\"\" class=\"wp-image-11344\" srcset=\"https:\/\/fswe.ca\/wp-content\/uploads\/2025\/07\/32.png 350w, https:\/\/fswe.ca\/wp-content\/uploads\/2025\/07\/32-300x300.png 300w, https:\/\/fswe.ca\/wp-content\/uploads\/2025\/07\/32-150x150.png 150w\" sizes=\"auto, (max-width: 350px) 100vw, 350px\" \/><\/figure>\n<\/div>\n<\/div>\n<\/div>\n<div style=\"height:50px\" aria-hidden=\"true\" class=\"wp-block-spacer\"><\/div>\n<h2 class=\"wp-block-heading\"><strong><strong>Ce que vous pouvez faire<\/strong><\/strong><\/h2>\n<div style=\"height:25px\" aria-hidden=\"true\" class=\"wp-block-spacer\"><\/div>\n<div class=\"wp-block-columns is-layout-flex wp-container-core-columns-is-layout-9d6595d7 wp-block-columns-is-layout-flex\">\n<div class=\"wp-block-column is-vertically-aligned-center is-layout-flow wp-block-column-is-layout-flow\">\n<p class=\"has-medium-font-size\">Vous n\u2019\u00eates pas seul(e) et vous pouvez obtenir de l\u2019aide. M\u00eame de petits changements peuvent faire toute la diff\u00e9rence. Ces outils peuvent vous aider \u00e0 mettre de l\u2019ordre dans votre vie et \u00e0 vous d\u00e9partir des objets dont vous n\u2019avez plus besoin.<\/p>\n<ul style=\"font-size:18px\" class=\"wp-block-list\">\n<li class=\"has-medium-font-size\">R\u00e9pondez \u00e0 des questions simples pour vous aider \u00e0 d\u00e9terminer si vous devriez garder un objet ou vous en d\u00e9partir.<\/li>\n<li class=\"has-medium-font-size\">\u00c9laborez un plan pour mettre de l\u2019ordre dans vos effets personnels.<\/li>\n<li class=\"has-medium-font-size\">Faites un tri m\u00e9thodique et d\u00e9terminez comment vous voulez vous sentir \u00e0 la maison.<\/li>\n<li class=\"has-medium-font-size\">Utilisez des feuilles de travail pour vous aider \u00e0 composer avec les sentiments et les pens\u00e9es difficiles.<\/li>\n<\/ul>\n<div style=\"height:20px\" aria-hidden=\"true\" class=\"wp-block-spacer\"><\/div>\n<p class=\"has-medium-font-size\"><strong>T\u00e9l\u00e9charger :<\/strong> Questions d\u2019autogestion pour l\u2019acquisition et le d\u00e9sencombrement<br \/><strong>T\u00e9l\u00e9charger :<\/strong> Liste de v\u00e9rification \u2013 Se pr\u00e9parer \u00e0 organiser<br \/><strong>T\u00e9l\u00e9charger :<\/strong> Arbre d\u00e9cisionnel de tri<br \/><strong>T\u00e9l\u00e9charger :<\/strong> Outil de gestion des pens\u00e9es (formulaire \u00ab fl\u00e8che descendante \u00bb)<\/p>\n<\/div>\n<div class=\"wp-block-column is-vertically-aligned-center is-layout-flow wp-block-column-is-layout-flow\"><\/div>\n<\/div>\n<div style=\"height:50px\" aria-hidden=\"true\" class=\"wp-block-spacer\"><\/div>\n<h2 class=\"wp-block-heading\"><strong><strong>Soutenir la famille et les amis<\/strong><\/strong><\/h2>\n<div style=\"height:25px\" aria-hidden=\"true\" class=\"wp-block-spacer\"><\/div>\n<div class=\"wp-block-columns is-layout-flex wp-container-core-columns-is-layout-9d6595d7 wp-block-columns-is-layout-flex\">\n<div class=\"wp-block-column is-vertically-aligned-center is-layout-flow wp-block-column-is-layout-flow\">\n<p class=\"has-medium-font-size\">Vous vous inqui\u00e9tez d\u2019un \u00eatre cher ayant un probl\u00e8me d\u2019accumulation compulsive? Ce n\u2019est pas facile de lui venir en aide, mais votre soutien peut faire toute la diff\u00e9rence. Voici ce que vous pouvez faire pour l\u2019aider de fa\u00e7on respectueuse&nbsp;:<\/p>\n<ul style=\"font-size:18px\" class=\"wp-block-list\">\n<li class=\"has-medium-font-size\">Faites preuve de gentillesse et de patience, ne portez pas de jugement \u00e0 son endroit et ne l\u2019obligez pas \u00e0 changer son comportement.<\/li>\n<li class=\"has-medium-font-size\">Utilisez des mots faciles \u00e0 comprendre et parlez-lui d\u2019un ton calme lorsque vous lui faites part de vos pr\u00e9occupations. \u00c9tablissez des limites au besoin.<\/li>\n<li class=\"has-medium-font-size\">Passez du temps au domicile de l\u2019\u00eatre cher sans discuter de l\u2019accumulation compulsive, sauf s\u2019il en parle.<\/li>\n<li class=\"has-medium-font-size\">N\u2019oubliez pas que votre intervention peut amener l\u2019\u00eatre cher \u00e0 accepter votre aide ou l\u2019en dissuader.<\/li>\n<li class=\"has-medium-font-size\">Dans bien des cas, votre attitude, les gestes que vous posez et votre assiduit\u00e9 peuvent amener l\u2019\u00eatre cher \u00e0 changer.<\/li>\n<\/ul>\n<div style=\"height:20px\" aria-hidden=\"true\" class=\"wp-block-spacer\"><\/div>\n<p class=\"has-medium-font-size\"><strong>T\u00e9l\u00e9charger :<\/strong> Guide pour la famille et les proches<\/p>\n<\/div>\n<div class=\"wp-block-column is-vertically-aligned-center is-layout-flow wp-block-column-is-layout-flow\"><\/div>\n<\/div>\n<div style=\"height:100px\" aria-hidden=\"true\" class=\"wp-block-spacer\"><\/div>\n<div class=\"wp-block-group full-width has-background\" style=\"background-color:#027e9a\">\n<div class=\"wp-block-group__inner-container is-layout-flow wp-block-group-is-layout-flow\">\n<div class=\"wp-block-columns is-layout-flex wp-container-core-columns-is-layout-9d6595d7 wp-block-columns-is-layout-flex\">\n<div class=\"wp-block-column is-vertically-aligned-center is-layout-flow wp-block-column-is-layout-flow\">\n<h2 class=\"wp-block-heading has-text-align-left mt-0 mb-0 has-white-color has-text-color\">Besoin d\u2019en parler?<br \/>Nous sommes l\u00e0 pour vous.<\/h2>\n<\/div>\n<div class=\"wp-block-column is-layout-flow wp-block-column-is-layout-flow\">\n<div class=\"wp-block-buttons is-content-justification-center is-layout-flex wp-container-core-buttons-is-layout-16018d1d wp-block-buttons-is-layout-flex\">\n<div class=\"wp-block-button call\"><a class=\"wp-block-button__link wp-element-button\" href=\"tel:18889331831\">Appelez : <strong>1-888-933-1831<\/strong><\/a><\/div>\n<div class=\"wp-block-button email\"><a class=\"wp-block-button__link wp-element-button\" href=\"mailto:info@fswe.ca\">Courriel : <strong>info@fswe.ca<\/strong><\/a><\/div>\n<\/div>\n<\/div>\n<\/div>\n<\/div>\n<\/div>\n","protected":false},"excerpt":{"rendered":"<p>Qu\u2019est-ce que l\u2019accumulation compulsive? L\u2019accumulation compulsive consiste \u00e0 amasser des objets en tr\u00e8s grande quantit\u00e9 et \u00e0 avoir de la&#8230;<\/p>\n","protected":false},"author":6,"featured_media":0,"parent":7236,"menu_order":0,"comment_status":"closed","ping_status":"closed","template":"","meta":{"footnotes":""},"class_list":["post-12693","page","type-page","status-publish","hentry"],"aioseo_notices":[],"_links":{"self":[{"href":"https:\/\/fswe.ca\/fr\/wp-json\/wp\/v2\/pages\/12693","targetHints":{"allow":["GET"]}}],"collection":[{"href":"https:\/\/fswe.ca\/fr\/wp-json\/wp\/v2\/pages"}],"about":[{"href":"https:\/\/fswe.ca\/fr\/wp-json\/wp\/v2\/types\/page"}],"author":[{"embeddable":true,"href":"https:\/\/fswe.ca\/fr\/wp-json\/wp\/v2\/users\/6"}],"replies":[{"embeddable":true,"href":"https:\/\/fswe.ca\/fr\/wp-json\/wp\/v2\/comments?post=12693"}],"version-history":[{"count":0,"href":"https:\/\/fswe.ca\/fr\/wp-json\/wp\/v2\/pages\/12693\/revisions"}],"up":[{"embeddable":true,"href":"https:\/\/fswe.ca\/fr\/wp-json\/wp\/v2\/pages\/7236"}],"wp:attachment":[{"href":"https:\/\/fswe.ca\/fr\/wp-json\/wp\/v2\/media?parent=12693"}],"curies":[{"name":"wp","href":"https:\/\/api.w.org\/{rel}","templated":true}]}}