{"id":6729,"date":"2021-02-03T16:11:27","date_gmt":"2021-02-03T21:11:27","guid":{"rendered":"https:\/\/dev.fswe.ca\/?page_id=6729"},"modified":"2021-11-22T14:18:23","modified_gmt":"2021-11-22T19:18:23","slug":"hoarding-response-service","status":"publish","type":"page","link":"https:\/\/fswe.ca\/fr\/programs-2\/hoarding-response-service\/","title":{"rendered":"Hoarding Response Service"},"content":{"rendered":"<div class=\"wp-block-columns is-layout-flex wp-container-core-columns-is-layout-9d6595d7 wp-block-columns-is-layout-flex\">\n<div class=\"wp-block-column is-vertically-aligned-center is-layout-flow wp-block-column-is-layout-flow\">\n<p>Through our <strong>Hoarding Response Service<\/strong>, we can help people deal with the clutter in their home and de-clutter to create an organized, safe and healthy place to live. <strong>Hoarding is a complex disorder<\/strong> with three key areas of concern:<\/p>\n<ol class=\"wp-block-list\">\n<li>Collecting too many possessions and having difficulty getting rid of them<\/li>\n<li>Living areas cannot be used for their intended purposes<\/li>\n<li>Significant stress is experienced due to too many possessions<\/li>\n<\/ol>\n<p>People cannot always recognize when their personal clutter has become a hoarding issue. If you suspect that you or someone you know may have a hoarding issue, please contact us at <a href=\"tel:18889331831\">1-888-933-1831<\/a>. We can work with people to organize and manage their home and possessions, while dealing with underlying issues of hoarding.<\/p>\n<h2 class=\"mt-0 pt-0 h3 wp-block-heading\">Resources<\/h2>\n<p>Attached are some *Hoarding Information Documents that may be helpful:<\/p>\n<ul class=\"wp-block-list\">\n<li><a href=\"https:\/\/fswe.ca\/wp-content\/uploads\/2018\/12\/Hoarding-Disorder-Overiew-FSWE.pdf\" target=\"_blank\" rel=\"noreferrer noopener\">Hoarding Disorder Overview<\/a><\/li>\n<li><a href=\"https:\/\/fswe.ca\/wp-content\/uploads\/2018\/12\/How-You-Can-Help-FSWE.pdf\" target=\"_blank\" rel=\"noreferrer noopener\">How You Can Help<\/a><\/li>\n<li><a href=\"https:\/\/fswe.ca\/wp-content\/uploads\/2018\/12\/Differences-between-Hoarding-and-Collecting-FSWE.pdf\" target=\"_blank\" rel=\"noreferrer noopener\">Differences Between Hoarding and Collecting<\/a><\/li>\n<\/ul>\n<p><em>*Materials developed through funding from a <a href=\"https:\/\/www.canada.ca\/en\/employment-social-development\/services\/funding\/new-horizons-seniors-community-based.html\" target=\"_blank\" rel=\"noreferrer noopener\">Government of Canada New Horizon&rsquo;s Grant<\/a>.<\/em><\/p>\n<\/div>\n<div class=\"wp-block-column is-vertically-aligned-center is-layout-flow wp-block-column-is-layout-flow\">\n<figure class=\"wp-block-embed is-type-video is-provider-youtube wp-block-embed-youtube wp-embed-aspect-16-9 wp-has-aspect-ratio\">\n<div class=\"wp-block-embed__wrapper\">\n<iframe loading=\"lazy\" title=\"FSWE&#039;s Elder Abuse and Hoarding Response Service\" width=\"1140\" height=\"641\" src=\"https:\/\/www.youtube.com\/embed\/-Xs--ocLfRw?feature=oembed\" frameborder=\"0\" allow=\"accelerometer; autoplay; clipboard-write; encrypted-media; gyroscope; picture-in-picture; web-share\" referrerpolicy=\"strict-origin-when-cross-origin\" allowfullscreen><\/iframe>\n<\/div>\n<\/figure>\n<\/div>\n<\/div>\n<hr class=\"wp-block-separator is-style-wide\"\/>\n<div class=\"wp-block-columns are-vertically-aligned-center is-layout-flex wp-container-core-columns-is-layout-9d6595d7 wp-block-columns-is-layout-flex\">\n<div class=\"wp-block-column is-vertically-aligned-center is-layout-flow wp-block-column-is-layout-flow\">\n<figure class=\"wp-block-image size-large\"><img loading=\"lazy\" decoding=\"async\" width=\"1024\" height=\"684\" src=\"https:\/\/fswe.ca\/wp-content\/uploads\/2018\/03\/GettyImages-637233726-1024x684.jpg\" alt=\"Sticky tape on the box\" class=\"wp-image-1868\" srcset=\"https:\/\/fswe.ca\/wp-content\/uploads\/2018\/03\/GettyImages-637233726-1024x684.jpg 1024w, https:\/\/fswe.ca\/wp-content\/uploads\/2018\/03\/GettyImages-637233726-300x200.jpg 300w, https:\/\/fswe.ca\/wp-content\/uploads\/2018\/03\/GettyImages-637233726-768x513.jpg 768w, https:\/\/fswe.ca\/wp-content\/uploads\/2018\/03\/GettyImages-637233726.jpg 2048w\" sizes=\"auto, (max-width: 1024px) 100vw, 1024px\" \/><\/figure>\n<\/div>\n<div class=\"wp-block-column is-vertically-aligned-center is-layout-flow wp-block-column-is-layout-flow\">\n<h2 class=\"wp-block-heading\">How does it work?<\/h2>\n<h3 class=\"wp-block-heading\">Meet with our Hoarding Response Worker<\/h3>\n<ul class=\"wp-block-list\">\n<li>Learn about clutter and hoarding<\/li>\n<li>Figure out why there are too many belongings<\/li>\n<li>Review health and safety issues in the home<\/li>\n<li>Develop a plan to get rid of unneeded items<\/li>\n<li>Connect to cleaning services, as needed<\/li>\n<li>Teach how to avoid having too many items in the future<\/li>\n<li>Plan for a healthy and organized home<\/li>\n<\/ul>\n<h3 class=\"wp-block-heading\">Receive Professional Support<\/h3>\n<ul class=\"wp-block-list\">\n<li>Counselling and problem solving support for people throughout the process<\/li>\n<li>Connecting people to other agencies to support them in an organized and healthy home<\/li>\n<li>Helping people to move forward in their life<\/li>\n<\/ul>\n<\/div>\n<\/div>\n<div class=\"wp-block-group full-width mt-5 pb-5 has-background\" style=\"background-color:#f1f1f1\">\n<div class=\"wp-block-group__inner-container is-layout-flow wp-block-group-is-layout-flow\">\n<h2 class=\"wp-block-heading\">Eligibility Criteria<\/h2>\n<p>Open to individuals who are:<\/p>\n<ul class=\"wp-block-list\">\n<li>Receiving Social Assistance,<\/li>\n<li>Living in Subsidized Housing, or<\/li>\n<li>Facing eviction or becoming homeless because of hoarding<\/li>\n<\/ul>\n<p><strong>Referrals<\/strong>: Referrals are not required, but are welcomed from family, friends, advocates and agencies.<br \/><strong>Voluntary:<\/strong> This is a voluntary program. Clients can withdraw from the program at any time.<\/p>\n<\/div>\n<\/div>\n<div id=\"fees\" class=\"wp-block-group\">\n<div class=\"wp-block-group__inner-container is-layout-flow wp-block-group-is-layout-flow\">\n<div style=\"height:35px\" aria-hidden=\"true\" class=\"wp-block-spacer\"><\/div>\n<h2 class=\"wp-block-heading\">Fonctionnement des services de soutien<\/h2>\n<div class=\"wp-block-columns are-vertically-aligned-top is-layout-flex wp-container-core-columns-is-layout-9d6595d7 wp-block-columns-is-layout-flex\">\n<div class=\"wp-block-column is-vertically-aligned-top is-layout-flow wp-block-column-is-layout-flow\">\n<h3 class=\"wp-block-heading\">Les membres de notre personnel de soutien professionnel&nbsp;:<\/h3>\n<ul class=\"wp-block-list\">\n<li>rencontreront les personnes en priv\u00e9 pour parler de leurs probl\u00e8mes;<\/li>\n<li>choisiront quels seront les probl\u00e8mes \u00e0 travailler ensemble;<\/li>\n<li>fourniront des conseils, des services d\u2019intervention et du soutien professionnel pour g\u00e9rer les pr\u00e9occupations;<\/li>\n<li>mettront les individus en contact avec d\u2019autres organismes communautaires, au besoin;<\/li>\n<li>aideront \u00e0 g\u00e9rer toute nouvelle \u00e9preuve qui peut faire surface;<\/li>\n<li>aideront les gens \u00e0 faire face aux changements dans leur vie.<\/li>\n<\/ul>\n<\/div>\n<div class=\"wp-block-column is-vertically-aligned-top is-layout-flow wp-block-column-is-layout-flow\">\n<h3 class=\"wp-block-heading\">Les membres de notre personnel de soutien professionnel&nbsp;:<\/h3>\n<ul class=\"wp-block-list\">\n<li>peuvent apporter du soutien au gens dans leur travail sur plusieurs questions;<\/li>\n<li>concentrent leurs efforts sur la croissance, le d\u00e9veloppement personnel et l\u2019autonomie;<\/li>\n<li>favorisent le bien-\u00eatre g\u00e9n\u00e9ral et la r\u00e9silience globale;<\/li>\n<li>poss\u00e8dent un large \u00e9ventail de comp\u00e9tences cliniques et d\u2019exp\u00e9riences pratiques.<\/li>\n<\/ul>\n<\/div>\n<\/div>\n<div class=\"wp-block-group full-width mt-5 pb-5 has-background\" style=\"background-color:#f1f1f1\">\n<div class=\"wp-block-group__inner-container is-layout-flow wp-block-group-is-layout-flow\">\n<h2 class=\"wp-block-heading\">Quel est le co\u00fbt?<\/h2>\n<p>La plupart de nos services de soutien sont gratuits, \u00e0 moins d\u2019indication contraire pour un programme en particulier. Les dons pour les services de soutien sont grandement appr\u00e9ci\u00e9s. Ces dons nous aident \u00e0 continuer le travail important que nous faisons dans la r\u00e9gion. <strong><a href=\"https:\/\/www.canadahelps.org\/en\/dn\/19813\" target=\"_blank\" rel=\"noreferrer noopener\" title=\"https:\/\/www.canadahelps.org\/en\/dn\/19813\">Faites un don<\/a><\/strong> \u00e0 nos services de soutien d\u00e8s aujourd\u2019hui.<\/p>\n<\/div>\n<\/div>\n<\/div>\n<\/div>\n<div class=\"wp-block-group full-width has-background\" style=\"background-color:#027e9a\">\n<div class=\"wp-block-group__inner-container is-layout-flow wp-block-group-is-layout-flow\">\n<div class=\"wp-block-columns is-layout-flex wp-container-core-columns-is-layout-9d6595d7 wp-block-columns-is-layout-flex\">\n<div class=\"wp-block-column is-vertically-aligned-center is-layout-flow wp-block-column-is-layout-flow\">\n<h2 class=\"has-text-align-left mt-0 mb-0 has-white-color has-text-color wp-block-heading\">Ce service vous int\u00e9resse? Communiquez avec nous d\u00e8s aujourd\u2019hui.<\/h2>\n<\/div>\n<div class=\"wp-block-column is-layout-flow wp-block-column-is-layout-flow\">\n<div class=\"wp-block-buttons is-content-justification-center is-layout-flex wp-block-buttons-is-layout-flex\">\n<div class=\"wp-block-button call\"><a class=\"wp-block-button__link\" href=\"tel:18889331831\">T\u00e9l\u00e9phoner au <strong>1-888-933-1831<\/strong><\/a><\/div>\n<div class=\"wp-block-button email\"><a class=\"wp-block-button__link\" href=\"mailto:info@fswe.ca\">Envoyer un courriel \u00e0 <strong>info@fswe.ca<\/strong><\/a><\/div>\n<\/div>\n<\/div>\n<\/div>\n<\/div>\n<\/div>\n","protected":false},"excerpt":{"rendered":"<p>Through our Hoarding Response Service, we can help people deal with the clutter in their home and de-clutter to create&#8230;<\/p>\n","protected":false},"author":1,"featured_media":7778,"parent":6544,"menu_order":0,"comment_status":"closed","ping_status":"closed","template":"","meta":{"footnotes":""},"class_list":["post-6729","page","type-page","status-publish","has-post-thumbnail","hentry"],"aioseo_notices":[],"_links":{"self":[{"href":"https:\/\/fswe.ca\/fr\/wp-json\/wp\/v2\/pages\/6729","targetHints":{"allow":["GET"]}}],"collection":[{"href":"https:\/\/fswe.ca\/fr\/wp-json\/wp\/v2\/pages"}],"about":[{"href":"https:\/\/fswe.ca\/fr\/wp-json\/wp\/v2\/types\/page"}],"author":[{"embeddable":true,"href":"https:\/\/fswe.ca\/fr\/wp-json\/wp\/v2\/users\/1"}],"replies":[{"embeddable":true,"href":"https:\/\/fswe.ca\/fr\/wp-json\/wp\/v2\/comments?post=6729"}],"version-history":[{"count":0,"href":"https:\/\/fswe.ca\/fr\/wp-json\/wp\/v2\/pages\/6729\/revisions"}],"up":[{"embeddable":true,"href":"https:\/\/fswe.ca\/fr\/wp-json\/wp\/v2\/pages\/6544"}],"wp:featuredmedia":[{"embeddable":true,"href":"https:\/\/fswe.ca\/fr\/wp-json\/wp\/v2\/media\/7778"}],"wp:attachment":[{"href":"https:\/\/fswe.ca\/fr\/wp-json\/wp\/v2\/media?parent=6729"}],"curies":[{"name":"wp","href":"https:\/\/api.w.org\/{rel}","templated":true}]}}