{"id":7172,"date":"2021-02-08T15:43:26","date_gmt":"2021-02-08T20:43:26","guid":{"rendered":"https:\/\/dev.fswe.ca\/?page_id=7172"},"modified":"2026-03-03T12:25:59","modified_gmt":"2026-03-03T17:25:59","slug":"accueil-2-2","status":"publish","type":"page","link":"https:\/\/fswe.ca\/fr\/","title":{"rendered":"Accueil"},"content":{"rendered":"<div class=\"wp-block-group alignfull is-content-justification-center\" style=\"margin-top:0;margin-bottom:0\">\n<div class=\"wp-block-group__inner-container is-layout-constrained wp-block-group-is-layout-constrained\">\n<div style=\"height:var(--wp--preset--spacing--20)\" aria-hidden=\"true\" class=\"wp-block-spacer\"><\/div>\n<div class=\"wp-block-media-text alignfull has-media-on-the-right is-stacked-on-mobile is-vertically-aligned-center is-style-default has-white-background-color has-background\" style=\"grid-template-columns:auto 56%\">\n<div class=\"wp-block-media-text__content\">\n<h1 class=\"wp-block-heading has-text-color\" style=\"color:#009fc2\">Besoin d\u2019en parler?<br \/>Nous pouvons vous aider!<\/h1>\n<div style=\"height:20px\" aria-hidden=\"true\" class=\"wp-block-spacer\"><\/div>\n<p class=\"has-text-color has-link-color has-medium-font-size wp-elements-28c9c90636c40523c81a4f838ae956a1\" style=\"color:#009fc2;line-height:1.1\">FSWE offre une exp\u00e9rience de counselling professionnelle et confidentielle en laquelle vous pouvez avoir confiance. Nous proposons des options de paiement flexibles pour vous mettre en relation avec un(e) conseiller(\u00e8re), ainsi qu\u2019un \u00e9ventail d\u2019heures de rendez-vous pour s\u2019adapter \u00e0 votre horaire.<\/p>\n<div style=\"height:20px\" aria-hidden=\"true\" class=\"wp-block-spacer\"><\/div>\n<p class=\"has-text-color has-medium-font-size\" style=\"color:#009fc2;line-height:1.1\">Au service de la communaut\u00e9 de Windsor-Essex depuis les ann\u00e9es 1950, FSWE apporte des d\u00e9cennies d\u2019exp\u00e9rience et de bienveillance \u00e0 chaque personne que nous accompagnons. Pr\u00eat(e) \u00e0 faire le premier pas? Demandez un rappel d\u2019un membre de notre \u00e9quipe du Service \u00e0 la client\u00e8le pour en savoir plus sur la marche \u00e0 suivre.<\/p>\n<div style=\"height:20px\" aria-hidden=\"true\" class=\"wp-block-spacer\"><\/div>\n<div class=\"wp-block-buttons is-layout-flex wp-block-buttons-is-layout-flex\">\n<div class=\"wp-block-button\"><a class=\"wp-block-button__link has-background wp-element-button\" href=\"https:\/\/search.caredove.com\/service\/24783\/request\" style=\"background-color:#d76e04\">Prendre rendez-vous<\/a><\/div>\n<\/div>\n<div style=\"height:20px\" aria-hidden=\"true\" class=\"wp-block-spacer\"><\/div>\n<\/div>\n<figure class=\"wp-block-media-text__media\"><img loading=\"lazy\" decoding=\"async\" width=\"750\" height=\"500\" src=\"https:\/\/fswe.ca\/wp-content\/uploads\/2026\/02\/Website-Refresh-Home-Page-Grahpic-7.png\" alt=\"\" class=\"wp-image-12801 size-full\" srcset=\"https:\/\/fswe.ca\/wp-content\/uploads\/2026\/02\/Website-Refresh-Home-Page-Grahpic-7.png 750w, https:\/\/fswe.ca\/wp-content\/uploads\/2026\/02\/Website-Refresh-Home-Page-Grahpic-7-300x200.png 300w\" sizes=\"auto, (max-width: 750px) 100vw, 750px\" \/><\/figure>\n<\/div>\n<div style=\"height:100px\" aria-hidden=\"true\" class=\"wp-block-spacer\"><\/div>\n<\/div>\n<\/div>\n<div class=\"wp-block-columns is-layout-flex wp-container-core-columns-is-layout-9d6595d7 wp-block-columns-is-layout-flex\">\n<div class=\"wp-block-column is-vertically-aligned-top is-layout-flow wp-block-column-is-layout-flow\">\n<div class=\"wp-block-image\">\n<figure class=\"aligncenter size-full\"><a href=\"https:\/\/fswe.ca\/fr\/nos-services-2\/services-de-counseling\/\"><img loading=\"lazy\" decoding=\"async\" width=\"300\" height=\"300\" src=\"https:\/\/fswe.ca\/wp-content\/uploads\/2026\/02\/10.png\" alt=\"\" class=\"wp-image-12842\" srcset=\"https:\/\/fswe.ca\/wp-content\/uploads\/2026\/02\/10.png 300w, https:\/\/fswe.ca\/wp-content\/uploads\/2026\/02\/10-150x150.png 150w\" sizes=\"auto, (max-width: 300px) 100vw, 300px\" \/><\/a><\/figure>\n<\/div>\n<\/div>\n<div class=\"wp-block-column is-layout-flow wp-block-column-is-layout-flow\">\n<div class=\"wp-block-image\">\n<figure class=\"aligncenter size-full\"><a href=\"https:\/\/fswe.ca\/fr\/nos-services-2\/\"><img loading=\"lazy\" decoding=\"async\" width=\"300\" height=\"300\" src=\"https:\/\/fswe.ca\/wp-content\/uploads\/2026\/02\/12.png\" alt=\"\" class=\"wp-image-12852\" srcset=\"https:\/\/fswe.ca\/wp-content\/uploads\/2026\/02\/12.png 300w, https:\/\/fswe.ca\/wp-content\/uploads\/2026\/02\/12-150x150.png 150w\" sizes=\"auto, (max-width: 300px) 100vw, 300px\" \/><\/a><\/figure>\n<\/div>\n<\/div>\n<div class=\"wp-block-column is-layout-flow wp-block-column-is-layout-flow\">\n<div class=\"wp-block-image\">\n<figure class=\"aligncenter size-full\"><a href=\"http:\/\/www.monpaesf.ca\"><img loading=\"lazy\" decoding=\"async\" width=\"300\" height=\"300\" src=\"https:\/\/fswe.ca\/wp-content\/uploads\/2026\/02\/14.png\" alt=\"\" class=\"wp-image-12850\" srcset=\"https:\/\/fswe.ca\/wp-content\/uploads\/2026\/02\/14.png 300w, https:\/\/fswe.ca\/wp-content\/uploads\/2026\/02\/14-150x150.png 150w\" sizes=\"auto, (max-width: 300px) 100vw, 300px\" \/><\/a><\/figure>\n<\/div>\n<\/div>\n<\/div>\n<div class=\"wp-block-columns is-layout-flex wp-container-core-columns-is-layout-9d6595d7 wp-block-columns-is-layout-flex\">\n<div class=\"wp-block-column is-vertically-aligned-top is-layout-flow wp-block-column-is-layout-flow\">\n<div class=\"wp-block-image\">\n<figure class=\"aligncenter size-full\"><a href=\"https:\/\/fswe.ca\/fr\/a-propos-de-nous\/notre-equipe\/\"><img loading=\"lazy\" decoding=\"async\" width=\"300\" height=\"300\" src=\"https:\/\/fswe.ca\/wp-content\/uploads\/2026\/02\/18.png\" alt=\"\" class=\"wp-image-12846\" srcset=\"https:\/\/fswe.ca\/wp-content\/uploads\/2026\/02\/18.png 300w, https:\/\/fswe.ca\/wp-content\/uploads\/2026\/02\/18-150x150.png 150w\" sizes=\"auto, (max-width: 300px) 100vw, 300px\" \/><\/a><\/figure>\n<\/div>\n<\/div>\n<div class=\"wp-block-column is-layout-flow wp-block-column-is-layout-flow\">\n<div class=\"wp-block-image\">\n<figure class=\"aligncenter size-full\"><a href=\"https:\/\/fswe.ca\/fr\/nos-services-2\/service-de-production-de-declaration-de-revenus\/\"><img loading=\"lazy\" decoding=\"async\" width=\"300\" height=\"300\" src=\"https:\/\/fswe.ca\/wp-content\/uploads\/2026\/02\/16.png\" alt=\"\" class=\"wp-image-12848\" srcset=\"https:\/\/fswe.ca\/wp-content\/uploads\/2026\/02\/16.png 300w, https:\/\/fswe.ca\/wp-content\/uploads\/2026\/02\/16-150x150.png 150w\" sizes=\"auto, (max-width: 300px) 100vw, 300px\" \/><\/a><\/figure>\n<\/div>\n<\/div>\n<div class=\"wp-block-column is-layout-flow wp-block-column-is-layout-flow\">\n<div class=\"wp-block-image\">\n<figure class=\"aligncenter size-full\"><a href=\"https:\/\/fswe.ca\/fr\/nous-joindre\/\"><img loading=\"lazy\" decoding=\"async\" width=\"300\" height=\"300\" src=\"https:\/\/fswe.ca\/wp-content\/uploads\/2026\/02\/20.png\" alt=\"\" class=\"wp-image-12844\" srcset=\"https:\/\/fswe.ca\/wp-content\/uploads\/2026\/02\/20.png 300w, https:\/\/fswe.ca\/wp-content\/uploads\/2026\/02\/20-150x150.png 150w\" sizes=\"auto, (max-width: 300px) 100vw, 300px\" \/><\/a><\/figure>\n<\/div>\n<\/div>\n<\/div>\n","protected":false},"excerpt":{"rendered":"<p>Besoin d\u2019en parler?Nous pouvons vous aider! FSWE offre une exp\u00e9rience de counselling professionnelle et confidentielle en laquelle vous pouvez avoir&#8230;<\/p>\n","protected":false},"author":1,"featured_media":0,"parent":0,"menu_order":0,"comment_status":"closed","ping_status":"closed","template":"","meta":{"footnotes":""},"class_list":["post-7172","page","type-page","status-publish","hentry"],"aioseo_notices":[],"_links":{"self":[{"href":"https:\/\/fswe.ca\/fr\/wp-json\/wp\/v2\/pages\/7172","targetHints":{"allow":["GET"]}}],"collection":[{"href":"https:\/\/fswe.ca\/fr\/wp-json\/wp\/v2\/pages"}],"about":[{"href":"https:\/\/fswe.ca\/fr\/wp-json\/wp\/v2\/types\/page"}],"author":[{"embeddable":true,"href":"https:\/\/fswe.ca\/fr\/wp-json\/wp\/v2\/users\/1"}],"replies":[{"embeddable":true,"href":"https:\/\/fswe.ca\/fr\/wp-json\/wp\/v2\/comments?post=7172"}],"version-history":[{"count":0,"href":"https:\/\/fswe.ca\/fr\/wp-json\/wp\/v2\/pages\/7172\/revisions"}],"wp:attachment":[{"href":"https:\/\/fswe.ca\/fr\/wp-json\/wp\/v2\/media?parent=7172"}],"curies":[{"name":"wp","href":"https:\/\/api.w.org\/{rel}","templated":true}]}}