{"id":7198,"date":"2021-02-09T11:51:33","date_gmt":"2021-02-09T16:51:33","guid":{"rendered":"https:\/\/dev.fswe.ca\/?page_id=7198"},"modified":"2021-02-24T16:04:47","modified_gmt":"2021-02-24T21:04:47","slug":"politique-de-confidentialite-et-protection-de-la-vie-privee","status":"publish","type":"page","link":"https:\/\/fswe.ca\/fr\/a-propos-de-nous\/politique-de-confidentialite-et-protection-de-la-vie-privee\/","title":{"rendered":"Politique de confidentialit\u00e9 et protection de la vie priv\u00e9e"},"content":{"rendered":"<p>L\u2019Organisme Services \u00e0 la famille Windsor-Essex (d\u00e9sign\u00e9 sous l\u2019acronyme de \u00ab SFWE \u00bb aux pr\u00e9sentes) respecte et prot\u00e8ge la confidentialit\u00e9 de tous les renseignements qui lui sont confi\u00e9s, sauf si leur divulgation est autoris\u00e9e ou exig\u00e9e par la loi.<\/p>\n<p><strong>Les renseignements ci-dessous sont consid\u00e9r\u00e9s confidentiels :<\/strong><\/p>\n<ul class=\"wp-block-list\">\n<li>toute forme de renseignements concernant tout individu qui utilise les services offerts par SFWE (d\u00e9sign\u00e9 sous le nom de&nbsp; \u00ab client(e) \u00bb aux pr\u00e9sentes);<\/li>\n<li>tout contrat;<\/li>\n<li>tout dossier et toute proc\u00e9dure des ressources humaines;<\/li>\n<li>tout renseignement sur les donn\u00e9es financi\u00e8res, la situation financi\u00e8re et les \u00e9tats financiers;<\/li>\n<li>tout renseignement ou document marqu\u00e9 \u00ab confidentiel \u00bb par SFWE, ou d\u00e9sign\u00e9 \u00e0 ce titre dans<br \/>un m\u00e9morandum distinct, ou tout courriel comprenant un avis de confidentialit\u00e9;<\/li>\n<li>tout renseignement concernant les donateurs(trices) ou les membres de SFWE.<\/li>\n<\/ul>\n<p>Vous pouvez avoir acc\u00e8s au document entier de la politique en communiquant avec l\u2019agent(e) de la protection de la vie priv\u00e9e par courriel \u00e0 l\u2019adresse <a href=\"mailto:access@fswe.ca\">access@fswe.ca<\/a>, par t\u00e9l\u00e9phone, ou encore en vous pr\u00e9sentant \u00e0 notre bureau.<\/p>\n<div style=\"height:50px\" aria-hidden=\"true\" class=\"wp-block-spacer\"><\/div>\n<div class=\"wp-block-group full-width has-background\" style=\"background-color:#f1f1f1\">\n<div class=\"wp-block-group__inner-container is-layout-flow wp-block-group-is-layout-flow\">\n<div class=\"wp-block-buttons aligncenter is-layout-flex wp-block-buttons-is-layout-flex\">\n<div class=\"wp-block-button call\"><a class=\"wp-block-button__link\" href=\"tel:18889331831\">T\u00e9l\u00e9phoner au <strong>1-888-933-1831<\/strong><\/a><\/div>\n<div class=\"wp-block-button email\"><a class=\"wp-block-button__link\" href=\"mailto:info@fswe.ca\">Envoyer un courriel \u00e0 <strong>info@fswe.ca<\/strong><\/a><\/div>\n<\/div>\n<\/div>\n<\/div>\n","protected":false},"excerpt":{"rendered":"<p>L\u2019Organisme Services \u00e0 la famille Windsor-Essex (d\u00e9sign\u00e9 sous l\u2019acronyme de \u00ab SFWE \u00bb aux pr\u00e9sentes) respecte et prot\u00e8ge la confidentialit\u00e9&#8230;<\/p>\n","protected":false},"author":5,"featured_media":0,"parent":7241,"menu_order":0,"comment_status":"closed","ping_status":"closed","template":"","meta":{"footnotes":""},"class_list":["post-7198","page","type-page","status-publish","hentry"],"aioseo_notices":[],"_links":{"self":[{"href":"https:\/\/fswe.ca\/fr\/wp-json\/wp\/v2\/pages\/7198","targetHints":{"allow":["GET"]}}],"collection":[{"href":"https:\/\/fswe.ca\/fr\/wp-json\/wp\/v2\/pages"}],"about":[{"href":"https:\/\/fswe.ca\/fr\/wp-json\/wp\/v2\/types\/page"}],"author":[{"embeddable":true,"href":"https:\/\/fswe.ca\/fr\/wp-json\/wp\/v2\/users\/5"}],"replies":[{"embeddable":true,"href":"https:\/\/fswe.ca\/fr\/wp-json\/wp\/v2\/comments?post=7198"}],"version-history":[{"count":0,"href":"https:\/\/fswe.ca\/fr\/wp-json\/wp\/v2\/pages\/7198\/revisions"}],"up":[{"embeddable":true,"href":"https:\/\/fswe.ca\/fr\/wp-json\/wp\/v2\/pages\/7241"}],"wp:attachment":[{"href":"https:\/\/fswe.ca\/fr\/wp-json\/wp\/v2\/media?parent=7198"}],"curies":[{"name":"wp","href":"https:\/\/api.w.org\/{rel}","templated":true}]}}