{"id":7236,"date":"2021-02-19T15:20:39","date_gmt":"2021-02-19T20:20:39","guid":{"rendered":"https:\/\/dev.fswe.ca\/?page_id=7236"},"modified":"2026-02-03T12:40:50","modified_gmt":"2026-02-03T17:40:50","slug":"nos-services-2","status":"publish","type":"page","link":"https:\/\/fswe.ca\/fr\/nos-services-2\/","title":{"rendered":"Tous les programmes"},"content":{"rendered":"<p class=\"has-medium-font-size\">D\u00e9couvrez nos programmes ci-dessous et apprenez-en davantage sur les services que nous offrons partout \u00e0 Windsor-Essex.<\/p>\n<div class=\"wp-block-columns is-layout-flex wp-container-core-columns-is-layout-9d6595d7 wp-block-columns-is-layout-flex\">\n<div class=\"wp-block-column is-layout-flow wp-block-column-is-layout-flow\">\n<h2 class=\"wp-block-heading has-text-color has-link-color wp-elements-27152cafc3ac5fcd6db9e1f877602af4\" style=\"color:#00a3d1\"><strong><a href=\"https:\/\/fswe.ca\/nos-services-2\/services-de-counseling\/?lang=fr\" title=\"\">Soutiens en counselling<\/a><\/strong><\/h2>\n<div style=\"height:20px\" aria-hidden=\"true\" class=\"wp-block-spacer\"><\/div>\n<p class=\"has-medium-font-size\">Prenez rendez-vous avec un(e) conseiller(\u00e8re) qualifi\u00e9(e), acc\u00e9dez \u00e0 du counselling le jour m\u00eame (sans rendez-vous) ou inscrivez-vous \u00e0 du counselling de groupe.<\/p>\n<\/div>\n<div class=\"wp-block-column is-layout-flow wp-block-column-is-layout-flow\" style=\"flex-basis:30%\"><\/div>\n<\/div>\n<div class=\"wp-block-columns is-layout-flex wp-container-core-columns-is-layout-9d6595d7 wp-block-columns-is-layout-flex\">\n<div class=\"wp-block-column is-layout-flow wp-block-column-is-layout-flow\">\n<h2 class=\"wp-block-heading has-text-color has-link-color wp-elements-f9b2819d6a83dc3ea6cc4758ff26bdf4\" style=\"color:#00a3d1\"><strong><a href=\"https:\/\/fswe.ca\/nos-services-2\/service-des-travailleurs-de-rue-et-soutien-des-personnes-en-situation-ditinerance\/?lang=fr\" title=\"\">Service des travailleurs de rue et soutien des personnes en situation d\u2019itin\u00e9rance<\/a><\/strong><\/h2>\n<div style=\"height:20px\" aria-hidden=\"true\" class=\"wp-block-spacer\"><\/div>\n<p class=\"has-medium-font-size\">Renseignez-vous sur notre programme de logement transitoire pour les jeunes, qui soutient les jeunes \u00e0 risque d\u2019itin\u00e9rance, ainsi que sur nos services d\u2019intervention de proximit\u00e9, qui offrent des articles de premi\u00e8re n\u00e9cessit\u00e9 et d\u2019autres formes d\u2019aide imm\u00e9diate aux personnes en situation d\u2019itin\u00e9rance.<\/p>\n<\/div>\n<div class=\"wp-block-column is-layout-flow wp-block-column-is-layout-flow\" style=\"flex-basis:30%\"><\/div>\n<\/div>\n<div class=\"wp-block-columns is-layout-flex wp-container-core-columns-is-layout-9d6595d7 wp-block-columns-is-layout-flex\">\n<div class=\"wp-block-column is-layout-flow wp-block-column-is-layout-flow\">\n<h2 class=\"wp-block-heading has-text-color has-link-color wp-elements-1c1406d6ddf5315cd4e84901559f284a\" style=\"color:#00a3d1\"><strong><a href=\"https:\/\/fswe.ca\/nos-services-2\/essex-county-homelessness-hub\/?lang=fr\" title=\"\">Essex County Homelessness Hub<\/a><\/strong><\/h2>\n<div style=\"height:20px\" aria-hidden=\"true\" class=\"wp-block-spacer\"><\/div>\n<p class=\"has-medium-font-size\">Le Carrefour de lutte contre l\u2019itin\u00e9rance du comt\u00e9 d\u2019Essex (ECH2) est un service sans rendez-vous con\u00e7u pour r\u00e9pondre aux besoins particuliers des personnes et des familles du comt\u00e9 d\u2019Essex qui vivent l\u2019itin\u00e9rance ou qui risquent de la vivre.<\/p>\n<\/div>\n<div class=\"wp-block-column is-layout-flow wp-block-column-is-layout-flow\" style=\"flex-basis:30%\"><\/div>\n<\/div>\n<div class=\"wp-block-columns is-layout-flex wp-container-core-columns-is-layout-9d6595d7 wp-block-columns-is-layout-flex\">\n<div class=\"wp-block-column is-layout-flow wp-block-column-is-layout-flow\">\n<h2 class=\"wp-block-heading has-text-color has-link-color wp-elements-fb3af5716e6656a930509281305bdeca\" style=\"color:#00a3d1\"><strong><a href=\"https:\/\/fswe.ca\/nos-services-2\/programme-de-curatelle-volontaire-et-de-culture-financiere\/?lang=fr\" title=\"\">Programme de curatelle volontaire et culture financi\u00e8re<\/a><\/strong><\/h2>\n<div style=\"height:20px\" aria-hidden=\"true\" class=\"wp-block-spacer\"><\/div>\n<p class=\"has-medium-font-size\">Gr\u00e2ce \u00e0 notre programme de tutelle volontaire et de litt\u00e9ratie financi\u00e8re, nous aidons les personnes \u00e0 mieux g\u00e9rer leur argent, \u00e0 payer leurs factures \u00e0 temps et \u00e0 acqu\u00e9rir des notions de base en gestion budg\u00e9taire.<\/p>\n<\/div>\n<div class=\"wp-block-column is-layout-flow wp-block-column-is-layout-flow\" style=\"flex-basis:30%\"><\/div>\n<\/div>\n<div class=\"wp-block-columns is-layout-flex wp-container-core-columns-is-layout-9d6595d7 wp-block-columns-is-layout-flex\">\n<div class=\"wp-block-column is-layout-flow wp-block-column-is-layout-flow\">\n<h2 class=\"wp-block-heading has-text-color has-link-color wp-elements-da50c41fccc49f0d87121489e20c1308\" style=\"color:#00a3d1\"><strong><a href=\"https:\/\/fswe.ca\/nos-services-2\/service-dintervention-contre-la-maltraitance-des-personnes-agees\/?lang=fr\" title=\"\">Service d\u2019intervention contre la maltraitance des personnes \u00e2g\u00e9es<\/a><\/strong><\/h2>\n<div style=\"height:20px\" aria-hidden=\"true\" class=\"wp-block-spacer\"><\/div>\n<p class=\"has-medium-font-size\">Gr\u00e2ce \u00e0 notre Service d\u2019intervention en cas de maltraitance envers les a\u00een\u00e9s, nous aidons les personnes \u00e2g\u00e9es \u00e0 faire face \u00e0 la n\u00e9gligence, \u00e0 l\u2019intimidation et \u00e0 la maltraitance.<\/p>\n<\/div>\n<div class=\"wp-block-column is-layout-flow wp-block-column-is-layout-flow\" style=\"flex-basis:30%\"><\/div>\n<\/div>\n<div class=\"wp-block-columns is-layout-flex wp-container-core-columns-is-layout-9d6595d7 wp-block-columns-is-layout-flex\">\n<div class=\"wp-block-column is-layout-flow wp-block-column-is-layout-flow\">\n<h2 class=\"wp-block-heading has-text-color has-link-color wp-elements-9bd5dfd156b1b9a3886ad83fa2f6522a\" style=\"color:#00a3d1\"><strong><a href=\"https:\/\/fswe.ca\/nos-services-2\/programme-de-protection-des-adultes\/?lang=fr\" title=\"\">Programme de protection des adultes<\/a><\/strong><\/h2>\n<div style=\"height:20px\" aria-hidden=\"true\" class=\"wp-block-spacer\"><\/div>\n<p class=\"has-medium-font-size\">Gr\u00e2ce \u00e0 notre programme de protection des adultes, nous aidons les adultes ayant une d\u00e9ficience d\u00e9veloppementale \u00e0 vivre dans la communaut\u00e9 tout en maintenant leur autonomie. Notre personnel offre de la d\u00e9fense des droits, met les personnes en lien avec des occasions de participation significatives et soutient leur sant\u00e9 et leur bien-\u00eatre.<\/p>\n<\/div>\n<div class=\"wp-block-column is-layout-flow wp-block-column-is-layout-flow\" style=\"flex-basis:30%\"><\/div>\n<\/div>\n<div class=\"wp-block-columns is-layout-flex wp-container-core-columns-is-layout-9d6595d7 wp-block-columns-is-layout-flex\">\n<div class=\"wp-block-column is-layout-flow wp-block-column-is-layout-flow\">\n<h2 class=\"wp-block-heading has-text-color has-link-color wp-elements-92da364b442a56b5ae7c3f1d53ea80ee\" style=\"color:#00a3d1\"><strong><a href=\"https:\/\/fswe.ca\/nos-services-2\/programme-avenues\/?lang=fr\" title=\"\">Avenues Program<\/a><\/strong><\/h2>\n<div style=\"height:20px\" aria-hidden=\"true\" class=\"wp-block-spacer\"><\/div>\n<p class=\"has-medium-font-size\">Nous offrons un soutien personnalis\u00e9 pour aider les personnes \u00e0 g\u00e9rer leur financement <em>Passport<\/em>. Le soutien comprend l\u2019\u00e9tablissement d\u2019un budget, la dotation, la gestion financi\u00e8re et la d\u00e9fense des droits.<\/p>\n<\/div>\n<div class=\"wp-block-column is-layout-flow wp-block-column-is-layout-flow\" style=\"flex-basis:30%\"><\/div>\n<\/div>\n<div class=\"wp-block-columns is-layout-flex wp-container-core-columns-is-layout-9d6595d7 wp-block-columns-is-layout-flex\">\n<div class=\"wp-block-column is-layout-flow wp-block-column-is-layout-flow\">\n<h2 class=\"wp-block-heading has-text-color has-link-color wp-elements-551d478b68c32f102d392df00dd42205\" style=\"color:#00a3d1\"><strong><a href=\"https:\/\/fswe.ca\/nos-services-2\/programme-dintervention-aupres-des-partenaires-violents-pipv\/?lang=fr\" title=\"\">Programme d\u2019intervention aupr\u00e8s des partenaires violents (PIPV)<\/a><\/strong><\/h2>\n<div style=\"height:20px\" aria-hidden=\"true\" class=\"wp-block-spacer\"><\/div>\n<p class=\"has-medium-font-size\">Le Programme d\u2019intervention aupr\u00e8s des partenaires violents (PIPV) est une initiative judiciaire en mati\u00e8re de violence conjugale qui offre, dans la communaut\u00e9, des services sp\u00e9cialis\u00e9s de groupe ax\u00e9s sur l\u2019\u00e9ducation et le counselling pour les personnes ayant commis des actes de violence conjugale.<\/p>\n<\/div>\n<div class=\"wp-block-column is-layout-flow wp-block-column-is-layout-flow\" style=\"flex-basis:30%\"><\/div>\n<\/div>\n<div class=\"wp-block-columns is-layout-flex wp-container-core-columns-is-layout-9d6595d7 wp-block-columns-is-layout-flex\">\n<div class=\"wp-block-column is-layout-flow wp-block-column-is-layout-flow\">\n<h2 class=\"wp-block-heading has-text-color has-link-color wp-elements-99690d0d2e649ac2c7b1ae9a5aff7823\" style=\"color:#00a3d1\"><strong><a href=\"https:\/\/fswe.ca\/nos-services-2\/service-de-production-de-declaration-de-revenus\/?lang=fr\" title=\"\">Service de production de d\u00e9claration de revenus<\/a><\/strong><\/h2>\n<div style=\"height:20px\" aria-hidden=\"true\" class=\"wp-block-spacer\"><\/div>\n<p class=\"has-medium-font-size\">Nous pouvons pr\u00e9parer et soumettre des d\u00e9clarations de revenus pour les personnes seules et les couples ayant une situation fiscale simple et un revenu modeste.<\/p>\n<\/div>\n<div class=\"wp-block-column is-layout-flow wp-block-column-is-layout-flow\" style=\"flex-basis:30%\"><\/div>\n<\/div>\n<div style=\"height:100px\" aria-hidden=\"true\" class=\"wp-block-spacer\"><\/div>\n<\/p>\n<div class=\"wp-block-group full-width has-background\" style=\"background-color:#f1f1f1\">\n<div class=\"wp-block-group__inner-container is-layout-flow wp-block-group-is-layout-flow\">\n<div class=\"wp-block-buttons aligncenter is-layout-flex wp-block-buttons-is-layout-flex\">\n<div class=\"wp-block-button call\"><a class=\"wp-block-button__link\" href=\"tel:18889331831\">T\u00e9l\u00e9phoner au <strong>1-888-933-1831<\/strong><\/a><\/div>\n<div class=\"wp-block-button email\"><a class=\"wp-block-button__link\" href=\"mailto:info@fswe.ca\">Envoyer un courriel \u00e0 <strong>info@fswe.ca<\/strong><\/a><\/div>\n<\/div>\n<\/div>\n<\/div>\n","protected":false},"excerpt":{"rendered":"<p>D\u00e9couvrez nos programmes ci-dessous et apprenez-en davantage sur les services que nous offrons partout \u00e0 Windsor-Essex. Soutiens en counselling Prenez&#8230;<\/p>\n","protected":false},"author":5,"featured_media":0,"parent":0,"menu_order":0,"comment_status":"closed","ping_status":"closed","template":"","meta":{"footnotes":""},"class_list":["post-7236","page","type-page","status-publish","hentry"],"aioseo_notices":[],"_links":{"self":[{"href":"https:\/\/fswe.ca\/fr\/wp-json\/wp\/v2\/pages\/7236","targetHints":{"allow":["GET"]}}],"collection":[{"href":"https:\/\/fswe.ca\/fr\/wp-json\/wp\/v2\/pages"}],"about":[{"href":"https:\/\/fswe.ca\/fr\/wp-json\/wp\/v2\/types\/page"}],"author":[{"embeddable":true,"href":"https:\/\/fswe.ca\/fr\/wp-json\/wp\/v2\/users\/5"}],"replies":[{"embeddable":true,"href":"https:\/\/fswe.ca\/fr\/wp-json\/wp\/v2\/comments?post=7236"}],"version-history":[{"count":0,"href":"https:\/\/fswe.ca\/fr\/wp-json\/wp\/v2\/pages\/7236\/revisions"}],"wp:attachment":[{"href":"https:\/\/fswe.ca\/fr\/wp-json\/wp\/v2\/media?parent=7236"}],"curies":[{"name":"wp","href":"https:\/\/api.w.org\/{rel}","templated":true}]}}