{"id":7241,"date":"2021-02-22T17:06:23","date_gmt":"2021-02-22T22:06:23","guid":{"rendered":"https:\/\/dev.fswe.ca\/?page_id=7241"},"modified":"2021-04-30T17:40:26","modified_gmt":"2021-04-30T21:40:26","slug":"a-propos-de-nous","status":"publish","type":"page","link":"https:\/\/fswe.ca\/fr\/a-propos-de-nous\/","title":{"rendered":"\u00c0 propos de nous"},"content":{"rendered":"<div class=\"wp-block-columns programs is-layout-flex wp-container-core-columns-is-layout-9d6595d7 wp-block-columns-is-layout-flex\" id=\"get-involved\">\n<div class=\"wp-block-column is-layout-flow wp-block-column-is-layout-flow\">\n<figure class=\"wp-block-image size-full is-resized\"><a href=\"https:\/\/fswe.ca\/a-propos-de-nous\/notre-equipe\/?lang=fr\"><img loading=\"lazy\" decoding=\"async\" src=\"https:\/\/fswe.ca\/wp-content\/uploads\/2021\/04\/Our-Team-Small-FR-1-300x300.png\" alt=\"Logo de l\u2019Organisme Services \u00e0 la famille Windsor-Essex\" class=\"wp-image-8247\" width=\"300\" height=\"300\" srcset=\"https:\/\/fswe.ca\/wp-content\/uploads\/2021\/04\/Our-Team-Small-FR-1-300x300.png 300w, https:\/\/fswe.ca\/wp-content\/uploads\/2021\/04\/Our-Team-Small-FR-1-150x150.png 150w, https:\/\/fswe.ca\/wp-content\/uploads\/2021\/04\/Our-Team-Small-FR-1.png 600w\" sizes=\"auto, (max-width: 300px) 100vw, 300px\" \/><\/a><\/figure>\n<h2 class=\"has-text-align-center h3 wp-block-heading\">Notre \u00e9quipe<\/h2>\n<\/div>\n<div class=\"wp-block-column is-layout-flow wp-block-column-is-layout-flow\">\n<figure class=\"wp-block-image size-full is-resized\"><a href=\"https:\/\/fswe.ca\/a-propos-de-nous\/notre-objectif\/?lang=fr\"><img loading=\"lazy\" decoding=\"async\" src=\"https:\/\/fswe.ca\/wp-content\/uploads\/2021\/04\/Our-Purpose-small-FR-300x300.png\" alt=\"Une petite plante qui commence \u00e0 pousser hors du sol.\" class=\"wp-image-8245\" width=\"300\" height=\"300\" srcset=\"https:\/\/fswe.ca\/wp-content\/uploads\/2021\/04\/Our-Purpose-small-FR-300x300.png 300w, https:\/\/fswe.ca\/wp-content\/uploads\/2021\/04\/Our-Purpose-small-FR-150x150.png 150w, https:\/\/fswe.ca\/wp-content\/uploads\/2021\/04\/Our-Purpose-small-FR.png 600w\" sizes=\"auto, (max-width: 300px) 100vw, 300px\" \/><\/a><\/figure>\n<h2 class=\"has-text-align-center h3 wp-block-heading\">Notre objectif<\/h2>\n<\/p>\n<\/div>\n<div class=\"wp-block-column is-layout-flow wp-block-column-is-layout-flow\">\n<figure class=\"wp-block-image size-full is-resized\"><img loading=\"lazy\" decoding=\"async\" src=\"https:\/\/fswe.ca\/wp-content\/uploads\/2021\/04\/Governance-FR.png\" alt=\"Une salle de rencontre avec une grande table en bois avec six chaises de bureau en cuir noir autour de la table\" class=\"wp-image-8156\" width=\"512\" height=\"216\" srcset=\"https:\/\/fswe.ca\/wp-content\/uploads\/2021\/04\/Governance-FR.png 2048w, https:\/\/fswe.ca\/wp-content\/uploads\/2021\/04\/Governance-FR-300x127.png 300w, https:\/\/fswe.ca\/wp-content\/uploads\/2021\/04\/Governance-FR-1024x433.png 1024w, https:\/\/fswe.ca\/wp-content\/uploads\/2021\/04\/Governance-FR-768x324.png 768w, https:\/\/fswe.ca\/wp-content\/uploads\/2021\/04\/Governance-FR-1536x649.png 1536w\" sizes=\"auto, (max-width: 512px) 100vw, 512px\" \/><\/figure>\n<h2 class=\"has-text-align-center h3 wp-block-heading\">Gouvernance<\/h2>\n<\/p>\n<\/div>\n<div class=\"wp-block-column is-layout-flow wp-block-column-is-layout-flow\">\n<figure class=\"wp-block-image size-full is-resized\"><a href=\"https:\/\/fswe.ca\/a-propos-de-nous\/responsabilite-confidentialite-et-protection-de-la-vie-privee\/?lang=fr\"><img loading=\"lazy\" decoding=\"async\" src=\"https:\/\/fswe.ca\/wp-content\/uploads\/2021\/04\/Privacy-FR.png\" alt=\"Une interpr\u00e9tation graphique d\u2019un fichier \u00e9lectronique avec les chiffres 1 et 0 \u00e0 l\u2019arri\u00e8re-plan\" class=\"wp-image-8158\" width=\"512\" height=\"216\" srcset=\"https:\/\/fswe.ca\/wp-content\/uploads\/2021\/04\/Privacy-FR.png 2048w, https:\/\/fswe.ca\/wp-content\/uploads\/2021\/04\/Privacy-FR-300x127.png 300w, https:\/\/fswe.ca\/wp-content\/uploads\/2021\/04\/Privacy-FR-1024x433.png 1024w, https:\/\/fswe.ca\/wp-content\/uploads\/2021\/04\/Privacy-FR-768x324.png 768w, https:\/\/fswe.ca\/wp-content\/uploads\/2021\/04\/Privacy-FR-1536x649.png 1536w\" sizes=\"auto, (max-width: 512px) 100vw, 512px\" \/><\/a><\/figure>\n<h2 class=\"has-text-align-center h3 wp-block-heading\">Responsabilit\u00e9, confidentialit\u00e9 et protection de la vie priv\u00e9e<\/h2>\n<\/div>\n<\/div>\n<div class=\"wp-block-group full-width has-background\" style=\"background-color:#f1f1f1\">\n<div class=\"wp-block-group__inner-container is-layout-flow wp-block-group-is-layout-flow\">\n<div class=\"wp-block-buttons aligncenter is-layout-flex wp-block-buttons-is-layout-flex\">\n<div class=\"wp-block-button call\"><a class=\"wp-block-button__link\" href=\"tel:18889331831\">T\u00e9l\u00e9phoner au <strong>1-888-933-1831<\/strong><\/a><\/div>\n<div class=\"wp-block-button email\"><a class=\"wp-block-button__link\" href=\"mailto:info@fswe.ca\">Envoyer un courriel \u00e0 <strong>info@fswe.ca<\/strong><\/a><\/div>\n<\/div>\n<\/div>\n<\/div>\n","protected":false},"excerpt":{"rendered":"<p>Notre \u00e9quipe Notre objectif Gouvernance Responsabilit\u00e9, confidentialit\u00e9 et protection de la vie priv\u00e9e<\/p>\n","protected":false},"author":5,"featured_media":0,"parent":0,"menu_order":0,"comment_status":"closed","ping_status":"closed","template":"","meta":{"footnotes":""},"class_list":["post-7241","page","type-page","status-publish","hentry"],"aioseo_notices":[],"_links":{"self":[{"href":"https:\/\/fswe.ca\/fr\/wp-json\/wp\/v2\/pages\/7241","targetHints":{"allow":["GET"]}}],"collection":[{"href":"https:\/\/fswe.ca\/fr\/wp-json\/wp\/v2\/pages"}],"about":[{"href":"https:\/\/fswe.ca\/fr\/wp-json\/wp\/v2\/types\/page"}],"author":[{"embeddable":true,"href":"https:\/\/fswe.ca\/fr\/wp-json\/wp\/v2\/users\/5"}],"replies":[{"embeddable":true,"href":"https:\/\/fswe.ca\/fr\/wp-json\/wp\/v2\/comments?post=7241"}],"version-history":[{"count":0,"href":"https:\/\/fswe.ca\/fr\/wp-json\/wp\/v2\/pages\/7241\/revisions"}],"wp:attachment":[{"href":"https:\/\/fswe.ca\/fr\/wp-json\/wp\/v2\/media?parent=7241"}],"curies":[{"name":"wp","href":"https:\/\/api.w.org\/{rel}","templated":true}]}}