{"id":7270,"date":"2021-02-23T16:11:10","date_gmt":"2021-02-23T21:11:10","guid":{"rendered":"https:\/\/dev.fswe.ca\/?page_id=7270"},"modified":"2026-02-04T11:15:30","modified_gmt":"2026-02-04T16:15:30","slug":"notre-equipe","status":"publish","type":"page","link":"https:\/\/fswe.ca\/fr\/a-propos-de-nous\/notre-equipe\/","title":{"rendered":"Notre \u00e9quipe"},"content":{"rendered":"<div class=\"wp-block-columns is-layout-flex wp-container-core-columns-is-layout-9d6595d7 wp-block-columns-is-layout-flex\">\n<div class=\"wp-block-column is-layout-flow wp-block-column-is-layout-flow\">\n<p class=\"has-medium-font-size\">L\u2019Organisme Services \u00e0 la famille Windsor-Essex est dirig\u00e9 par un conseil d\u2019administration compos\u00e9 de membres b\u00e9n\u00e9voles d\u00e9vou\u00e9s ainsi que par une \u00e9quipe de haute direction professionnelle et dynamique.<\/p>\n<p class=\"has-medium-font-size\">Ensemble, ces personnes apportent avec elles une vaste gamme d\u2019exp\u00e9riences et de comp\u00e9tences du secteur des services sociaux et des services de d\u00e9veloppement communautaire sans but lucratif ainsi que du secteur des affaires et des finances. <\/p>\n<p class=\"has-medium-font-size\">Le conseil d\u2019administration de SFWE est responsable de la gouvernance, des politiques et de la direction g\u00e9n\u00e9rale ainsi que de faire des recommandations concernant diverses questions strat\u00e9giques et op\u00e9rationnelles.<\/p>\n<\/div>\n<\/div>\n<h2 class=\"wp-block-heading\"><strong>Haute direction<\/strong><\/h2>\n<div style=\"height:50px\" aria-hidden=\"true\" class=\"wp-block-spacer\"><\/div>\n<h3 class=\"wp-block-heading\">Directrice ex\u00e9cutive<\/h3>\n<div class=\"wp-block-columns is-layout-flex wp-container-core-columns-is-layout-9d6595d7 wp-block-columns-is-layout-flex\">\n<div class=\"wp-block-column is-layout-flow wp-block-column-is-layout-flow\">\n<div class=\"wp-block-image\">\n<figure class=\"aligncenter size-full\"><img loading=\"lazy\" decoding=\"async\" width=\"200\" height=\"200\" src=\"https:\/\/fswe.ca\/wp-content\/uploads\/2024\/01\/leadership2.png\" alt=\"\" class=\"wp-image-10620\" srcset=\"https:\/\/fswe.ca\/wp-content\/uploads\/2024\/01\/leadership2.png 200w, https:\/\/fswe.ca\/wp-content\/uploads\/2024\/01\/leadership2-150x150.png 150w\" sizes=\"auto, (max-width: 200px) 100vw, 200px\" \/><\/figure>\n<\/div>\n<p class=\"has-text-align-center has-medium-font-size\"><strong>Ciara Holmes<\/strong><br \/>Directrice G\u00e9n\u00e9rale<\/p>\n<\/div>\n<div class=\"wp-block-column is-layout-flow wp-block-column-is-layout-flow\">\n<p class=\"has-text-align-center has-medium-font-size\">\n<\/div>\n<div class=\"wp-block-column is-layout-flow wp-block-column-is-layout-flow\"><\/div>\n<\/div>\n<div style=\"height:50px\" aria-hidden=\"true\" class=\"wp-block-spacer\"><\/div>\n<h3 class=\"wp-block-heading\">Directeurs<\/h3>\n<div class=\"wp-block-columns is-layout-flex wp-container-core-columns-is-layout-9d6595d7 wp-block-columns-is-layout-flex\">\n<div class=\"wp-block-column is-layout-flow wp-block-column-is-layout-flow\">\n<div class=\"wp-block-image\">\n<figure class=\"aligncenter size-full\"><img loading=\"lazy\" decoding=\"async\" width=\"200\" height=\"200\" src=\"https:\/\/fswe.ca\/wp-content\/uploads\/2025\/03\/1-1.png\" alt=\"\" class=\"wp-image-11043\" srcset=\"https:\/\/fswe.ca\/wp-content\/uploads\/2025\/03\/1-1.png 200w, https:\/\/fswe.ca\/wp-content\/uploads\/2025\/03\/1-1-150x150.png 150w\" sizes=\"auto, (max-width: 200px) 100vw, 200px\" \/><\/figure>\n<\/div>\n<p class=\"has-text-align-center has-medium-font-size\"><strong>Karen Smallwood<\/strong><br \/>Directrice de l\u2019EDI et de la qualit\u00e9<\/p>\n<\/div>\n<div class=\"wp-block-column is-layout-flow wp-block-column-is-layout-flow\">\n<div class=\"wp-block-image\">\n<figure class=\"aligncenter size-full\"><img loading=\"lazy\" decoding=\"async\" width=\"200\" height=\"200\" src=\"https:\/\/fswe.ca\/wp-content\/uploads\/2024\/01\/2.png\" alt=\"\" class=\"wp-image-10600\" srcset=\"https:\/\/fswe.ca\/wp-content\/uploads\/2024\/01\/2.png 200w, https:\/\/fswe.ca\/wp-content\/uploads\/2024\/01\/2-150x150.png 150w\" sizes=\"auto, (max-width: 200px) 100vw, 200px\" \/><\/figure>\n<\/div>\n<p class=\"has-text-align-center has-medium-font-size\"><strong>Lauren Bondy<\/strong><br \/>Directrice des op\u00e9rations<\/p>\n<\/div>\n<div class=\"wp-block-column is-layout-flow wp-block-column-is-layout-flow\">\n<div class=\"wp-block-image\">\n<figure class=\"aligncenter size-full\"><img loading=\"lazy\" decoding=\"async\" width=\"200\" height=\"200\" src=\"https:\/\/fswe.ca\/wp-content\/uploads\/2024\/01\/1.png\" alt=\"\" class=\"wp-image-10598\" srcset=\"https:\/\/fswe.ca\/wp-content\/uploads\/2024\/01\/1.png 200w, https:\/\/fswe.ca\/wp-content\/uploads\/2024\/01\/1-150x150.png 150w\" sizes=\"auto, (max-width: 200px) 100vw, 200px\" \/><\/figure>\n<\/div>\n<p class=\"has-text-align-center has-medium-font-size\"><strong>Joyce Zuk<\/strong><br \/>Conseill\u00e8re principale de la directrice g\u00e9n\u00e9rale<\/p>\n<\/div>\n<\/div>\n<div style=\"height:50px\" aria-hidden=\"true\" class=\"wp-block-spacer\"><\/div>\n<h3 class=\"wp-block-heading\">Gestionnaires<\/h3>\n<div class=\"wp-block-columns is-layout-flex wp-container-core-columns-is-layout-9d6595d7 wp-block-columns-is-layout-flex\">\n<div class=\"wp-block-column is-layout-flow wp-block-column-is-layout-flow\">\n<div class=\"wp-block-image\">\n<figure class=\"aligncenter size-full\"><img loading=\"lazy\" decoding=\"async\" width=\"200\" height=\"200\" src=\"https:\/\/fswe.ca\/wp-content\/uploads\/2024\/01\/9.png\" alt=\"\" class=\"wp-image-10618\" srcset=\"https:\/\/fswe.ca\/wp-content\/uploads\/2024\/01\/9.png 200w, https:\/\/fswe.ca\/wp-content\/uploads\/2024\/01\/9-150x150.png 150w\" sizes=\"auto, (max-width: 200px) 100vw, 200px\" \/><\/figure>\n<\/div>\n<p class=\"has-text-align-center has-medium-font-size\"><strong>Ashley Moore<\/strong><br \/>Gestionnaire des ressources humaines<\/p>\n<\/div>\n<div class=\"wp-block-column is-layout-flow wp-block-column-is-layout-flow\">\n<div class=\"wp-block-image\">\n<figure class=\"aligncenter size-full\"><img loading=\"lazy\" decoding=\"async\" width=\"200\" height=\"200\" src=\"https:\/\/fswe.ca\/wp-content\/uploads\/2024\/01\/6.png\" alt=\"\" class=\"wp-image-10610\" srcset=\"https:\/\/fswe.ca\/wp-content\/uploads\/2024\/01\/6.png 200w, https:\/\/fswe.ca\/wp-content\/uploads\/2024\/01\/6-150x150.png 150w\" sizes=\"auto, (max-width: 200px) 100vw, 200px\" \/><\/figure>\n<\/div>\n<p class=\"has-text-align-center has-medium-font-size\"><strong>Monica Robinet<\/strong><br \/>Gestionnaire des services de counseling<\/p>\n<\/div>\n<div class=\"wp-block-column is-layout-flow wp-block-column-is-layout-flow\">\n<div class=\"wp-block-image\">\n<figure class=\"aligncenter size-full\"><img loading=\"lazy\" decoding=\"async\" width=\"200\" height=\"200\" src=\"https:\/\/fswe.ca\/wp-content\/uploads\/2024\/01\/7.png\" alt=\"\" class=\"wp-image-10612\" srcset=\"https:\/\/fswe.ca\/wp-content\/uploads\/2024\/01\/7.png 200w, https:\/\/fswe.ca\/wp-content\/uploads\/2024\/01\/7-150x150.png 150w\" sizes=\"auto, (max-width: 200px) 100vw, 200px\" \/><\/figure>\n<\/div>\n<p class=\"has-text-align-center has-medium-font-size\"><strong>Bryan Rock<\/strong><br \/>Gestionnaire des programmes communautaires<\/p>\n<\/div>\n<\/div>\n<div class=\"wp-block-columns is-layout-flex wp-container-core-columns-is-layout-9d6595d7 wp-block-columns-is-layout-flex\">\n<div class=\"wp-block-column is-layout-flow wp-block-column-is-layout-flow\">\n<div class=\"wp-block-image\">\n<figure class=\"aligncenter size-full\"><img loading=\"lazy\" decoding=\"async\" width=\"200\" height=\"200\" src=\"https:\/\/fswe.ca\/wp-content\/uploads\/2025\/03\/2.png\" alt=\"\" class=\"wp-image-11046\" srcset=\"https:\/\/fswe.ca\/wp-content\/uploads\/2025\/03\/2.png 200w, https:\/\/fswe.ca\/wp-content\/uploads\/2025\/03\/2-150x150.png 150w\" sizes=\"auto, (max-width: 200px) 100vw, 200px\" \/><\/figure>\n<\/div>\n<p class=\"has-text-align-center has-medium-font-size\"><strong>Jeff Turnbull<\/strong><br \/>Gestionnaire des services cliniques<\/p>\n<\/div>\n<div class=\"wp-block-column is-layout-flow wp-block-column-is-layout-flow\">\n<div class=\"wp-block-image\">\n<figure class=\"aligncenter size-full\"><img loading=\"lazy\" decoding=\"async\" width=\"200\" height=\"200\" src=\"https:\/\/fswe.ca\/wp-content\/uploads\/2025\/03\/3.png\" alt=\"\" class=\"wp-image-11054\" srcset=\"https:\/\/fswe.ca\/wp-content\/uploads\/2025\/03\/3.png 200w, https:\/\/fswe.ca\/wp-content\/uploads\/2025\/03\/3-150x150.png 150w\" sizes=\"auto, (max-width: 200px) 100vw, 200px\" \/><\/figure>\n<\/div>\n<p class=\"has-text-align-center has-medium-font-size\"><strong>Tonya Lyver<\/strong><br \/>Gestionnaire du PAESF<\/p>\n<\/div>\n<div class=\"wp-block-column is-layout-flow wp-block-column-is-layout-flow\">\n<p class=\"has-text-align-center has-medium-font-size\">\n<\/div>\n<\/div>\n<div style=\"height:20px\" aria-hidden=\"true\" class=\"wp-block-spacer\"><\/div>\n<div class=\"wp-block-columns is-layout-flex wp-container-core-columns-is-layout-9d6595d7 wp-block-columns-is-layout-flex\">\n<div class=\"wp-block-column is-layout-flow wp-block-column-is-layout-flow\">\n<h2 class=\"wp-block-heading\"><strong>Conseil d\u2019administration<\/strong><\/h2>\n<div style=\"height:50px\" aria-hidden=\"true\" class=\"wp-block-spacer\"><\/div>\n<h3 class=\"wp-block-heading has-black-color has-text-color\">Administrateurs et administratrices<\/h3>\n<ul class=\"wp-block-list\">\n<li class=\"has-medium-font-size\"><strong>Patrick Boulos<\/strong>, Pr\u00e9sidente<\/li>\n<li class=\"has-medium-font-size\"><strong>Karen Elizabeth Farbota<\/strong>,&nbsp;Vice-pr\u00e9sidente<\/li>\n<li class=\"has-medium-font-size\"><strong>Mike Pocock<\/strong>, &nbsp;Secr\u00e9taire-tr\u00e9sorier<\/li>\n<\/ul>\n<h3 class=\"wp-block-heading has-black-color has-text-color\">Directeurs et directrices par mandat sp\u00e9cial<\/h3>\n<ul class=\"wp-block-list\">\n<li class=\"has-medium-font-size\"><strong>Scott Jeffrey<\/strong><\/li>\n<li class=\"has-medium-font-size\"><strong>Nadine Manroe-Wakerell<\/strong><\/li>\n<li class=\"has-medium-font-size\"><strong>Kim Harris<\/strong>, Ancien pr\u00e9sident<\/li>\n<\/ul>\n<\/div>\n<\/div>\n<div style=\"height:100px\" aria-hidden=\"true\" class=\"wp-block-spacer\"><\/div>\n<div class=\"wp-block-group full-width has-background\" style=\"background-color:#f1f1f1\">\n<div class=\"wp-block-group__inner-container is-layout-flow wp-block-group-is-layout-flow\">\n<div class=\"wp-block-buttons aligncenter is-layout-flex wp-block-buttons-is-layout-flex\">\n<div class=\"wp-block-button call\"><a class=\"wp-block-button__link\" href=\"tel:18889331831\">T\u00e9l\u00e9phoner au <strong>1-888-933-1831<\/strong><\/a><\/div>\n<div class=\"wp-block-button email\"><a class=\"wp-block-button__link\" href=\"mailto:info@fswe.ca\">Envoyer un courriel \u00e0 <strong>info@fswe.ca<\/strong><\/a><\/div>\n<\/div>\n<\/div>\n<\/div>\n","protected":false},"excerpt":{"rendered":"<p>L\u2019Organisme Services \u00e0 la famille Windsor-Essex est dirig\u00e9 par un conseil d\u2019administration compos\u00e9 de membres b\u00e9n\u00e9voles d\u00e9vou\u00e9s ainsi que par&#8230;<\/p>\n","protected":false},"author":5,"featured_media":0,"parent":7241,"menu_order":0,"comment_status":"closed","ping_status":"closed","template":"","meta":{"footnotes":""},"class_list":["post-7270","page","type-page","status-publish","hentry"],"aioseo_notices":[],"_links":{"self":[{"href":"https:\/\/fswe.ca\/fr\/wp-json\/wp\/v2\/pages\/7270","targetHints":{"allow":["GET"]}}],"collection":[{"href":"https:\/\/fswe.ca\/fr\/wp-json\/wp\/v2\/pages"}],"about":[{"href":"https:\/\/fswe.ca\/fr\/wp-json\/wp\/v2\/types\/page"}],"author":[{"embeddable":true,"href":"https:\/\/fswe.ca\/fr\/wp-json\/wp\/v2\/users\/5"}],"replies":[{"embeddable":true,"href":"https:\/\/fswe.ca\/fr\/wp-json\/wp\/v2\/comments?post=7270"}],"version-history":[{"count":0,"href":"https:\/\/fswe.ca\/fr\/wp-json\/wp\/v2\/pages\/7270\/revisions"}],"up":[{"embeddable":true,"href":"https:\/\/fswe.ca\/fr\/wp-json\/wp\/v2\/pages\/7241"}],"wp:attachment":[{"href":"https:\/\/fswe.ca\/fr\/wp-json\/wp\/v2\/media?parent=7270"}],"curies":[{"name":"wp","href":"https:\/\/api.w.org\/{rel}","templated":true}]}}