{"id":7275,"date":"2021-02-23T16:23:56","date_gmt":"2021-02-23T21:23:56","guid":{"rendered":"https:\/\/dev.fswe.ca\/?page_id=7275"},"modified":"2026-02-03T08:44:31","modified_gmt":"2026-02-03T13:44:31","slug":"notre-objectif-2","status":"publish","type":"page","link":"https:\/\/fswe.ca\/fr\/a-propos-de-nous\/notre-objectif-2\/","title":{"rendered":"Notre objectif"},"content":{"rendered":"<div class=\"wp-block-group full-width mt-5 pb-5 has-background\" style=\"background-color:#009fc2\">\n<div class=\"wp-block-group__inner-container is-layout-flow wp-block-group-is-layout-flow\">\n<div class=\"wp-block-columns is-layout-flex wp-container-core-columns-is-layout-9d6595d7 wp-block-columns-is-layout-flex\">\n<div class=\"wp-block-column is-vertically-aligned-center is-layout-flow wp-block-column-is-layout-flow\">\n<h2 class=\"wp-block-heading has-white-color has-text-color has-link-color wp-elements-c4e203525d16a2c2fe4199bcb3cca22d\"><strong>Notre raison d\u2019\u00eatre<\/strong><\/h2>\n<div style=\"height:20px\" aria-hidden=\"true\" class=\"wp-block-spacer\"><\/div>\n<p class=\"has-white-color has-text-color has-link-color has-medium-font-size wp-elements-101bfa983c91b7433f7cc19104f54fa1\">Ce qui nous rend humain c\u2019est notre motivation \u00e0 l\u2019\u00e9gard de l\u2019autod\u00e9termination. Lorsque les gens perdent leur motivation \u00e0 la suite d\u2019injustices telles que les traumatismes, la pauvret\u00e9, l\u2019exclusion et la discrimination, SFWE fournit du soutien afin de d\u00e9velopper la r\u00e9silience et r\u00e9tablir la capacit\u00e9 des gens \u00e0 choisir leur propre place dans le monde.<\/p>\n<\/div>\n<div class=\"wp-block-column is-vertically-aligned-center is-layout-flow wp-block-column-is-layout-flow\">\n<div class=\"wp-block-image\">\n<figure class=\"aligncenter size-full\"><img loading=\"lazy\" decoding=\"async\" width=\"1200\" height=\"600\" src=\"https:\/\/fswe.ca\/wp-content\/uploads\/2025\/10\/logo.png\" alt=\"\" class=\"wp-image-12106\" srcset=\"https:\/\/fswe.ca\/wp-content\/uploads\/2025\/10\/logo.png 1200w, https:\/\/fswe.ca\/wp-content\/uploads\/2025\/10\/logo-300x150.png 300w, https:\/\/fswe.ca\/wp-content\/uploads\/2025\/10\/logo-1024x512.png 1024w, https:\/\/fswe.ca\/wp-content\/uploads\/2025\/10\/logo-768x384.png 768w\" sizes=\"auto, (max-width: 1200px) 100vw, 1200px\" \/><\/figure>\n<\/div>\n<\/div>\n<\/div>\n<\/div>\n<\/div>\n<div style=\"height:100px\" aria-hidden=\"true\" class=\"wp-block-spacer\"><\/div>\n<h2 class=\"wp-block-heading\"><strong><strong>Notre vision<\/strong><\/strong><\/h2>\n<p class=\"has-medium-font-size\">Une communaut\u00e9 o\u00f9 chacun s\u2019\u00e9panouit.<\/p>\n<div style=\"height:30px\" aria-hidden=\"true\" class=\"wp-block-spacer\"><\/div>\n<h2 class=\"wp-block-heading\"><strong>Our Mission<\/strong><\/h2>\n<p class=\"has-medium-font-size\">L\u2019Organisme Services \u00e0 la famille Windsor-Essex (SFWE) offre du soutien afin de renforcer la r\u00e9silience et de redonner aux personnes la capacit\u00e9 de choisir leur propre place dans le monde.<\/p>\n<div style=\"height:30px\" aria-hidden=\"true\" class=\"wp-block-spacer\"><\/div>\n<h2 class=\"wp-block-heading\"><strong>Nos \u00e9nonc\u00e9s de valeurs<\/strong><\/h2>\n<p class=\"has-text-align-left has-medium-font-size\"><strong>Nous fournissons un excellent service \u00e0 la client\u00e8le\u00a0:<\/strong> Nous prodiguons des soins de la meilleure qualit\u00e9 qui soit aux membres de la communaut\u00e9.<\/p>\n<p class=\"has-text-align-left has-medium-font-size\"><strong>Nous prodiguons des soins sensibles aux traumatismes\u00a0:<\/strong> Nous savons qu\u2019un grand nombre de personnes ont v\u00e9cu un traumatisme.<\/p>\n<p class=\"has-text-align-left has-medium-font-size\"><strong>Nous attachons une grande importance \u00e0 la qualit\u00e9\u00a0:<\/strong> Nous faisons de notre mieux en tout temps.<\/p>\n<p class=\"has-text-align-left has-medium-font-size\"><strong>Nous misons sur l\u2019inclusivit\u00e9\u00a0:<\/strong> Nous accueillons avec plaisir les fa\u00e7ons de faire et les points de vue diff\u00e9rents.<\/p>\n<p class=\"has-text-align-left has-medium-font-size\"><strong>Nous employons du personnel qualifi\u00e9 et comp\u00e9tent\u00a0:<\/strong> Notre personnel prodigue des soins d\u2019excellente qualit\u00e9 sensibles aux traumatismes.<\/p>\n<p class=\"has-text-align-left has-medium-font-size\"><strong>Nous valorisons la communication\u00a0:<\/strong> Nos services sont offerts de mani\u00e8re coordonn\u00e9e.<\/p>\n<p class=\"has-text-align-left has-medium-font-size\"><strong>Nous valorisons le respect\u00a0:<\/strong> Nous nous respectons en tant que coll\u00e8gues et reconnaissons le travail de chacun et chacune.<\/p>\n<p class=\"has-text-align-left has-medium-font-size\"><strong>Nous faisons de l\u2019apprentissage continu une priorit\u00e9&nbsp;:<\/strong> Nous int\u00e9grons l\u2019apprentissage \u00e0 notre travail quotidien afin de nous am\u00e9liorer sur le plan personnel et organisationnel.<\/p>\n<p class=\"has-text-align-left has-medium-font-size\">\n<div style=\"height:100px\" aria-hidden=\"true\" class=\"wp-block-spacer\"><\/div>\n","protected":false},"excerpt":{"rendered":"<p>Notre raison d\u2019\u00eatre Ce qui nous rend humain c\u2019est notre motivation \u00e0 l\u2019\u00e9gard de l\u2019autod\u00e9termination. Lorsque les gens perdent leur&#8230;<\/p>\n","protected":false},"author":5,"featured_media":0,"parent":7241,"menu_order":0,"comment_status":"closed","ping_status":"closed","template":"","meta":{"footnotes":""},"class_list":["post-7275","page","type-page","status-publish","hentry"],"aioseo_notices":[],"_links":{"self":[{"href":"https:\/\/fswe.ca\/fr\/wp-json\/wp\/v2\/pages\/7275","targetHints":{"allow":["GET"]}}],"collection":[{"href":"https:\/\/fswe.ca\/fr\/wp-json\/wp\/v2\/pages"}],"about":[{"href":"https:\/\/fswe.ca\/fr\/wp-json\/wp\/v2\/types\/page"}],"author":[{"embeddable":true,"href":"https:\/\/fswe.ca\/fr\/wp-json\/wp\/v2\/users\/5"}],"replies":[{"embeddable":true,"href":"https:\/\/fswe.ca\/fr\/wp-json\/wp\/v2\/comments?post=7275"}],"version-history":[{"count":0,"href":"https:\/\/fswe.ca\/fr\/wp-json\/wp\/v2\/pages\/7275\/revisions"}],"up":[{"embeddable":true,"href":"https:\/\/fswe.ca\/fr\/wp-json\/wp\/v2\/pages\/7241"}],"wp:attachment":[{"href":"https:\/\/fswe.ca\/fr\/wp-json\/wp\/v2\/media?parent=7275"}],"curies":[{"name":"wp","href":"https:\/\/api.w.org\/{rel}","templated":true}]}}