{"id":7277,"date":"2021-02-23T16:29:51","date_gmt":"2021-02-23T21:29:51","guid":{"rendered":"https:\/\/dev.fswe.ca\/?page_id=7277"},"modified":"2026-02-03T08:51:02","modified_gmt":"2026-02-03T13:51:02","slug":"gouvernance","status":"publish","type":"page","link":"https:\/\/fswe.ca\/fr\/a-propos-de-nous\/gouvernance\/","title":{"rendered":"Gouvernance"},"content":{"rendered":"<div class=\"wp-block-columns is-layout-flex wp-container-core-columns-is-layout-9d6595d7 wp-block-columns-is-layout-flex\">\n<div class=\"wp-block-column is-layout-flow wp-block-column-is-layout-flow\">\n<h2 class=\"wp-block-heading\"><strong>Plans strat\u00e9giques<\/strong><\/h2>\n<p>(disponibles en versions anglaises seulement)<\/p>\n<p class=\"has-medium-font-size\"><a href=\"https:\/\/fswe.ca\/wp-content\/uploads\/2024\/05\/FSWE-Strat-Plan-One-Pager-Final.pdf\" target=\"_blank\" rel=\"noopener\" title=\"\">Strategic Plan &#8211; Family Services Windsor-Essex 2023-2028<\/a><\/p>\n<p class=\"has-medium-font-size\"><a href=\"https:\/\/fswe.ca\/wp-content\/uploads\/2021\/03\/2020-2022-Strategic-Plan.pdf\" target=\"_blank\" rel=\"noreferrer noopener\" title=\"https:\/\/fswe.ca\/wp-content\/uploads\/2021\/03\/2020-2022-Strategic-Plan.pdf\">Strategic Plan ~ Family Services Windsor-Essex 2020-2022<\/a><\/p>\n<p class=\"has-medium-font-size\"><a href=\"https:\/\/fswe.ca\/wp-content\/uploads\/2019\/03\/Strategic-Plans-2018-20.pdf\" target=\"_blank\" rel=\"noreferrer noopener\">Strategic Plan ~ Family Services Windsor-Essex 2018-2020<\/a><\/p>\n<p class=\"has-medium-font-size\"><a href=\"\/wp-content\/uploads\/2018\/03\/Strategic-Plan-Family-Services-Windsor-Essex-2015-2017.pdf\" target=\"_blank\" rel=\"noreferrer noopener\">Strategic Plan ~ Family Services Windsor-Essex 2015-2017<\/a><\/p>\n<\/p>\n<\/div>\n<div class=\"wp-block-column is-layout-flow wp-block-column-is-layout-flow\">\n<figure class=\"wp-block-image size-full\"><img loading=\"lazy\" decoding=\"async\" width=\"350\" height=\"350\" src=\"https:\/\/fswe.ca\/wp-content\/uploads\/2025\/09\/Website-graphics-2.png\" alt=\"\" class=\"wp-image-11905\" srcset=\"https:\/\/fswe.ca\/wp-content\/uploads\/2025\/09\/Website-graphics-2.png 350w, https:\/\/fswe.ca\/wp-content\/uploads\/2025\/09\/Website-graphics-2-300x300.png 300w, https:\/\/fswe.ca\/wp-content\/uploads\/2025\/09\/Website-graphics-2-150x150.png 150w\" sizes=\"auto, (max-width: 350px) 100vw, 350px\" \/><\/figure>\n<\/div>\n<\/div>\n<div style=\"height:20px\" aria-hidden=\"true\" class=\"wp-block-spacer\"><\/div>\n<div class=\"wp-block-columns is-layout-flex wp-container-core-columns-is-layout-9d6595d7 wp-block-columns-is-layout-flex\">\n<div class=\"wp-block-column is-layout-flow wp-block-column-is-layout-flow\">\n<h2 class=\"wp-block-heading\"><strong>Rapports annuels<\/strong><\/h2>\n<p>(disponibles en versions anglaises seulement)<\/p>\n<p class=\"has-medium-font-size\"><a href=\"https:\/\/fswe.ca\/wp-content\/uploads\/2025\/07\/FSWE-Impact-Report-2024-2025.pdf\" target=\"_blank\" rel=\"noopener\" title=\"\">Annual Report Family Services Windsor-Essex 2024-25<\/a><\/p>\n<p class=\"has-medium-font-size\"><a href=\"https:\/\/fswe.ca\/wp-content\/uploads\/2024\/08\/FSWE-Impact-Report-2023-2024.pdf\" target=\"_blank\" rel=\"noopener\" title=\"\">Annual Report Family Services Windsor-Essex 2023-24<\/a><\/p>\n<p class=\"has-medium-font-size\"><a href=\"https:\/\/fswe.ca\/wp-content\/uploads\/2023\/06\/2022-2023-Impact-Report.pdf\" target=\"_blank\" rel=\"noopener\" title=\"\">Annual Report Family Services Windsor-Essex 2022-23<\/a><\/p>\n<p class=\"has-medium-font-size\"><a href=\"https:\/\/fswe.ca\/wp-content\/uploads\/2022\/07\/2021-2022-Annual-Report.pdf\" target=\"_blank\" rel=\"noreferrer noopener\">Annual Report Family Services Windsor-Essex 2021-22<\/a><\/p>\n<p class=\"has-medium-font-size\"><a href=\"https:\/\/fswe.ca\/wp-content\/uploads\/2021\/07\/FSWE-2020-21-Annual-Report.pdf\" target=\"_blank\" rel=\"noreferrer noopener\" title=\"https:\/\/fswe.ca\/wp-content\/uploads\/2021\/07\/FSWE-2020-21-Annual-Report.pdf\">Annual Report Family Services Windsor-Essex 2020-21<\/a><\/p>\n<p class=\"has-medium-font-size\"><a href=\"https:\/\/fswe.ca\/wp-content\/uploads\/2020\/07\/FSWE-Report-to-the-Community-2019-20.pdf\" target=\"_blank\" rel=\"noreferrer noopener\">Annual Report Family Services Windsor-Essex 2019-20<\/a><\/p>\n<p class=\"has-medium-font-size\"><a href=\"https:\/\/fswe.ca\/wp-content\/uploads\/2019\/10\/FSWE-Annual-Report-2018-19-EN.pdf\" target=\"_blank\" rel=\"noreferrer noopener\">Annual Report Family Services Windsor-Essex 2018-19<\/a><\/p>\n<\/div>\n<div class=\"wp-block-column is-layout-flow wp-block-column-is-layout-flow\">\n<figure class=\"wp-block-image size-full\"><img loading=\"lazy\" decoding=\"async\" width=\"350\" height=\"350\" src=\"https:\/\/fswe.ca\/wp-content\/uploads\/2025\/09\/Website-graphics-3.png\" alt=\"\" class=\"wp-image-11908\" srcset=\"https:\/\/fswe.ca\/wp-content\/uploads\/2025\/09\/Website-graphics-3.png 350w, https:\/\/fswe.ca\/wp-content\/uploads\/2025\/09\/Website-graphics-3-300x300.png 300w, https:\/\/fswe.ca\/wp-content\/uploads\/2025\/09\/Website-graphics-3-150x150.png 150w\" sizes=\"auto, (max-width: 350px) 100vw, 350px\" \/><\/figure>\n<\/div>\n<\/div>\n<div style=\"height:20px\" aria-hidden=\"true\" class=\"wp-block-spacer\"><\/div>\n<div class=\"wp-block-columns is-layout-flex wp-container-core-columns-is-layout-9d6595d7 wp-block-columns-is-layout-flex\">\n<div class=\"wp-block-column is-layout-flow wp-block-column-is-layout-flow\">\n<h2 class=\"wp-block-heading\"><strong>\u00c9tats financiers v\u00e9rifi\u00e9s<\/strong><\/h2>\n<p>(disponibles en versions anglaises seulement)<\/p>\n<p class=\"has-medium-font-size\"><a href=\"https:\/\/fswe.ca\/wp-content\/uploads\/2025\/07\/March-31-2025-FS-Family-Services-Windsor-Essex-Signed.pdf\" title=\"\">August Financial Statements &#8211; March 31, 2025<\/a><\/p>\n<p class=\"has-medium-font-size\"><a href=\"https:\/\/fswe.ca\/wp-content\/uploads\/2024\/08\/Audited-Financial-Statement-March-31-2024.pdf\" target=\"_blank\" rel=\"noopener\" title=\"\">Audited Financial Statements &#8211; March 31, 2024<\/a><\/p>\n<p class=\"has-medium-font-size\"><a href=\"https:\/\/fswe.ca\/wp-content\/uploads\/2023\/07\/Audited-Financial-Statement-March-31-2023.pdf\" title=\"\">Audited Financial Statements &#8211; March 31, 2023<\/a><\/p>\n<p class=\"has-medium-font-size\"><a href=\"https:\/\/fswe.ca\/wp-content\/uploads\/2022\/07\/Audited-Financial-Statement-March-31-2022.pdf\" target=\"_blank\" rel=\"noreferrer noopener\">Audited Financial Statement &#8211; March 31, 2022<\/a><\/p>\n<p class=\"has-medium-font-size\"><a href=\"https:\/\/fswe.ca\/wp-content\/uploads\/2021\/08\/March-31-2021-FS.pdf\" target=\"_blank\" rel=\"noreferrer noopener\">Audited Financial Statement &#8211; March 31, 2021<\/a><\/p>\n<\/p>\n<\/div>\n<div class=\"wp-block-column is-layout-flow wp-block-column-is-layout-flow\">\n<figure class=\"wp-block-image size-full\"><img loading=\"lazy\" decoding=\"async\" width=\"350\" height=\"350\" src=\"https:\/\/fswe.ca\/wp-content\/uploads\/2025\/09\/Website-graphics-1-1.png\" alt=\"\" class=\"wp-image-11944\" srcset=\"https:\/\/fswe.ca\/wp-content\/uploads\/2025\/09\/Website-graphics-1-1.png 350w, https:\/\/fswe.ca\/wp-content\/uploads\/2025\/09\/Website-graphics-1-1-300x300.png 300w, https:\/\/fswe.ca\/wp-content\/uploads\/2025\/09\/Website-graphics-1-1-150x150.png 150w\" sizes=\"auto, (max-width: 350px) 100vw, 350px\" \/><\/figure>\n<\/div>\n<\/div>\n<div style=\"height:20px\" aria-hidden=\"true\" class=\"wp-block-spacer\"><\/div>\n<h2 class=\"wp-block-heading\"><strong>Nos partenaires financiers<\/strong><\/h2>\n<p class=\"has-medium-font-size\">Nous sommes reconnaissants envers l\u2019ensemble de nos bailleurs de fonds, partenaires communautaires et donateurs qui rendent notre travail possible, notamment :<\/p>\n<div class=\"wp-block-columns is-layout-flex wp-container-core-columns-is-layout-9d6595d7 wp-block-columns-is-layout-flex\">\n<div class=\"wp-block-column is-layout-flow wp-block-column-is-layout-flow\" style=\"flex-basis:300px\">\n<div class=\"wp-block-image\">\n<figure class=\"aligncenter size-full\"><img loading=\"lazy\" decoding=\"async\" width=\"300\" height=\"150\" src=\"https:\/\/fswe.ca\/wp-content\/uploads\/2023\/05\/3.png\" alt=\"\" class=\"wp-image-10100\"\/><\/figure>\n<\/div>\n<p class=\"has-text-align-center has-medium-font-size\">Ville de Windsor<\/p>\n<\/div>\n<div class=\"wp-block-column is-layout-flow wp-block-column-is-layout-flow\" style=\"flex-basis:300px\">\n<div class=\"wp-block-image\">\n<figure class=\"aligncenter size-full\"><img loading=\"lazy\" decoding=\"async\" width=\"300\" height=\"150\" src=\"https:\/\/fswe.ca\/wp-content\/uploads\/2023\/05\/funder-logo1.png\" alt=\"\" class=\"wp-image-10115\"\/><\/figure>\n<\/div>\n<p class=\"has-text-align-center has-medium-font-size\">Comt\u00e9 d\u2019Essex<\/p>\n<\/div>\n<div class=\"wp-block-column is-layout-flow wp-block-column-is-layout-flow\" style=\"flex-basis:300px\">\n<figure class=\"wp-block-image size-full\"><img loading=\"lazy\" decoding=\"async\" width=\"300\" height=\"150\" src=\"https:\/\/fswe.ca\/wp-content\/uploads\/2023\/05\/5.png\" alt=\"\" class=\"wp-image-10102\"\/><\/figure>\n<p class=\"has-text-align-center has-medium-font-size\">Gouvernement de l\u2019Ontario, y compris Sant\u00e9 Ontario, le minist\u00e8re des Services \u00e0 l\u2019enfance et des Services sociaux et communautaires et le minist\u00e8re du Procureur g\u00e9n\u00e9ral<\/p>\n<\/div>\n<div class=\"wp-block-column is-layout-flow wp-block-column-is-layout-flow\" style=\"flex-basis:300px\">\n<figure class=\"wp-block-image size-full\"><img loading=\"lazy\" decoding=\"async\" width=\"300\" height=\"150\" src=\"https:\/\/fswe.ca\/wp-content\/uploads\/2023\/05\/funder-logo.png\" alt=\"\" class=\"wp-image-10106\"\/><\/figure>\n<p class=\"has-text-align-center has-medium-font-size\">Gouvernement du Canada<\/p>\n<\/div>\n<div class=\"wp-block-column is-layout-flow wp-block-column-is-layout-flow\"><\/div>\n<\/div>\n<div class=\"wp-block-columns is-layout-flex wp-container-core-columns-is-layout-9d6595d7 wp-block-columns-is-layout-flex\">\n<div class=\"wp-block-column is-layout-flow wp-block-column-is-layout-flow\" style=\"flex-basis:300px\">\n<div class=\"wp-block-image\">\n<figure class=\"aligncenter size-full\"><img loading=\"lazy\" decoding=\"async\" width=\"300\" height=\"150\" src=\"https:\/\/fswe.ca\/wp-content\/uploads\/2025\/03\/OTF-logo.png\" alt=\"\" class=\"wp-image-11035\"\/><\/figure>\n<\/div>\n<p class=\"has-text-align-center has-medium-font-size\">Fondation Trillium de l\u2019Ontario<\/p>\n<\/div>\n<div class=\"wp-block-column is-layout-flow wp-block-column-is-layout-flow\" style=\"flex-basis:300px\">\n<figure class=\"wp-block-image size-full\"><img loading=\"lazy\" decoding=\"async\" width=\"300\" height=\"150\" src=\"https:\/\/fswe.ca\/wp-content\/uploads\/2025\/12\/prosper.png\" alt=\"\" class=\"wp-image-12367\"\/><\/figure>\n<p class=\"has-text-align-center has-medium-font-size\">Prosper Canada<\/p>\n<\/div>\n<div class=\"wp-block-column is-layout-flow wp-block-column-is-layout-flow\" style=\"flex-basis:300px\">\n<p class=\"has-text-align-center\">\n<\/div>\n<div class=\"wp-block-column is-layout-flow wp-block-column-is-layout-flow\" style=\"flex-basis:300px\">\n<p class=\"has-text-align-center\">\n<\/div>\n<div class=\"wp-block-column is-layout-flow wp-block-column-is-layout-flow\"><\/div>\n<\/div>\n<div style=\"height:20px\" aria-hidden=\"true\" class=\"wp-block-spacer\"><\/div>\n<h2 class=\"wp-block-heading\"><strong><strong>Agr\u00e9ments, affiliations professionnelles et d\u00e9signations<\/strong><\/strong><\/h2>\n<div class=\"wp-block-columns are-vertically-aligned-center is-layout-flex wp-container-core-columns-is-layout-9d6595d7 wp-block-columns-is-layout-flex\">\n<div class=\"wp-block-column is-vertically-aligned-center is-layout-flow wp-block-column-is-layout-flow\">\n<div class=\"wp-block-image\">\n<figure class=\"aligncenter is-resized\"><a href=\"https:\/\/familyservicecanada.org\/\" target=\"_blank\" rel=\"noopener\"><img loading=\"lazy\" decoding=\"async\" width=\"300\" height=\"162\" src=\"https:\/\/fswe.ca\/wp-content\/uploads\/2018\/11\/fsc-resize-300x162.png\" alt=\"Family Services Canada Logo\" class=\"wp-image-3502\" style=\"width:250px\" srcset=\"https:\/\/fswe.ca\/wp-content\/uploads\/2018\/11\/fsc-resize-300x162.png 300w, https:\/\/fswe.ca\/wp-content\/uploads\/2018\/11\/fsc-resize-768x416.png 768w, https:\/\/fswe.ca\/wp-content\/uploads\/2018\/11\/fsc-resize.png 970w\" sizes=\"auto, (max-width: 300px) 100vw, 300px\" \/><\/a><\/figure>\n<\/div>\n<\/div>\n<div class=\"wp-block-column is-vertically-aligned-center is-layout-flow wp-block-column-is-layout-flow\">\n<div class=\"wp-block-image\">\n<figure class=\"aligncenter is-resized\"><a href=\"http:\/\/familyserviceontario.org\/\" target=\"_blank\" rel=\"noopener\"><img loading=\"lazy\" decoding=\"async\" width=\"300\" height=\"175\" src=\"https:\/\/fswe.ca\/wp-content\/uploads\/2018\/11\/FSO-Logo-CMYK-300x175.jpg\" alt=\"Family Service Ontario logo\" class=\"wp-image-3506\" style=\"width:200px\" srcset=\"https:\/\/fswe.ca\/wp-content\/uploads\/2018\/11\/FSO-Logo-CMYK-300x175.jpg 300w, https:\/\/fswe.ca\/wp-content\/uploads\/2018\/11\/FSO-Logo-CMYK-768x448.jpg 768w, https:\/\/fswe.ca\/wp-content\/uploads\/2018\/11\/FSO-Logo-CMYK-1024x597.jpg 1024w, https:\/\/fswe.ca\/wp-content\/uploads\/2018\/11\/FSO-Logo-CMYK.jpg 1248w\" sizes=\"auto, (max-width: 300px) 100vw, 300px\" \/><\/a><\/figure>\n<\/div>\n<\/div>\n<div class=\"wp-block-column is-vertically-aligned-center is-layout-flow wp-block-column-is-layout-flow\">\n<div class=\"wp-block-image\">\n<figure class=\"aligncenter is-resized\"><a href=\"https:\/\/www.canadiancentreforaccreditation.ca\/\" target=\"_blank\" rel=\"noopener\"><img loading=\"lazy\" decoding=\"async\" width=\"300\" height=\"83\" src=\"https:\/\/fswe.ca\/wp-content\/uploads\/2018\/11\/CCA-AcreditedBy-360x100-300x83.png\" alt=\"Canadian Centre for Accreditation logo \" class=\"wp-image-3504\" style=\"width:300px;height:83px\" srcset=\"https:\/\/fswe.ca\/wp-content\/uploads\/2018\/11\/CCA-AcreditedBy-360x100-300x83.png 300w, https:\/\/fswe.ca\/wp-content\/uploads\/2018\/11\/CCA-AcreditedBy-360x100.png 360w\" sizes=\"auto, (max-width: 300px) 100vw, 300px\" \/><\/a><\/figure>\n<\/div>\n<\/div>\n<div class=\"wp-block-column is-vertically-aligned-center is-layout-flow wp-block-column-is-layout-flow\">\n<div class=\"wp-block-image\">\n<figure class=\"aligncenter size-medium is-resized\"><a href=\"https:\/\/www.windsorpride.com\" target=\"_blank\" rel=\"noopener\"><img loading=\"lazy\" decoding=\"async\" width=\"300\" height=\"232\" src=\"https:\/\/fswe.ca\/wp-content\/uploads\/2018\/11\/Inclusive-Safespace-1-300x232.jpg\" alt=\"A rainbow coloured graphic that says we are a Diverse, Inclusive, Accepting, Welcoming and Safe Space for Everyone\" class=\"wp-image-3470\" style=\"width:200px\" srcset=\"https:\/\/fswe.ca\/wp-content\/uploads\/2018\/11\/Inclusive-Safespace-1-300x232.jpg 300w, https:\/\/fswe.ca\/wp-content\/uploads\/2018\/11\/Inclusive-Safespace-1-768x593.jpg 768w, https:\/\/fswe.ca\/wp-content\/uploads\/2018\/11\/Inclusive-Safespace-1-1024x791.jpg 1024w\" sizes=\"auto, (max-width: 300px) 100vw, 300px\" \/><\/a><\/figure>\n<\/div>\n<\/div>\n<\/div>\n<div style=\"height:100px\" aria-hidden=\"true\" class=\"wp-block-spacer\"><\/div>\n","protected":false},"excerpt":{"rendered":"<p>Plans strat\u00e9giques (disponibles en versions anglaises seulement) Strategic Plan &#8211; Family Services Windsor-Essex 2023-2028 Strategic Plan ~ Family Services Windsor-Essex&#8230;<\/p>\n","protected":false},"author":5,"featured_media":0,"parent":7241,"menu_order":0,"comment_status":"closed","ping_status":"closed","template":"","meta":{"footnotes":""},"class_list":["post-7277","page","type-page","status-publish","hentry"],"aioseo_notices":[],"_links":{"self":[{"href":"https:\/\/fswe.ca\/fr\/wp-json\/wp\/v2\/pages\/7277","targetHints":{"allow":["GET"]}}],"collection":[{"href":"https:\/\/fswe.ca\/fr\/wp-json\/wp\/v2\/pages"}],"about":[{"href":"https:\/\/fswe.ca\/fr\/wp-json\/wp\/v2\/types\/page"}],"author":[{"embeddable":true,"href":"https:\/\/fswe.ca\/fr\/wp-json\/wp\/v2\/users\/5"}],"replies":[{"embeddable":true,"href":"https:\/\/fswe.ca\/fr\/wp-json\/wp\/v2\/comments?post=7277"}],"version-history":[{"count":0,"href":"https:\/\/fswe.ca\/fr\/wp-json\/wp\/v2\/pages\/7277\/revisions"}],"up":[{"embeddable":true,"href":"https:\/\/fswe.ca\/fr\/wp-json\/wp\/v2\/pages\/7241"}],"wp:attachment":[{"href":"https:\/\/fswe.ca\/fr\/wp-json\/wp\/v2\/media?parent=7277"}],"curies":[{"name":"wp","href":"https:\/\/api.w.org\/{rel}","templated":true}]}}