{"id":7282,"date":"2021-02-23T16:43:20","date_gmt":"2021-02-23T21:43:20","guid":{"rendered":"https:\/\/dev.fswe.ca\/?page_id=7282"},"modified":"2026-02-03T21:54:08","modified_gmt":"2026-02-04T02:54:08","slug":"responsabilite-confidentialite-et-protection-de-la-vie-privee","status":"publish","type":"page","link":"https:\/\/fswe.ca\/fr\/a-propos-de-nous\/responsabilite-confidentialite-et-protection-de-la-vie-privee\/","title":{"rendered":"Responsabilit\u00e9, confidentialit\u00e9 et protection de la vie priv\u00e9e"},"content":{"rendered":"<div style=\"height:100px\" aria-hidden=\"true\" class=\"wp-block-spacer\"><\/div>\n<div class=\"wp-block-columns is-layout-flex wp-container-core-columns-is-layout-9d6595d7 wp-block-columns-is-layout-flex\">\n<div class=\"wp-block-column is-vertically-aligned-center is-layout-flow wp-block-column-is-layout-flow\">\n<p class=\"has-medium-font-size\"><a href=\"https:\/\/fswe.ca\/a-propos-de-nous\/responsabilite-confidentialite-et-protection-de-la-vie-privee\/droits-des-clients\/?lang=fr\" title=\"\"><strong>Politique sur les droits et responsabilit\u00e9s des clients<\/strong><\/a><\/p>\n<div style=\"height:10px\" aria-hidden=\"true\" class=\"wp-block-spacer\"><\/div>\n<p class=\"has-medium-font-size\"><a href=\"https:\/\/fswe.ca\/a-propos-de-nous\/responsabilite-confidentialite-et-protection-de-la-vie-privee\/politique-sur-les-plaintes-et-les-appels-des-clients-ou-des-membres-du-public\/?lang=fr\" title=\"Politique sur les plaintes et les appels des clients ou des membres du public\n\"><strong>Politique sur les plaintes et les appels des clients ou des membres du public<br \/><\/strong><\/a><\/p>\n<div style=\"height:10px\" aria-hidden=\"true\" class=\"wp-block-spacer\"><\/div>\n<p class=\"has-medium-font-size\"><a href=\"https:\/\/fswe.ca\/a-propos-de-nous\/responsabilite-confidentialite-et-protection-de-la-vie-privee\/declaration-sur-la-protection-de-la-vie-privee-et-la-confidentialite\/?lang=fr\" title=\"D\u00e9claration sur la protection de la vie priv\u00e9e et la confidentialit\u00e9\"><strong>D\u00e9claration sur la protection de la vie priv\u00e9e et la confidentialit\u00e9<br \/><\/strong><\/a><\/p>\n<div style=\"height:10px\" aria-hidden=\"true\" class=\"wp-block-spacer\"><\/div>\n<p class=\"has-medium-font-size\"><strong><strong><a href=\"https:\/\/fswe.ca\/a-propos-de-nous\/responsabilite-confidentialite-et-protection-de-la-vie-privee\/protection-de-la-vie-privee-en-ligne-et-collecte-de-donnees\/?lang=fr\" title=\"Protection de la vie priv\u00e9e en ligne et collecte de donn\u00e9es\">Protection de la vie priv\u00e9e en ligne et collecte de donn\u00e9es<\/a><\/strong><\/strong><\/p>\n<\/div>\n<div class=\"wp-block-column is-vertically-aligned-center is-layout-flow wp-block-column-is-layout-flow\">\n<div class=\"wp-block-image\">\n<figure class=\"aligncenter size-full\"><img loading=\"lazy\" decoding=\"async\" width=\"350\" height=\"350\" src=\"https:\/\/fswe.ca\/wp-content\/uploads\/2025\/09\/Website-graphics-4.png\" alt=\"\" class=\"wp-image-11913\" srcset=\"https:\/\/fswe.ca\/wp-content\/uploads\/2025\/09\/Website-graphics-4.png 350w, https:\/\/fswe.ca\/wp-content\/uploads\/2025\/09\/Website-graphics-4-300x300.png 300w, https:\/\/fswe.ca\/wp-content\/uploads\/2025\/09\/Website-graphics-4-150x150.png 150w\" sizes=\"auto, (max-width: 350px) 100vw, 350px\" \/><\/figure>\n<\/div>\n<\/div>\n<\/div>\n","protected":false},"excerpt":{"rendered":"<p>Politique sur les droits et responsabilit\u00e9s des clients Politique sur les plaintes et les appels des clients ou des membres&#8230;<\/p>\n","protected":false},"author":5,"featured_media":0,"parent":7241,"menu_order":0,"comment_status":"closed","ping_status":"closed","template":"","meta":{"footnotes":""},"class_list":["post-7282","page","type-page","status-publish","hentry"],"aioseo_notices":[],"_links":{"self":[{"href":"https:\/\/fswe.ca\/fr\/wp-json\/wp\/v2\/pages\/7282","targetHints":{"allow":["GET"]}}],"collection":[{"href":"https:\/\/fswe.ca\/fr\/wp-json\/wp\/v2\/pages"}],"about":[{"href":"https:\/\/fswe.ca\/fr\/wp-json\/wp\/v2\/types\/page"}],"author":[{"embeddable":true,"href":"https:\/\/fswe.ca\/fr\/wp-json\/wp\/v2\/users\/5"}],"replies":[{"embeddable":true,"href":"https:\/\/fswe.ca\/fr\/wp-json\/wp\/v2\/comments?post=7282"}],"version-history":[{"count":0,"href":"https:\/\/fswe.ca\/fr\/wp-json\/wp\/v2\/pages\/7282\/revisions"}],"up":[{"embeddable":true,"href":"https:\/\/fswe.ca\/fr\/wp-json\/wp\/v2\/pages\/7241"}],"wp:attachment":[{"href":"https:\/\/fswe.ca\/fr\/wp-json\/wp\/v2\/media?parent=7282"}],"curies":[{"name":"wp","href":"https:\/\/api.w.org\/{rel}","templated":true}]}}