{"id":7305,"date":"2021-02-24T11:04:22","date_gmt":"2021-02-24T16:04:22","guid":{"rendered":"https:\/\/dev.fswe.ca\/?page_id=7305"},"modified":"2026-02-03T16:05:00","modified_gmt":"2026-02-03T21:05:00","slug":"services-de-counseling","status":"publish","type":"page","link":"https:\/\/fswe.ca\/fr\/nos-services-2\/services-de-counseling\/","title":{"rendered":"Services de counseling"},"content":{"rendered":"<div class=\"wp-block-columns is-layout-flex wp-container-core-columns-is-layout-9d6595d7 wp-block-columns-is-layout-flex\">\n<div class=\"wp-block-column is-vertically-aligned-center is-layout-flow wp-block-column-is-layout-flow\">\n<p class=\"has-medium-font-size\">Services \u00e0 la famille Windsor-Essex offre des services de counseling facilement accessibles, que ce soit en personne, au t\u00e9l\u00e9phone ou en ligne par l\u2019entremise de notre plateforme s\u00e9curis\u00e9e de t\u00e9l\u00e9sant\u00e9.<\/p>\n<div style=\"height:10px\" aria-hidden=\"true\" class=\"wp-block-spacer\"><\/div>\n<p class=\"has-medium-font-size\">Nous soutenons nos clients de plusieurs fa\u00e7ons, notamment en leur offrant des <strong>services de counseling ax\u00e9s sur des solutions<\/strong>, une approche \u00e0 court terme ayant pour but de vous aider \u00e0 atteindre vos objectifs et \u00e0 adopter des changements durables.<\/p>\n<div style=\"height:10px\" aria-hidden=\"true\" class=\"wp-block-spacer\"><\/div>\n<p class=\"has-medium-font-size\">Ce type de counseling&nbsp;:<\/p>\n<ul class=\"wp-block-list\">\n<li class=\"has-medium-font-size\"><strong>Est ax\u00e9 sur les solutions \u2013<\/strong> Nous mettons l\u2019accent sur le d\u00e9veloppement de vos habilet\u00e9s et de vos ressources au lieu de simplement r\u00e9examiner les probl\u00e8mes.<\/li>\n<li class=\"has-medium-font-size\"><strong>Est efficace et d\u2019une dur\u00e9e limit\u00e9e \u2013<\/strong> Pour un grand nombre de clients, il suffit d\u2019une \u00e0 cinq s\u00e9ances pour r\u00e9aliser des progr\u00e8s.<\/li>\n<li class=\"has-medium-font-size\"><strong>Mise sur la collaboration \u2013<\/strong> La conseill\u00e8re ou le conseiller vous aidera \u00e0 atteindre les objectifs que vous vous \u00eates fix\u00e9s.<\/li>\n<li class=\"has-medium-font-size\"><strong>Vous donne les moyens de r\u00e9ussir \u2013<\/strong> Chaque s\u00e9ance vous fournira des strat\u00e9gies que vous pourrez utiliser imm\u00e9diatement.<\/li>\n<\/ul>\n<p class=\"has-medium-font-size\">Que vous deviez relever un d\u00e9fi ou vous adapter \u00e0 un changement dans votre vie, ou encore que vous ayez l\u2019impression de n\u2019aller nulle part, cette approche peut vous aider \u00e0 b\u00e2tir l\u2019avenir que vous souhaitez.<\/p>\n<\/div>\n<div class=\"wp-block-column is-layout-flow wp-block-column-is-layout-flow\">\n<div class=\"wp-block-image\">\n<figure class=\"aligncenter size-full\"><img loading=\"lazy\" decoding=\"async\" width=\"613\" height=\"613\" src=\"https:\/\/fswe.ca\/wp-content\/uploads\/2025\/07\/Website-graphics-21.png\" alt=\"\" class=\"wp-image-11580\" srcset=\"https:\/\/fswe.ca\/wp-content\/uploads\/2025\/07\/Website-graphics-21.png 613w, https:\/\/fswe.ca\/wp-content\/uploads\/2025\/07\/Website-graphics-21-300x300.png 300w, https:\/\/fswe.ca\/wp-content\/uploads\/2025\/07\/Website-graphics-21-150x150.png 150w\" sizes=\"auto, (max-width: 613px) 100vw, 613px\" \/><\/figure>\n<\/div>\n<\/div>\n<\/div>\n<p class=\"has-medium-font-size\">\n<div style=\"height:100px\" aria-hidden=\"true\" class=\"wp-block-spacer\"><\/div>\n<div class=\"wp-block-group full-width mt-5 pb-5 has-background\" style=\"background-color:#5b7394\">\n<div class=\"wp-block-group__inner-container is-layout-flow wp-block-group-is-layout-flow\">\n<div class=\"wp-block-columns is-layout-flex wp-container-core-columns-is-layout-9d6595d7 wp-block-columns-is-layout-flex\">\n<div class=\"wp-block-column is-vertically-aligned-center is-layout-flow wp-block-column-is-layout-flow\">\n<h2 class=\"wp-block-heading has-white-color has-text-color has-link-color wp-elements-06b80fa6e882b2e6cb88c1529a2b69e0\"><strong><strong>Rendez-vous pour une s\u00e9ance de counseling<\/strong><\/strong><\/h2>\n<div style=\"height:20px\" aria-hidden=\"true\" class=\"wp-block-spacer\"><\/div>\n<p class=\"has-white-color has-text-color has-link-color has-medium-font-size wp-elements-54b1bc8ba51a6ccb241b1cb81b9665fc\">Les services de conseil sont disponibles six jours par semaine, y compris le soir et le samedi, ce qui vous permet de trouver plus facilement un cr\u00e9neau qui vous convient.<\/p>\n<div style=\"height:10px\" aria-hidden=\"true\" class=\"wp-block-spacer\"><\/div>\n<p class=\"has-white-color has-text-color has-link-color has-medium-font-size wp-elements-0f6d290feaabec929838ec222a9cf4b3\" style=\"font-style:normal;font-weight:300\">Pour commencer, t\u00e9l\u00e9phonez \u00e0 notre \u00e9quipe de service \u00e0 la client\u00e8le au <strong>519&nbsp;966-5010<\/strong>. Elle se fera un plaisir de vous d\u00e9crire la marche \u00e0 suivre et de r\u00e9pondre \u00e0 vos questions.<\/p>\n<div style=\"height:10px\" aria-hidden=\"true\" class=\"wp-block-spacer\"><\/div>\n<p class=\"has-white-color has-text-color has-link-color has-medium-font-size wp-elements-e431143a46d24ca39841440d2cad9f85\">Si vous pr\u00e9f\u00e9rez, vous pouvez cliquer sur le bouton \u00ab&nbsp;<strong>Prendre rendez-vous<\/strong>&nbsp;\u00bb et demander qu\u2019on vous rappelle au moment qui vous convient.<\/p>\n<div class=\"wp-block-buttons is-content-justification-left is-layout-flex wp-container-core-buttons-is-layout-fdcfc74e wp-block-buttons-is-layout-flex\">\n<div class=\"wp-block-button\"><a class=\"wp-block-button__link wp-element-button\" href=\"https:\/\/search.caredove.com\/service\/24783\/request\"><strong>Prendre rendez-vous<\/strong>&nbsp;<\/a><\/div>\n<\/div>\n<\/div>\n<div class=\"wp-block-column is-vertically-aligned-center is-layout-flow wp-block-column-is-layout-flow\">\n<div class=\"wp-block-image\">\n<figure class=\"aligncenter size-full\"><img loading=\"lazy\" decoding=\"async\" width=\"613\" height=\"613\" src=\"https:\/\/fswe.ca\/wp-content\/uploads\/2025\/07\/Website-graphics-9.png\" alt=\"\" class=\"wp-image-11464\" srcset=\"https:\/\/fswe.ca\/wp-content\/uploads\/2025\/07\/Website-graphics-9.png 613w, https:\/\/fswe.ca\/wp-content\/uploads\/2025\/07\/Website-graphics-9-300x300.png 300w, https:\/\/fswe.ca\/wp-content\/uploads\/2025\/07\/Website-graphics-9-150x150.png 150w\" sizes=\"auto, (max-width: 613px) 100vw, 613px\" \/><\/figure>\n<\/div>\n<\/div>\n<\/div>\n<\/div>\n<\/div>\n<div style=\"height:25px\" aria-hidden=\"true\" class=\"wp-block-spacer\"><\/div>\n<div style=\"height:25px\" aria-hidden=\"true\" class=\"wp-block-spacer\"><\/div>\n<h2 class=\"wp-block-heading\"><strong><strong>Comment se d\u00e9roule la s\u00e9ance de counseling?<\/strong><\/strong><\/h2>\n<div style=\"height:10px\" aria-hidden=\"true\" class=\"wp-block-spacer\"><\/div>\n<p class=\"has-medium-font-size\">La s\u00e9ance de counseling vous permet de parler librement, en toute s\u00e9curit\u00e9. La conseill\u00e8re ou le conseiller&nbsp;:<\/p>\n<ul class=\"wp-block-list\">\n<li class=\"has-medium-font-size\">Vous \u00e9coutera sans porter de jugement.<\/li>\n<li class=\"has-medium-font-size\">Vous aidera \u00e0 d\u00e9terminer ce sur quoi vous voulez vous concentrer.<\/li>\n<li class=\"has-medium-font-size\">Examinera avec vous les d\u00e9fis \u00e0 relever et les occasions \u00e0 saisir.<\/li>\n<li class=\"has-medium-font-size\">Vous aidera \u00e0 d\u00e9terminer et \u00e0 franchir les prochaines \u00e9tapes.<\/li>\n<li class=\"has-medium-font-size\">Vous mettra en contact avec d\u2019autres ressources communautaires au besoin.<\/li>\n<li class=\"has-medium-font-size\">Vous aidera \u00e0 faire face aux changements ou \u00e0 donner suite aux nouvelles pr\u00e9occupations.<\/li>\n<\/ul>\n<p class=\"has-medium-font-size\">C\u2019est vous qui d\u00e9terminerez \u00e0 quel rythme vous voulez avancer. Nous serons l\u00e0 pour vous accompagner.<\/p>\n<h2 class=\"wp-block-heading\"><strong>Frais exig\u00e9s pour les services de counseling<\/strong><\/h2>\n<div style=\"height:10px\" aria-hidden=\"true\" class=\"wp-block-spacer\"><\/div>\n<p class=\"has-medium-font-size\">Si vous vous interrogez sur le co\u00fbt, nous comprenons. Nous proposons diff\u00e9rentes options de paiement afin que l&rsquo;argent ne soit pas un obstacle \u00e0 l&rsquo;obtention d&rsquo;une aide.<\/p>\n<p class=\"has-medium-font-size\">Lorsque vous communiquerez avec nous, un membre de notre sympathique \u00e9quipe de service \u00e0 la client\u00e8le vous d\u00e9crira les services offerts afin que vous puissiez choisir celui qui vous convient.<\/p>\n<p class=\"has-medium-font-size\">T\u00e9l\u00e9phonez-nous au <strong>519&nbsp;966-5010<\/strong> pour commencer. Si vous pr\u00e9f\u00e9rez nous rencontrer, vous trouverez notre adresse et nos heures d\u2019ouverture sur la page <em>Coordonn\u00e9es<\/em>.<\/p>\n<p class=\"has-medium-font-size\">Nous sommes l\u00e0 pour vous aider \u00e0 prendre les d\u00e9cisions qui vous conviennent.<\/p>\n<div style=\"height:100px\" aria-hidden=\"true\" class=\"wp-block-spacer\"><\/div>\n<div class=\"wp-block-group full-width mt-5 pb-5 has-background\" style=\"background-color:#5b7394\">\n<div class=\"wp-block-group__inner-container is-layout-flow wp-block-group-is-layout-flow\">\n<div class=\"wp-block-columns is-layout-flex wp-container-core-columns-is-layout-9d6595d7 wp-block-columns-is-layout-flex\">\n<div class=\"wp-block-column is-vertically-aligned-center is-layout-flow wp-block-column-is-layout-flow\">\n<h2 class=\"wp-block-heading has-white-color has-text-color has-link-color wp-elements-cc324cefbec81a38e0455320a672ab40\"><strong>Services de counseling le jour m\u00eame<\/strong><\/h2>\n<p class=\"has-white-color has-text-color has-link-color has-medium-font-size wp-elements-9943820791b913fa32ba2001f275f64b\">Il y a des moments o\u00f9 il est important de parler \u00e0 quelqu&rsquo;un imm\u00e9diatement, c&rsquo;est pourquoi nous proposons des consultations le jour m\u00eame.<\/p>\n<div style=\"height:20px\" aria-hidden=\"true\" class=\"wp-block-spacer\"><\/div>\n<p class=\"has-white-color has-text-color has-link-color has-medium-font-size wp-elements-72296c480a045745fd0af673969aebab\"><strong>Windsor<\/strong><\/p>\n<ul class=\"wp-block-list\">\n<li class=\"has-white-color has-text-color has-link-color has-medium-font-size wp-elements-b35d7e5f7308e456c25f2a07fe1ca0da\">Les mardis de 12 h \u00e0 20 h et les vendredis de 9 h \u00e0 17 h<\/li>\n<li class=\"has-white-color has-text-color has-link-color has-medium-font-size wp-elements-baf7b6a63a4437e5f522aa64ff01c85e\">Soutien dispens\u00e9 en personne, par t\u00e9l\u00e9phone et en ligne.<\/li>\n<\/ul>\n<p class=\"has-white-color has-text-color has-link-color has-medium-font-size wp-elements-0c06b5096c9f237c0c660dfe32fef025\"><strong>Harrow<\/strong><\/p>\n<ul class=\"wp-block-list\">\n<li class=\"has-white-color has-text-color has-link-color has-medium-font-size wp-elements-13b471772f18e9fb37cb8dcfc78b2838\">Les mardis de 15 h 30 \u00e0 19 h 30 <\/li>\n<li class=\"has-white-color has-text-color has-link-color has-medium-font-size wp-elements-39619574a0996e33aa288bbcd1b43490\">Soutien dispens\u00e9 en personne<\/li>\n<\/ul>\n<div style=\"height:10px\" aria-hidden=\"true\" class=\"wp-block-spacer\"><\/div>\n<p class=\"has-white-color has-text-color has-link-color has-medium-font-size wp-elements-53c5f22acc648bb1b8b5333ac6708fb9\" style=\"font-style:normal;font-weight:300\">Pendant la s\u00e9ance de counseling, nous mettrons l\u2019accent sur votre enjeu le plus pressant et vous aiderons \u00e0 d\u00e9terminer les mesures concr\u00e8tes que vous pouvez prendre imm\u00e9diatement. Dans la plupart des cas, les clients assistent \u00e0 une seule s\u00e9ance. Toutefois, si vous avez besoin d\u2019un soutien suppl\u00e9mentaire, nous discuterons avec vous d\u2019autres services qui pourraient vous \u00eatre utiles. Le temps d\u2019attente d\u00e9pend du nombre de clients, mais nous nous efforcerons de vous rencontrer d\u00e8s que possible.<\/p>\n<\/div>\n<div class=\"wp-block-column is-vertically-aligned-center is-layout-flow wp-block-column-is-layout-flow\">\n<div class=\"wp-block-image\">\n<figure class=\"aligncenter size-full\"><img loading=\"lazy\" decoding=\"async\" width=\"613\" height=\"613\" src=\"https:\/\/fswe.ca\/wp-content\/uploads\/2025\/07\/Website-graphics-10.png\" alt=\"\" class=\"wp-image-11468\" srcset=\"https:\/\/fswe.ca\/wp-content\/uploads\/2025\/07\/Website-graphics-10.png 613w, https:\/\/fswe.ca\/wp-content\/uploads\/2025\/07\/Website-graphics-10-300x300.png 300w, https:\/\/fswe.ca\/wp-content\/uploads\/2025\/07\/Website-graphics-10-150x150.png 150w\" sizes=\"auto, (max-width: 613px) 100vw, 613px\" \/><\/figure>\n<\/div>\n<\/div>\n<\/div>\n<\/div>\n<\/div>\n<div style=\"height:100px\" aria-hidden=\"true\" class=\"wp-block-spacer\"><\/div>\n<h2 class=\"wp-block-heading\"><strong>How does it work?<\/strong><\/h2>\n<div style=\"height:10px\" aria-hidden=\"true\" class=\"wp-block-spacer\"><\/div>\n<p class=\"has-medium-font-size\">Les services de counseling le jour m\u00eame sont offerts aux <strong>adultes<\/strong> qui souhaitent parler \u00e0 une conseill\u00e8re ou un conseiller.<\/p>\n<p class=\"has-medium-font-size\">Si vous <strong>\u00eates en situation de crise<\/strong>, rendez-vous au <strong>Mental Health and Addictions Urgent Crisis Centre<\/strong> situ\u00e9 au <strong>1030, avenue Ouellette <\/strong>(\u00e0 c\u00f4t\u00e9 de l\u2019entr\u00e9e de la rue Goyeau du Service des urgences du complexe Ouellette de l\u2019H\u00f4pital r\u00e9gional de Windsor) ou composez le <strong>519&nbsp;973-4435<\/strong>. Pour obtenir plus de renseignements et conna\u00eetre les heures d\u2019ouverture, consultez le site <a href=\"https:\/\/www.hdgh.org\/mhaucc\">hdgh.org\/mhaucc<\/a>.<\/p>\n<p class=\"has-medium-font-size\">Les couples et les familles sont les bienvenus, mais nous vous recommandons de communiquer d\u2019abord avec notre <strong>\u00e9quipe de service \u00e0 la client\u00e8le<\/strong> au <strong>519 966-5010<\/strong> pour vous assurer que les services de counseling le jour m\u00eame vous conviennent.<\/p>\n<p class=\"has-medium-font-size\">FSWE (Family Services Windsor-Essex) est financ\u00e9 pour fournir un soutien en sant\u00e9 mentale aux enfants et aux jeunes qui sont membres de la communaut\u00e9 2SLGBTQIA+. Contactez notre \u00e9quipe de soutien \u00e0 la client\u00e8le d\u00e8s aujourd&rsquo;hui!<\/p>\n<div style=\"height:100px\" aria-hidden=\"true\" class=\"wp-block-spacer\"><\/div>\n<div class=\"wp-block-group full-width mt-5 pb-5 has-background\" style=\"background-color:#5b7394\">\n<div class=\"wp-block-group__inner-container is-layout-flow wp-block-group-is-layout-flow\">\n<div class=\"wp-block-columns is-layout-flex wp-container-core-columns-is-layout-9d6595d7 wp-block-columns-is-layout-flex\">\n<div class=\"wp-block-column is-vertically-aligned-center is-layout-flow wp-block-column-is-layout-flow\">\n<h2 class=\"wp-block-heading has-white-color has-text-color has-link-color wp-elements-e72dfa078ec8dab63de689fedf874c7c\"><strong><strong>Programmes de counseling en groupe<\/strong><\/strong><\/h2>\n<p class=\"has-white-color has-text-color has-link-color has-medium-font-size wp-elements-4b04a611994a4f40ad7cbb578edf3058\">Nos programmes de counseling en groupe offrent un lieu s\u00fbr o\u00f9 vous serez soutenu(e) et pourrez apprendre, \u00e9changer et vous \u00e9panouir en pr\u00e9sence de personnes qui comprennent ce que vous vivez. \u00c0 l\u2019aide d\u2019approches th\u00e9rapeutiques fond\u00e9es sur des donn\u00e9es probantes, nous vous aidons \u00e0 prendre conscience de votre situation, \u00e0 d\u00e9velopper vos habilet\u00e9s et \u00e0 apporter des changements durables dans votre vie.<\/p>\n<p class=\"has-white-color has-text-color has-link-color has-medium-font-size wp-elements-f3342b2cec17b82e7d81d7d602b0c3a8\">Nous offrons des groupes de <strong>traitement<\/strong> et des groupes de <strong>psychop\u00e9dagogie<\/strong> anim\u00e9s par des conseillers qualifi\u00e9s. Ces groupes&nbsp;:<\/p>\n<ul class=\"wp-block-list\">\n<li class=\"has-white-color has-text-color has-link-color has-medium-font-size wp-elements-ef8dd7e751b26eb35f1d08299de071cc\">comptent de huit \u00e0 douze participants afin de favoriser la cr\u00e9ation de liens et la participation;<\/li>\n<li class=\"has-white-color has-text-color has-link-color has-medium-font-size wp-elements-f158f4c59c328b73a8edca22c95aa029\">sont offerts aux personnes de 18&nbsp;ans et plus;<\/li>\n<li class=\"has-white-color has-text-color has-link-color has-medium-font-size wp-elements-70ce7d62598cefd40530bd9de8c411d7\">comprennent une ou deux s\u00e9ances de deux heures r\u00e9parties sur une p\u00e9riode de six semaines (\u00e0 moins d\u2019indications contraires);<\/li>\n<li class=\"has-white-color has-text-color has-link-color has-medium-font-size wp-elements-d24e7d241270e06177958118cbb46a54\">ont lieu dans un endroit s\u00fbr, priv\u00e9 et confortable.<\/li>\n<\/ul>\n<p class=\"has-white-color has-text-color has-link-color has-medium-font-size wp-elements-fac681e7a46ebb4c9da81b7d7fb66da3\">Des frais de <strong>20&nbsp;$ par s\u00e9ance<\/strong> sont exig\u00e9s pour les services de counseling en groupe. Une aide financi\u00e8re est offerte aux personnes admissibles.<\/p>\n<\/div>\n<div class=\"wp-block-column is-vertically-aligned-center is-layout-flow wp-block-column-is-layout-flow\">\n<div class=\"wp-block-image\">\n<figure class=\"aligncenter size-full\"><img loading=\"lazy\" decoding=\"async\" width=\"613\" height=\"613\" src=\"https:\/\/fswe.ca\/wp-content\/uploads\/2025\/07\/Website-graphics-11.png\" alt=\"\" class=\"wp-image-11471\" srcset=\"https:\/\/fswe.ca\/wp-content\/uploads\/2025\/07\/Website-graphics-11.png 613w, https:\/\/fswe.ca\/wp-content\/uploads\/2025\/07\/Website-graphics-11-300x300.png 300w, https:\/\/fswe.ca\/wp-content\/uploads\/2025\/07\/Website-graphics-11-150x150.png 150w\" sizes=\"auto, (max-width: 613px) 100vw, 613px\" \/><\/figure>\n<\/div>\n<\/div>\n<\/div>\n<\/div>\n<\/div>\n<div style=\"height:50px\" aria-hidden=\"true\" class=\"wp-block-spacer\"><\/div>\n<div class=\"wp-block-group full-width mt-5 pb-5 has-text-color has-background has-link-color wp-elements-bad50b608b59804f41e9b985d9a7056c\" style=\"color:#333333;background-color:#fefefe\">\n<div class=\"wp-block-group__inner-container is-layout-flow wp-block-group-is-layout-flow\">\n<div class=\"wp-block-columns is-layout-flex wp-container-core-columns-is-layout-9d6595d7 wp-block-columns-is-layout-flex\">\n<div class=\"wp-block-column has-text-color has-link-color wp-elements-dd8400a7db63fff1650fc2ad83031ec7 is-layout-flow wp-block-column-is-layout-flow\" style=\"color:#333333\">\n<h2 class=\"wp-block-heading\"><strong><strong>Groupes actuels<\/strong><\/strong><\/h2>\n<h3 class=\"wp-block-heading has-text-color has-link-color wp-elements-b0d0f2a649abe94ef551ec66adfc75be\" style=\"color:#333333\"><\/h3>\n<details class=\"wp-block-details has-black-color has-text-color has-link-color has-medium-font-size wp-elements-f19acad76cbcd01a8836b88af1816828 is-layout-flow wp-block-details-is-layout-flow\">\n<summary><strong><strong>Composer avec la d\u00e9pression<\/strong><\/strong><\/summary>\n<div style=\"height:50px\" aria-hidden=\"true\" class=\"wp-block-spacer\"><\/div>\n<p class=\"has-medium-font-size\">En personne | Le mercredi de 16 h 30 \u00e0 18&nbsp;h&nbsp;30<\/p>\n<p class=\"has-medium-font-size\">Join us for this six week program to:<\/p>\n<ul class=\"wp-block-list\">\n<li class=\"has-medium-font-size\">d\u00e9couvrirez les effets de la d\u00e9pression;<\/li>\n<li>d\u00e9velopperez des habilet\u00e9s vous permettant de composer avec les sympt\u00f4mes d\u00e9pressifs;<\/li>\n<li class=\"has-medium-font-size\">apprendrez comment am\u00e9liorer votre humeur et votre bien-\u00eatre g\u00e9n\u00e9ral.<\/li>\n<\/ul>\n<p class=\"has-medium-font-size\">Pour obtenir plus de renseignements ou pour vous inscrire, composez le 519&nbsp;966\u20115010.<\/p>\n<p class=\"has-medium-font-size\">\n<div style=\"height:100px\" aria-hidden=\"true\" class=\"wp-block-spacer\"><\/div>\n<\/details>\n<details class=\"wp-block-details has-medium-font-size is-layout-flow wp-block-details-is-layout-flow\">\n<summary><strong><strong>G\u00e9rer l\u2019anxi\u00e9t\u00e9<\/strong><\/strong><\/summary>\n<div style=\"height:50px\" aria-hidden=\"true\" class=\"wp-block-spacer\"><\/div>\n<p class=\"has-medium-font-size\">En personne | Le jeudi de 17 h 30 \u00e0 19&nbsp;h<\/p>\n<p class=\"has-medium-font-size\">Join us for this six week program to:<\/p>\n<ul class=\"wp-block-list\">\n<li class=\"has-medium-font-size\">vous renseignerez sur l\u2019anxi\u00e9t\u00e9 et les moyens de la g\u00e9rer;<\/li>\n<li>d\u00e9velopperez des habilet\u00e9s pratiques \u00e0 l\u2019aide de techniques fond\u00e9es sur des donn\u00e9es probantes;<\/li>\n<li class=\"has-medium-font-size\">d\u00e9velopperez votre r\u00e9silience et votre confiance en soi.<\/li>\n<\/ul>\n<p class=\"has-medium-font-size\"><strong><strong>Pour obtenir plus de renseignements ou pour vous inscrire, composez le 519&nbsp;966\u20115010.<\/strong><\/strong><\/p>\n<p class=\"has-medium-font-size\">\n<\/details>\n<\/div>\n<div class=\"wp-block-column is-vertically-aligned-center is-layout-flow wp-block-column-is-layout-flow\"><\/div>\n<\/div>\n<\/div>\n<\/div>\n<div style=\"height:100px\" aria-hidden=\"true\" class=\"wp-block-spacer\"><\/div>\n<div class=\"wp-block-group full-width mt-5 pb-5 has-background\" style=\"background-color:#5b7394\">\n<div class=\"wp-block-group__inner-container is-layout-flow wp-block-group-is-layout-flow\">\n<div class=\"wp-block-columns is-layout-flex wp-container-core-columns-is-layout-9d6595d7 wp-block-columns-is-layout-flex\">\n<div class=\"wp-block-column is-vertically-aligned-center is-layout-flow wp-block-column-is-layout-flow\">\n<h2 class=\"wp-block-heading has-white-color has-text-color has-link-color wp-elements-e45ca52bfc73530b59262ddafa8a898d\"><strong>Programme ontarien de psychoth\u00e9rapie structur\u00e9e<\/strong><\/h2>\n<p class=\"has-white-color has-text-color has-link-color has-medium-font-size wp-elements-802af0d74248a48f66fee4fd2a8bb285\">Services \u00e0 la famille Windsor-Essex, en partenariat avec l\u2019<strong>\u00c9quipe de sant\u00e9 familiale de Windsor<\/strong>, est fier de participer \u00e0 la prestation du <strong>Programme ontarien de psychoth\u00e9rapie structur\u00e9e (POPS)<\/strong> dans la r\u00e9gion de l\u2019Ouest de la province.<\/p>\n<p class=\"has-white-color has-text-color has-link-color has-medium-font-size wp-elements-a89fa4d41cbc5b0b00820039045bc52f\">Le POPS offre gratuitement des s\u00e9ances de psychoth\u00e9rapie fond\u00e9es sur des donn\u00e9es probantes et des soutiens connexes aux adultes de 18&nbsp;ans et plus aux prises avec une d\u00e9pression, de l\u2019anxi\u00e9t\u00e9 ou des pr\u00e9occupations en lien avec l\u2019anxi\u00e9t\u00e9<\/p>\n<p class=\"has-white-color has-text-color has-link-color has-medium-font-size wp-elements-74363ca2c11674751978a1477d7b1663\">Le programme offre un soutien structur\u00e9 de courte dur\u00e9e mettant l\u2019accent sur un probl\u00e8me ou un objectif pr\u00e9cis. Ce soutien repose sur la th\u00e9rapie cognitivo-comportementale (TCC) et les approches connexes.<\/p>\n<p class=\"has-white-color has-text-color has-link-color has-medium-font-size wp-elements-3505eb54c9ff64404847226f0a541bcb\">Pour plus de renseignements, consultez le site <a href=\"https:\/\/www.ospwest.ca\/fr?lang=FR\">ospwest.ca<\/a> ou communiquez avec notre <strong>\u00e9quipe de service \u00e0 la client\u00e8le<\/strong> au <strong>519&nbsp;966\u20115010<\/strong>.<\/p>\n<p class=\"has-white-color has-text-color has-link-color has-medium-font-size wp-elements-dc1b18b0da8f6d7daa5d37b79a36dc01\">\n<div style=\"height:20px\" aria-hidden=\"true\" class=\"wp-block-spacer\"><\/div>\n<\/div>\n<div class=\"wp-block-column is-vertically-aligned-center is-layout-flow wp-block-column-is-layout-flow\">\n<div class=\"wp-block-image\">\n<figure class=\"aligncenter size-full\"><img loading=\"lazy\" decoding=\"async\" width=\"613\" height=\"613\" src=\"https:\/\/fswe.ca\/wp-content\/uploads\/2025\/12\/Website-graphics-1-osp-final.png\" alt=\"\" class=\"wp-image-12378\" srcset=\"https:\/\/fswe.ca\/wp-content\/uploads\/2025\/12\/Website-graphics-1-osp-final.png 613w, https:\/\/fswe.ca\/wp-content\/uploads\/2025\/12\/Website-graphics-1-osp-final-300x300.png 300w, https:\/\/fswe.ca\/wp-content\/uploads\/2025\/12\/Website-graphics-1-osp-final-150x150.png 150w\" sizes=\"auto, (max-width: 613px) 100vw, 613px\" \/><\/figure>\n<\/div>\n<\/div>\n<\/div>\n<\/div>\n<\/div>\n<div style=\"height:200px\" aria-hidden=\"true\" class=\"wp-block-spacer\"><\/div>\n<div class=\"wp-block-group full-width has-background\" style=\"background-color:#027e9a\">\n<div class=\"wp-block-group__inner-container is-layout-flow wp-block-group-is-layout-flow\">\n<div class=\"wp-block-columns is-layout-flex wp-container-core-columns-is-layout-9d6595d7 wp-block-columns-is-layout-flex\">\n<div class=\"wp-block-column is-vertically-aligned-center is-layout-flow wp-block-column-is-layout-flow\">\n<h2 class=\"wp-block-heading has-text-align-left mt-0 mb-0 has-white-color has-text-color\">Besoin d\u2019en parler?<br \/>Nous sommes l\u00e0 pour vous.<\/h2>\n<\/div>\n<div class=\"wp-block-column is-layout-flow wp-block-column-is-layout-flow\">\n<div class=\"wp-block-buttons is-content-justification-center is-layout-flex wp-container-core-buttons-is-layout-16018d1d wp-block-buttons-is-layout-flex\">\n<div class=\"wp-block-button call\"><a class=\"wp-block-button__link wp-element-button\" href=\"tel:18889331831\">Appelez : <strong>1-888-933-1831<\/strong><\/a><\/div>\n<div class=\"wp-block-button email\"><a class=\"wp-block-button__link wp-element-button\" href=\"mailto:info@fswe.ca\">Courriel : <strong>info@fswe.ca<\/strong><\/a><\/div>\n<\/div>\n<\/div>\n<\/div>\n<\/div>\n<\/div>\n","protected":false},"excerpt":{"rendered":"<p>Services \u00e0 la famille Windsor-Essex offre des services de counseling facilement accessibles, que ce soit en personne, au t\u00e9l\u00e9phone ou&#8230;<\/p>\n","protected":false},"author":5,"featured_media":0,"parent":7236,"menu_order":0,"comment_status":"closed","ping_status":"closed","template":"","meta":{"footnotes":""},"class_list":["post-7305","page","type-page","status-publish","hentry"],"aioseo_notices":[],"_links":{"self":[{"href":"https:\/\/fswe.ca\/fr\/wp-json\/wp\/v2\/pages\/7305","targetHints":{"allow":["GET"]}}],"collection":[{"href":"https:\/\/fswe.ca\/fr\/wp-json\/wp\/v2\/pages"}],"about":[{"href":"https:\/\/fswe.ca\/fr\/wp-json\/wp\/v2\/types\/page"}],"author":[{"embeddable":true,"href":"https:\/\/fswe.ca\/fr\/wp-json\/wp\/v2\/users\/5"}],"replies":[{"embeddable":true,"href":"https:\/\/fswe.ca\/fr\/wp-json\/wp\/v2\/comments?post=7305"}],"version-history":[{"count":0,"href":"https:\/\/fswe.ca\/fr\/wp-json\/wp\/v2\/pages\/7305\/revisions"}],"up":[{"embeddable":true,"href":"https:\/\/fswe.ca\/fr\/wp-json\/wp\/v2\/pages\/7236"}],"wp:attachment":[{"href":"https:\/\/fswe.ca\/fr\/wp-json\/wp\/v2\/media?parent=7305"}],"curies":[{"name":"wp","href":"https:\/\/api.w.org\/{rel}","templated":true}]}}