{"id":7339,"date":"2021-02-24T13:20:37","date_gmt":"2021-02-24T18:20:37","guid":{"rendered":"https:\/\/dev.fswe.ca\/?page_id=7339"},"modified":"2026-02-03T16:10:34","modified_gmt":"2026-02-03T21:10:34","slug":"service-des-travailleurs-de-rue-et-soutien-des-personnes-en-situation-ditinerance","status":"publish","type":"page","link":"https:\/\/fswe.ca\/fr\/nos-services-2\/service-des-travailleurs-de-rue-et-soutien-des-personnes-en-situation-ditinerance\/","title":{"rendered":"Service des travailleurs de rue et soutien des personnes en situation d\u2019itin\u00e9rance"},"content":{"rendered":"<div class=\"wp-block-columns is-layout-flex wp-container-core-columns-is-layout-9d6595d7 wp-block-columns-is-layout-flex\">\n<div class=\"wp-block-column is-vertically-aligned-center is-layout-flow wp-block-column-is-layout-flow\">\n<h2 class=\"wp-block-heading\"><strong><strong>Logements avec services de soutien pour les jeunes<\/strong><\/strong><\/h2>\n<div style=\"height:50px\" aria-hidden=\"true\" class=\"wp-block-spacer\"><\/div>\n<p class=\"has-medium-font-size\">SFWE sait que le logement met fin \u00e0 l\u2019itin\u00e9rance. Nous avons donc construit des logements afin d\u2019aider un plus grand nombre de clients \u00e0 trouver un logement permanent s\u00fbr. Ainsi, six logements modulaires meubl\u00e9s avec services de soutien pour les jeunes, inaugur\u00e9s \u00e0 l\u2019automne 2022, ont \u00e9t\u00e9 am\u00e9nag\u00e9s dans des conteneurs d\u2019exp\u00e9dition. Ils peuvent accueillir dix jeunes \u00e0 risque.<\/p>\n<div style=\"height:20px\" aria-hidden=\"true\" class=\"wp-block-spacer\"><\/div>\n<p class=\"has-medium-font-size\">Dans le cadre de notre mod\u00e8le de logement, des travailleurs sociaux collaboreront avec ces jeunes pendant une p\u00e9riode pouvant atteindre trois ans lors de s\u00e9ances hebdomadaires ax\u00e9es sur les forces et la d\u00e9fense des int\u00e9r\u00eats afin de les aider \u00e0 atteindre leurs objectifs sur le plan physique, \u00e9motionnel et spirituel et d\u2019assurer leur bien-\u00eatre. Pour faire un don qui nous aidera \u00e0 d\u00e9velopper notre capacit\u00e9 de r\u00e9duire l\u2019itin\u00e9rance chez les jeunes, <a href=\"https:\/\/www.canadahelps.org\/fr\/dn\/19813\">cliquez ici<\/a>.<\/p>\n<\/div>\n<div class=\"wp-block-column is-vertically-aligned-center is-layout-flow wp-block-column-is-layout-flow\">\n<div class=\"wp-block-image\">\n<figure class=\"aligncenter size-full\"><img loading=\"lazy\" decoding=\"async\" width=\"600\" height=\"600\" src=\"https:\/\/fswe.ca\/wp-content\/uploads\/2025\/10\/watkins-2.png\" alt=\"\" class=\"wp-image-12182\" srcset=\"https:\/\/fswe.ca\/wp-content\/uploads\/2025\/10\/watkins-2.png 600w, https:\/\/fswe.ca\/wp-content\/uploads\/2025\/10\/watkins-2-300x300.png 300w, https:\/\/fswe.ca\/wp-content\/uploads\/2025\/10\/watkins-2-150x150.png 150w\" sizes=\"auto, (max-width: 600px) 100vw, 600px\" \/><\/figure>\n<\/div>\n<\/div>\n<\/div>\n<div style=\"height:50px\" aria-hidden=\"true\" class=\"wp-block-spacer\"><\/div>\n<div class=\"wp-block-columns is-layout-flex wp-container-core-columns-is-layout-9d6595d7 wp-block-columns-is-layout-flex\">\n<div class=\"wp-block-column is-vertically-aligned-center is-layout-flow wp-block-column-is-layout-flow\">\n<h2 class=\"wp-block-heading\"><strong><strong>Service des travailleurs de rue<\/strong><\/strong><\/h2>\n<div style=\"height:50px\" aria-hidden=\"true\" class=\"wp-block-spacer\"><\/div>\n<p class=\"has-medium-font-size\">L&rsquo;\u00e9quipe de sensibilisation de FSWE soutient les personnes sans domicile fixe en allant \u00e0 leur rencontre et en r\u00e9pondant \u00e0 leurs besoins imm\u00e9diats. Nos services comprennent l&rsquo;engagement, la gestion de cas, le soutien \u00e0 la r\u00e9duction des risques et l&rsquo;aide en mati\u00e8re de sant\u00e9 mentale.<\/p>\n<div style=\"height:20px\" aria-hidden=\"true\" class=\"wp-block-spacer\"><\/div>\n<p class=\"has-medium-font-size\">L&rsquo;aide est fournie directement dans les milieux communautaires, notamment les rues, les parcs, les zones de transit, les b\u00e2timents abandonn\u00e9s et d&rsquo;autres lieux o\u00f9 les personnes vivent ou s&rsquo;abritent.<\/p>\n<div style=\"height:20px\" aria-hidden=\"true\" class=\"wp-block-spacer\"><\/div>\n<p class=\"has-medium-font-size\">Les clients peuvent \u00eatre aiguill\u00e9s vers ces services en composant le 311 ou en envoyant un courriel \u00e0 or@fswe.ca.<\/p>\n<\/div>\n<div class=\"wp-block-column is-vertically-aligned-center is-layout-flow wp-block-column-is-layout-flow\"><\/div>\n<\/div>\n<div style=\"height:60px\" aria-hidden=\"true\" class=\"wp-block-spacer\"><\/div>\n<h2 class=\"wp-block-heading\"><strong><strong>Trouver un logement locatif abordable<\/strong><\/strong><\/h2>\n<div style=\"height:50px\" aria-hidden=\"true\" class=\"wp-block-spacer\"><\/div>\n<p class=\"has-medium-font-size\">Pour demander un logement social, communiquez avec le registre central des logements. Pour obtenir de l\u2019aide dans le comt\u00e9 de Windsor et Essex, composez le&nbsp;<a href=\"tel:%20519-254-6994\"><strong>&nbsp;519 254-6994<\/strong><\/a>. Situ\u00e9 au 2470, avenue Dougall, unit\u00e9 6, Windsor, ON N8X 1T2. <a href=\"http:\/\/www.chrwec.com\/\">Visitez le chrwec.com<\/a>.<\/p>\n<div style=\"height:50px\" aria-hidden=\"true\" class=\"wp-block-spacer\"><\/div>\n<div class=\"wp-block-group full-width has-background\" style=\"background-color:#027e9a\">\n<div class=\"wp-block-group__inner-container is-layout-flow wp-block-group-is-layout-flow\">\n<div class=\"wp-block-columns is-layout-flex wp-container-core-columns-is-layout-9d6595d7 wp-block-columns-is-layout-flex\">\n<div class=\"wp-block-column is-vertically-aligned-center is-layout-flow wp-block-column-is-layout-flow\">\n<h2 class=\"wp-block-heading has-text-align-left mt-0 mb-0 has-white-color has-text-color\">Besoin d\u2019en parler?<br \/>Nous sommes l\u00e0 pour vous.<\/h2>\n<\/div>\n<div class=\"wp-block-column is-layout-flow wp-block-column-is-layout-flow\">\n<div class=\"wp-block-buttons is-content-justification-center is-layout-flex wp-container-core-buttons-is-layout-16018d1d wp-block-buttons-is-layout-flex\">\n<div class=\"wp-block-button call\"><a class=\"wp-block-button__link wp-element-button\" href=\"tel:18889331831\">Appelez : <strong>1-888-933-1831<\/strong><\/a><\/div>\n<div class=\"wp-block-button email\"><a class=\"wp-block-button__link wp-element-button\" href=\"mailto:info@fswe.ca\">Courriel : <strong>info@fswe.ca<\/strong><\/a><\/div>\n<\/div>\n<\/div>\n<\/div>\n<\/div>\n<\/div>\n","protected":false},"excerpt":{"rendered":"<p>Logements avec services de soutien pour les jeunes SFWE sait que le logement met fin \u00e0 l\u2019itin\u00e9rance. Nous avons donc&#8230;<\/p>\n","protected":false},"author":5,"featured_media":0,"parent":7236,"menu_order":0,"comment_status":"closed","ping_status":"closed","template":"","meta":{"footnotes":""},"class_list":["post-7339","page","type-page","status-publish","hentry"],"aioseo_notices":[],"_links":{"self":[{"href":"https:\/\/fswe.ca\/fr\/wp-json\/wp\/v2\/pages\/7339","targetHints":{"allow":["GET"]}}],"collection":[{"href":"https:\/\/fswe.ca\/fr\/wp-json\/wp\/v2\/pages"}],"about":[{"href":"https:\/\/fswe.ca\/fr\/wp-json\/wp\/v2\/types\/page"}],"author":[{"embeddable":true,"href":"https:\/\/fswe.ca\/fr\/wp-json\/wp\/v2\/users\/5"}],"replies":[{"embeddable":true,"href":"https:\/\/fswe.ca\/fr\/wp-json\/wp\/v2\/comments?post=7339"}],"version-history":[{"count":0,"href":"https:\/\/fswe.ca\/fr\/wp-json\/wp\/v2\/pages\/7339\/revisions"}],"up":[{"embeddable":true,"href":"https:\/\/fswe.ca\/fr\/wp-json\/wp\/v2\/pages\/7236"}],"wp:attachment":[{"href":"https:\/\/fswe.ca\/fr\/wp-json\/wp\/v2\/media?parent=7339"}],"curies":[{"name":"wp","href":"https:\/\/api.w.org\/{rel}","templated":true}]}}