{"id":7350,"date":"2021-02-24T13:37:35","date_gmt":"2021-02-24T18:37:35","guid":{"rendered":"https:\/\/dev.fswe.ca\/?page_id=7350"},"modified":"2026-02-03T16:08:56","modified_gmt":"2026-02-03T21:08:56","slug":"service-dintervention-contre-la-maltraitance-des-personnes-agees","status":"publish","type":"page","link":"https:\/\/fswe.ca\/fr\/nos-services-2\/service-dintervention-contre-la-maltraitance-des-personnes-agees\/","title":{"rendered":"Service d\u2019intervention contre la maltraitance des personnes \u00e2g\u00e9es"},"content":{"rendered":"<div class=\"wp-block-columns is-layout-flex wp-container-core-columns-is-layout-9d6595d7 wp-block-columns-is-layout-flex\">\n<div class=\"wp-block-column is-vertically-aligned-center is-layout-flow wp-block-column-is-layout-flow\">\n<p class=\"has-medium-font-size\">Gr\u00e2ce \u00e0 notre service d&rsquo;intervention en cas de maltraitance des personnes \u00e2g\u00e9es, nous aidons les personnes \u00e2g\u00e9es \u00e0 faire face \u00e0 la n\u00e9gligence, \u00e0 l&rsquo;intimidation et \u00e0 la maltraitance. La maltraitance des personnes \u00e2g\u00e9es peut inclure :<\/p>\n<div style=\"height:15px\" aria-hidden=\"true\" class=\"wp-block-spacer\"><\/div>\n<ul class=\"wp-block-list\">\n<li class=\"has-medium-font-size\">La n\u00e9gligence de la part d&rsquo;un aidant ou l&rsquo;auto-n\u00e9gligence; <\/li>\n<li class=\"has-medium-font-size\">L&rsquo;utilisation abusive des biens financiers ou mat\u00e9riels; <\/li>\n<li class=\"has-medium-font-size\">La violence physique ou sexuelle; <\/li>\n<li class=\"has-medium-font-size\">La violence psychologique ou \u00e9motionnelle.<\/li>\n<\/ul>\n<\/p>\n<p class=\"has-medium-font-size\">\n<\/p>\n<\/div>\n<div class=\"wp-block-column is-vertically-aligned-center is-layout-flow wp-block-column-is-layout-flow\">\n<div class=\"wp-block-image\">\n<figure class=\"aligncenter size-full\"><img loading=\"lazy\" decoding=\"async\" width=\"350\" height=\"350\" src=\"https:\/\/fswe.ca\/wp-content\/uploads\/2025\/08\/Website-graphics-3.png\" alt=\"\" class=\"wp-image-11651\" srcset=\"https:\/\/fswe.ca\/wp-content\/uploads\/2025\/08\/Website-graphics-3.png 350w, https:\/\/fswe.ca\/wp-content\/uploads\/2025\/08\/Website-graphics-3-300x300.png 300w, https:\/\/fswe.ca\/wp-content\/uploads\/2025\/08\/Website-graphics-3-150x150.png 150w\" sizes=\"auto, (max-width: 350px) 100vw, 350px\" \/><\/figure>\n<\/div>\n<\/div>\n<\/div>\n<div style=\"height:100px\" aria-hidden=\"true\" class=\"wp-block-spacer\"><\/div>\n<div class=\"wp-block-group full-width mt-2 pb-3 has-white-color has-text-color has-background has-link-color wp-elements-6628b2fe08572807b7b2a6bac34716a0\" style=\"background-color:#c97b63\">\n<div class=\"wp-block-group__inner-container is-layout-flow wp-block-group-is-layout-flow\">\n<h2 class=\"wp-block-heading has-white-color has-text-color has-link-color wp-elements-5c4c6be33a3bf0aa47af07257d29fad5\"><strong>Comment cela fonctionne-t-il?<\/strong><\/h2>\n<div class=\"wp-block-columns is-layout-flex wp-container-core-columns-is-layout-9d6595d7 wp-block-columns-is-layout-flex\">\n<div class=\"wp-block-column is-layout-flow wp-block-column-is-layout-flow\">\n<h3 class=\"wp-block-heading\">En fournissant une r\u00e9ponse rapide et souple \u00e0 une demande d\u2019aide.<\/h3>\n<ul id=\"block-ef57db37-cb6a-4d5c-9a20-e9112986bf50\" class=\"wp-block-list\">\n<li class=\"has-medium-font-size\">En jumelant les personnes \u00e2g\u00e9es \u00e0 un travailleur(se) social(e).<\/li>\n<li class=\"has-medium-font-size\">En \u00e9coutant et en s\u2019informant sur les pr\u00e9occupations. imm\u00e9diates de n\u00e9gligence, d\u2019intimidation et de maltraitance.<\/li>\n<li class=\"has-medium-font-size\">En identifiant les facteurs-cl\u00e9s qui influencent la situation.<\/li>\n<\/ul>\n<\/div>\n<div class=\"wp-block-column is-vertically-aligned-top is-layout-flow wp-block-column-is-layout-flow\">\n<h3 class=\"wp-block-heading\">En fournissant un service d\u2019intervention et de soutien professionnel.<\/h3>\n<ul id=\"block-08bebf12-0493-48b1-a700-ca1e14fa2ee2\" class=\"wp-block-list\">\n<li class=\"has-medium-font-size\">En donnant des options, des conseils et du soutien pour adresser les pr\u00e9occupations de maltraitance, de n\u00e9gligence ou d\u2019intimidation.<\/li>\n<li class=\"has-medium-font-size\">En mettant fin ensemble \u00e0 toute maltraitance et en adressant d\u2019autres pr\u00e9occupations.<\/li>\n<li class=\"has-medium-font-size\">En intervenant au nom des personnes \u00e2g\u00e9es, au besoin.<\/li>\n<\/ul>\n<\/div>\n<div class=\"wp-block-column is-layout-flow wp-block-column-is-layout-flow\">\n<h3 class=\"wp-block-heading\">En aidant les personnes \u00e2g\u00e9es \u00e0 progresser dans leur vie.<\/h3>\n<ul class=\"wp-block-list\">\n<li class=\"has-medium-font-size\">En leur apprenant \u00e0 exercer leurs droits et libert\u00e9s pour maintenir leur autonomie.<\/li>\n<li class=\"has-medium-font-size\">En leur apprenant comment reconna\u00eetre \u00e0 l\u2019avenir les probl\u00e8mes qui se d\u00e9veloppent.<\/li>\n<li class=\"has-medium-font-size\">En planifiant une fa\u00e7on d\u2019\u00e9liminer la maltraitance, la n\u00e9gligence et l\u2019intimidation.<\/li>\n<li class=\"has-medium-font-size\">En mettant les personnes \u00e2g\u00e9es en contact avec les services et les ressources disponibles, le cas \u00e9ch\u00e9ant.<\/li>\n<\/ul>\n<\/div>\n<\/div>\n<\/div>\n<\/div>\n<div style=\"height:100px\" aria-hidden=\"true\" class=\"wp-block-spacer\"><\/div>\n<div class=\"wp-block-columns is-layout-flex wp-container-core-columns-is-layout-9d6595d7 wp-block-columns-is-layout-flex\">\n<div class=\"wp-block-column is-layout-flow wp-block-column-is-layout-flow\" style=\"flex-basis:70%\">\n<h3 class=\"wp-block-heading\">Nous pouvons aider un(e) ami(e) ou intervenant(e)<br \/>au nom d\u2019une personne \u00e2g\u00e9e<\/h3>\n<div style=\"height:10px\" aria-hidden=\"true\" class=\"wp-block-spacer\"><\/div>\n<ul class=\"wp-block-list\">\n<li class=\"has-medium-font-size\">Intervenir dans le cas d\u2019une pr\u00e9sum\u00e9e victime de maltraitance<\/li>\n<li class=\"has-medium-font-size\">Aider la personne \u00e2g\u00e9e \u00e0 faire face \u00e0 une \u00e9preuve ou un conflit<\/li>\n<li class=\"has-medium-font-size\">Intervenir au nom de la personne \u00e2g\u00e9e, au besoin<\/li>\n<li class=\"has-medium-font-size\">Apporter du soutien \u00e0 la personne \u00e2g\u00e9e avec les \u00e9tapes \u00e0 suivre<\/li>\n<li class=\"has-medium-font-size\">La mettre en contact avec d\u2019autres organismes pour obtenir du soutien, au besoin<\/li>\n<\/ul>\n<div style=\"height:50px\" aria-hidden=\"true\" class=\"wp-block-spacer\"><\/div>\n<\/div>\n<div class=\"wp-block-column is-layout-flow wp-block-column-is-layout-flow\">\n<h3 class=\"wp-block-heading\"><\/h3>\n<div style=\"height:10px\" aria-hidden=\"true\" class=\"wp-block-spacer\"><\/div>\n<p class=\"has-medium-font-size\">\n<p style=\"font-size:16px\">\n<\/div>\n<\/div>\n<h2 class=\"wp-block-heading\"><strong><strong>Crit\u00e8res d\u2019admissibilit\u00e9<\/strong><\/strong><\/h2>\n<div style=\"height:10px\" aria-hidden=\"true\" class=\"wp-block-spacer\"><\/div>\n<p style=\"font-size:20px\">Adultes de 55 ans et plus.<\/p>\n<div style=\"height:10px\" aria-hidden=\"true\" class=\"wp-block-spacer\"><\/div>\n<p style=\"font-size:20px\"><strong>Recommandations&nbsp;:<\/strong> Bien qu\u2019il n\u2019est pas n\u00e9cessaire d\u2019obtenir une recommandation, les recommandations de la part des membres de la famille, des amis(es), des intervenants(es) et des agences sont les bienvenues.<\/p>\n<p style=\"font-size:20px\"><strong>Volontaire&nbsp;: <\/strong>La participation \u00e0 ce programme est volontaire. Les clients peuvent se retirer du programme en tout temps.<\/p>\n<p style=\"font-size:20px\">\n<div style=\"height:100px\" aria-hidden=\"true\" class=\"wp-block-spacer\"><\/div>\n<div class=\"wp-block-group full-width has-background\" style=\"background-color:#027e9a\">\n<div class=\"wp-block-group__inner-container is-layout-flow wp-block-group-is-layout-flow\">\n<div class=\"wp-block-columns is-layout-flex wp-container-core-columns-is-layout-9d6595d7 wp-block-columns-is-layout-flex\">\n<div class=\"wp-block-column is-vertically-aligned-center is-layout-flow wp-block-column-is-layout-flow\">\n<h2 class=\"wp-block-heading has-text-align-left mt-0 mb-0 has-white-color has-text-color\">Besoin d\u2019en parler?<br \/>Nous sommes l\u00e0 pour vous.<\/h2>\n<\/div>\n<div class=\"wp-block-column is-layout-flow wp-block-column-is-layout-flow\">\n<div class=\"wp-block-buttons is-content-justification-center is-layout-flex wp-container-core-buttons-is-layout-16018d1d wp-block-buttons-is-layout-flex\">\n<div class=\"wp-block-button call\"><a class=\"wp-block-button__link wp-element-button\" href=\"tel:18889331831\">Appelez : <strong>1-888-933-1831<\/strong><\/a><\/div>\n<div class=\"wp-block-button email\"><a class=\"wp-block-button__link wp-element-button\" href=\"mailto:info@fswe.ca\">Courriel : <strong>info@fswe.ca<\/strong><\/a><\/div>\n<\/div>\n<\/div>\n<\/div>\n<\/div>\n<\/div>\n","protected":false},"excerpt":{"rendered":"<p>Gr\u00e2ce \u00e0 notre service d&rsquo;intervention en cas de maltraitance des personnes \u00e2g\u00e9es, nous aidons les personnes \u00e2g\u00e9es \u00e0 faire face&#8230;<\/p>\n","protected":false},"author":5,"featured_media":0,"parent":7236,"menu_order":0,"comment_status":"closed","ping_status":"closed","template":"","meta":{"footnotes":""},"class_list":["post-7350","page","type-page","status-publish","hentry"],"aioseo_notices":[],"_links":{"self":[{"href":"https:\/\/fswe.ca\/fr\/wp-json\/wp\/v2\/pages\/7350","targetHints":{"allow":["GET"]}}],"collection":[{"href":"https:\/\/fswe.ca\/fr\/wp-json\/wp\/v2\/pages"}],"about":[{"href":"https:\/\/fswe.ca\/fr\/wp-json\/wp\/v2\/types\/page"}],"author":[{"embeddable":true,"href":"https:\/\/fswe.ca\/fr\/wp-json\/wp\/v2\/users\/5"}],"replies":[{"embeddable":true,"href":"https:\/\/fswe.ca\/fr\/wp-json\/wp\/v2\/comments?post=7350"}],"version-history":[{"count":0,"href":"https:\/\/fswe.ca\/fr\/wp-json\/wp\/v2\/pages\/7350\/revisions"}],"up":[{"embeddable":true,"href":"https:\/\/fswe.ca\/fr\/wp-json\/wp\/v2\/pages\/7236"}],"wp:attachment":[{"href":"https:\/\/fswe.ca\/fr\/wp-json\/wp\/v2\/media?parent=7350"}],"curies":[{"name":"wp","href":"https:\/\/api.w.org\/{rel}","templated":true}]}}