{"id":7354,"date":"2021-02-24T13:51:08","date_gmt":"2021-02-24T18:51:08","guid":{"rendered":"https:\/\/dev.fswe.ca\/?page_id=7354"},"modified":"2026-02-03T16:08:02","modified_gmt":"2026-02-03T21:08:02","slug":"programme-de-protection-des-adultes","status":"publish","type":"page","link":"https:\/\/fswe.ca\/fr\/nos-services-2\/programme-de-protection-des-adultes\/","title":{"rendered":"Programme de protection des adultes"},"content":{"rendered":"<div class=\"wp-block-columns is-layout-flex wp-container-core-columns-is-layout-9d6595d7 wp-block-columns-is-layout-flex\">\n<div class=\"wp-block-column is-vertically-aligned-center is-layout-flow wp-block-column-is-layout-flow\">\n<p class=\"has-medium-font-size\">Gr\u00e2ce \u00e0 notre <strong>programme de travailleurs sociaux pour la protection des adultes (APSW)<\/strong>, nous aidons les adultes ayant des troubles du d\u00e9veloppement \u00e0 \u00eatre ind\u00e9pendants et actifs au sein de la communaut\u00e9.<\/p>\n<p class=\"has-medium-font-size\">\n<\/p>\n<\/div>\n<div class=\"wp-block-column is-vertically-aligned-center is-layout-flow wp-block-column-is-layout-flow\">\n<div class=\"wp-block-image\">\n<figure class=\"aligncenter size-full\"><img loading=\"lazy\" decoding=\"async\" width=\"350\" height=\"350\" src=\"https:\/\/fswe.ca\/wp-content\/uploads\/2025\/09\/Website-graphics-13.png\" alt=\"\" class=\"wp-image-11759\" srcset=\"https:\/\/fswe.ca\/wp-content\/uploads\/2025\/09\/Website-graphics-13.png 350w, https:\/\/fswe.ca\/wp-content\/uploads\/2025\/09\/Website-graphics-13-300x300.png 300w, https:\/\/fswe.ca\/wp-content\/uploads\/2025\/09\/Website-graphics-13-150x150.png 150w\" sizes=\"auto, (max-width: 350px) 100vw, 350px\" \/><\/figure>\n<\/div>\n<\/div>\n<\/div>\n<div class=\"wp-block-group full-width mt-2 pb-3 has-white-color has-text-color has-background has-link-color wp-elements-3883f2f830ea439a90658370af6bb31d\" style=\"background-color:#c97b63\">\n<div class=\"wp-block-group__inner-container is-layout-flow wp-block-group-is-layout-flow\">\n<h2 class=\"wp-block-heading has-white-color has-text-color has-link-color wp-elements-5c4c6be33a3bf0aa47af07257d29fad5\"><strong>Comment cela fonctionne-t-il?<\/strong><\/h2>\n<div class=\"wp-block-columns is-layout-flex wp-container-core-columns-is-layout-9d6595d7 wp-block-columns-is-layout-flex\">\n<div class=\"wp-block-column is-layout-flow wp-block-column-is-layout-flow\">\n<h3 class=\"wp-block-heading\">Nous aidons chaque personne en :<\/h3>\n<ul id=\"block-ef57db37-cb6a-4d5c-9a20-e9112986bf50\" class=\"wp-block-list\">\n<li class=\"has-medium-font-size\">nous renseignant sur leur situation, leurs attentes et leurs besoins personnels;<\/li>\n<li class=\"has-medium-font-size\">en les jumelant \u00e0 un(e) intervenant(e) en protection des adultes;<\/li>\n<li class=\"has-medium-font-size\">en planifiant ensemble comment nous pouvons aider dans leur vie quotidienne;<\/li>\n<li class=\"has-medium-font-size\">en fournissant des services de counseling et de soutien durant tout le processus;<\/li>\n<li class=\"has-medium-font-size\">en encourageant les membres de la famille et les amis(es) \u00e0 participer au processus de planification;<\/li>\n<li class=\"has-medium-font-size\">en voyant \u00e0 la coordination des ressources et au d\u00e9veloppement de r\u00e9seaux personnels de soutien<\/li>\n<li class=\"has-medium-font-size\">en aidant avec les difficult\u00e9s exceptionnelles qui peuvent se pr\u00e9senter comme les inqui\u00e9tudes en mati\u00e8re de logement ou de relations interpersonnelles.<\/li>\n<\/ul>\n<\/div>\n<div class=\"wp-block-column is-layout-flow wp-block-column-is-layout-flow\">\n<h3 class=\"wp-block-heading\">Type de soutien offert :<\/h3>\n<ul class=\"wp-block-list\">\n<li class=\"has-medium-font-size\">Planification et organisation personnelle des services de soutien comme les services des pr\u00e9pos\u00e9s(\u00e9es) de soutien \u00e0 la personne<\/li>\n<li class=\"has-medium-font-size\"><a href=\"https:\/\/fswe.ca\/nos-services\/services-de-soutien\/ressources-dhabitation-windsor-essex-rhwe\/?lang=fr\" title=\"Ressources d\u2019habitation Windsor-Essex (RHWE)\">Logemen<\/a>t et <a href=\"https:\/\/fswe.ca\/programs\/support-services\/bill-payment-trustee\/\" title=\"Voluntary Trusteeship and Financial Literacy Program\">curatelle volontaire<\/a><\/li>\n<li class=\"has-medium-font-size\">Encouragement \u00e0 la participation communautaire, l\u2019engagement personnel, la bonne condition physique et aux activit\u00e9s r\u00e9cr\u00e9atives&nbsp;<\/li>\n<li class=\"has-medium-font-size\">Soutien en mati\u00e8re d\u2019\u00e9ducation, d\u2019emploi, de b\u00e9n\u00e9volat, de d\u00e9veloppement des aptitudes<\/li>\n<li class=\"has-medium-font-size\">Gestion de la sant\u00e9 et du bien-\u00eatre, planification sociale et interaction<\/li>\n<li class=\"has-medium-font-size\">Intervention personnelle, production de formulaires et de demandes<\/li>\n<li class=\"has-medium-font-size\">Gestion des nouvelles difficult\u00e9s, du vieillissement, de la sant\u00e9 et du deuil.<\/li>\n<\/ul>\n<\/div>\n<div class=\"wp-block-column is-vertically-aligned-top is-layout-flow wp-block-column-is-layout-flow\">\n<h3 class=\"wp-block-heading\">Nous encourageons&nbsp;:<\/h3>\n<p class=\"has-medium-font-size\">les relations de confiance constructives entre les personnes \u00e0 qui nous apportons du soutien, les membres de leur famille, leurs amis(es) et les intervenants(es) du Programme de protection des adultes&nbsp;en vue d\u2019assurer<br \/>que :<\/p>\n<ul class=\"wp-block-list\">\n<li class=\"has-medium-font-size\">les individus vivent pleinement leur vie de fa\u00e7on aussi autonome que possible;<\/li>\n<li class=\"has-medium-font-size\">les membres de la famille et les amis(es) soient impliqu\u00e9s(\u00e9es) dans la vie de la personne ayant une d\u00e9ficience intellectuelle;<\/li>\n<li class=\"has-medium-font-size\">tout le monde sache que la personne obtient le soutien dont elle a besoin quand elle en a besoin.<\/li>\n<\/ul>\n<\/div>\n<\/div>\n<\/div>\n<\/div>\n<div style=\"height:50px\" aria-hidden=\"true\" class=\"wp-block-spacer\"><\/div>\n<div class=\"wp-block-group full-width mt-5 pb-5 has-white-background-color has-background\">\n<div class=\"wp-block-group__inner-container is-layout-flow wp-block-group-is-layout-flow\">\n<h2 class=\"wp-block-heading\"><strong>Crit\u00e8res d&rsquo;admissibilit\u00e9<\/strong><\/h2>\n<div style=\"height:20px\" aria-hidden=\"true\" class=\"wp-block-spacer\"><\/div>\n<p class=\"has-medium-font-size\" id=\"block-4508b6d8-f792-4e70-acb2-b7c4d9dc4abf\">Personnes r\u00e9sidant \u00e0 Windsor-Essex<\/p>\n<p class=\"has-medium-font-size\" id=\"block-299a4a28-24a3-49e0-8155-059108477ba1\"><strong>Recommandations :<\/strong> une recommandation des Services pour le d\u00e9veloppement de l&rsquo;Ontario (DSO) est obligatoire.<\/p>\n<ul id=\"block-c9d47298-a69f-47b5-bbc7-70eab22756a0\" class=\"wp-block-list\">\n<li class=\"has-medium-font-size\">Visitez le site www.dsontario.ca pour plus d&rsquo;informations sur la mani\u00e8re de postuler.<\/li>\n<li class=\"has-medium-font-size\">Ou contactez-nous pour en savoir plus sur ce programme et sur la mani\u00e8re de postuler.<\/li>\n<\/ul>\n<p class=\"has-medium-font-size\" id=\"block-5ce582d7-09fd-4948-838a-bf5b9b0f5152\"><strong>Volontariat :<\/strong> il s&rsquo;agit d&rsquo;un programme volontaire. Les clients peuvent se retirer du programme \u00e0 tout moment en donnant un pr\u00e9avis d&rsquo;environ 30 jours.<\/p>\n<div style=\"height:100px\" aria-hidden=\"true\" class=\"wp-block-spacer\"><\/div>\n<\/div>\n<\/div>\n<div class=\"wp-block-group full-width has-background\" style=\"background-color:#027e9a\">\n<div class=\"wp-block-group__inner-container is-layout-flow wp-block-group-is-layout-flow\">\n<div class=\"wp-block-columns is-layout-flex wp-container-core-columns-is-layout-9d6595d7 wp-block-columns-is-layout-flex\">\n<div class=\"wp-block-column is-vertically-aligned-center is-layout-flow wp-block-column-is-layout-flow\">\n<h2 class=\"wp-block-heading has-text-align-left mt-0 mb-0 has-white-color has-text-color\">Besoin d\u2019en parler?<br \/>Nous sommes l\u00e0 pour vous.<\/h2>\n<\/div>\n<div class=\"wp-block-column is-layout-flow wp-block-column-is-layout-flow\">\n<div class=\"wp-block-buttons is-content-justification-center is-layout-flex wp-container-core-buttons-is-layout-16018d1d wp-block-buttons-is-layout-flex\">\n<div class=\"wp-block-button call\"><a class=\"wp-block-button__link wp-element-button\" href=\"tel:18889331831\">Appelez : <strong>1-888-933-1831<\/strong><\/a><\/div>\n<div class=\"wp-block-button email\"><a class=\"wp-block-button__link wp-element-button\" href=\"mailto:info@fswe.ca\">Courriel : <strong>info@fswe.ca<\/strong><\/a><\/div>\n<\/div>\n<\/div>\n<\/div>\n<\/div>\n<\/div>\n","protected":false},"excerpt":{"rendered":"<p>Gr\u00e2ce \u00e0 notre programme de travailleurs sociaux pour la protection des adultes (APSW), nous aidons les adultes ayant des troubles&#8230;<\/p>\n","protected":false},"author":5,"featured_media":0,"parent":7236,"menu_order":0,"comment_status":"closed","ping_status":"closed","template":"","meta":{"footnotes":""},"class_list":["post-7354","page","type-page","status-publish","hentry"],"aioseo_notices":[],"_links":{"self":[{"href":"https:\/\/fswe.ca\/fr\/wp-json\/wp\/v2\/pages\/7354","targetHints":{"allow":["GET"]}}],"collection":[{"href":"https:\/\/fswe.ca\/fr\/wp-json\/wp\/v2\/pages"}],"about":[{"href":"https:\/\/fswe.ca\/fr\/wp-json\/wp\/v2\/types\/page"}],"author":[{"embeddable":true,"href":"https:\/\/fswe.ca\/fr\/wp-json\/wp\/v2\/users\/5"}],"replies":[{"embeddable":true,"href":"https:\/\/fswe.ca\/fr\/wp-json\/wp\/v2\/comments?post=7354"}],"version-history":[{"count":0,"href":"https:\/\/fswe.ca\/fr\/wp-json\/wp\/v2\/pages\/7354\/revisions"}],"up":[{"embeddable":true,"href":"https:\/\/fswe.ca\/fr\/wp-json\/wp\/v2\/pages\/7236"}],"wp:attachment":[{"href":"https:\/\/fswe.ca\/fr\/wp-json\/wp\/v2\/media?parent=7354"}],"curies":[{"name":"wp","href":"https:\/\/api.w.org\/{rel}","templated":true}]}}