{"id":7360,"date":"2021-02-24T13:57:43","date_gmt":"2021-02-24T18:57:43","guid":{"rendered":"https:\/\/dev.fswe.ca\/?page_id=7360"},"modified":"2026-02-03T16:06:57","modified_gmt":"2026-02-03T21:06:57","slug":"programme-avenues","status":"publish","type":"page","link":"https:\/\/fswe.ca\/fr\/nos-services-2\/programme-avenues\/","title":{"rendered":"Programme Avenues"},"content":{"rendered":"<div class=\"wp-block-columns is-layout-flex wp-container-core-columns-is-layout-9d6595d7 wp-block-columns-is-layout-flex\">\n<div class=\"wp-block-column is-vertically-aligned-center is-layout-flow wp-block-column-is-layout-flow\">\n<p class=\"has-medium-font-size\">Des aides flexibles aident les gens \u00e0 bien vivre. Gr\u00e2ce \u00e0 notre <strong>programme Avenues<\/strong>, nous offrons un soutien personnalis\u00e9 en mati\u00e8re de ressources humaines et de finances aux personnes b\u00e9n\u00e9ficiant d&rsquo;un financement individualis\u00e9 ou Passeport. Notre personnel qualifi\u00e9 travaille avec des adultes ayant des troubles du d\u00e9veloppement pour recruter, embaucher et g\u00e9rer des entrepreneurs ind\u00e9pendants ou des employ\u00e9s. Remarque : des frais s&rsquo;appliquent. Reportez-vous ci-dessous pour plus de d\u00e9tails.<\/p>\n<p class=\"has-medium-font-size\">\n<\/p>\n<\/div>\n<div class=\"wp-block-column is-vertically-aligned-center is-layout-flow wp-block-column-is-layout-flow\"><\/div>\n<\/div>\n<div style=\"height:50px\" aria-hidden=\"true\" class=\"wp-block-spacer\"><\/div>\n<div class=\"wp-block-group full-width mt-2 pb-3 has-white-color has-text-color has-background has-link-color wp-elements-8390e7baf50e4b18b7769116c16983c9\" style=\"background-color:#c97b63\">\n<div class=\"wp-block-group__inner-container is-layout-flow wp-block-group-is-layout-flow\">\n<h2 class=\"wp-block-heading has-white-color has-text-color has-link-color wp-elements-5c4c6be33a3bf0aa47af07257d29fad5\"><strong>Comment cela fonctionne-t-il?<\/strong><\/h2>\n<div class=\"wp-block-columns is-layout-flex wp-container-core-columns-is-layout-9d6595d7 wp-block-columns-is-layout-flex\">\n<div class=\"wp-block-column is-layout-flow wp-block-column-is-layout-flow\">\n<h3 class=\"wp-block-heading\">Le programme Avenues aide les adultes ayant une d\u00e9ficience d\u00e9veloppementale :<\/h3>\n<div style=\"height:10px\" aria-hidden=\"true\" class=\"wp-block-spacer\"><\/div>\n<ul id=\"block-ef57db37-cb6a-4d5c-9a20-e9112986bf50\" class=\"wp-block-list\">\n<li class=\"has-medium-font-size\"><strong>Budget :<\/strong> Vous aider \u00e0 d\u00e9cider comment utiliser au mieux le financement individualis\u00e9 ou le financement <em>Passport<\/em>.<\/li>\n<li class=\"has-medium-font-size\"><strong>Finances :<\/strong> Paiement direct de vos factures \u00e0 d\u2019autres services et fournisseurs. Remboursement des d\u00e9penses factur\u00e9es.<\/li>\n<li class=\"has-medium-font-size\"><strong>Dotation :<\/strong> Soutien au recrutement, \u00e0 la formation et au suivi de vos entrepreneurs\/travailleurs autonomes ou employ\u00e9s. Soutien \u00e0 la gestion de leurs contrats et de leurs \u00e9valuations annuelles.<\/li>\n<li class=\"has-medium-font-size\"><strong>Liaison :<\/strong> Vous mettre en lien avec la communaut\u00e9 au sens large.<\/li>\n<\/ul>\n<\/div>\n<div class=\"wp-block-column is-layout-flow wp-block-column-is-layout-flow\" style=\"flex-basis:50px\"><\/div>\n<div class=\"wp-block-column is-vertically-aligned-top is-layout-flow wp-block-column-is-layout-flow\">\n<h3 class=\"wp-block-heading\">Where do we provide support?<\/h3>\n<div style=\"height:10px\" aria-hidden=\"true\" class=\"wp-block-spacer\"><\/div>\n<p class=\"has-medium-font-size\">Nous offrons notre soutien dans tout le comt\u00e9 de Windsor et Essex, ainsi qu&rsquo;un soutien virtuel et t\u00e9l\u00e9phonique. La plupart des aides sont fournies au sein de la communaut\u00e9 :<\/p>\n<ul class=\"wp-block-list\">\n<li class=\"has-medium-font-size\">Dans les domiciles, lieux de travail, lieux de b\u00e9n\u00e9volat et \u00e9coles;<\/li>\n<\/ul>\n<ul class=\"wp-block-list\">\n<li class=\"has-medium-font-size\">Dans les centres communautaires, commissariats de police, tribunaux, caf\u00e9s et biblioth\u00e8ques.<\/li>\n<\/ul>\n<\/div>\n<\/div>\n<\/div>\n<\/div>\n<div style=\"height:50px\" aria-hidden=\"true\" class=\"wp-block-spacer\"><\/div>\n<h2 class=\"wp-block-heading\"><strong>Ressources du programme Avenues<\/strong><\/h2>\n<div style=\"height:10px\" aria-hidden=\"true\" class=\"wp-block-spacer\"><\/div>\n<ul class=\"wp-block-list\">\n<li class=\"has-medium-font-size\"><a href=\"https:\/\/fswe.ca\/wp-content\/uploads\/2019\/04\/Avenues-Invoice-1.pdf\" target=\"_blank\" rel=\"noreferrer noopener\"><strong>Facture du programme Avenues<\/strong><\/a><\/li>\n<li class=\"has-medium-font-size\"><a href=\"https:\/\/www.ontario.ca\/page\/passport-program-adults-developmental-disability\" target=\"_blank\" rel=\"noreferrer noopener\"><strong>Financement Passport \u2013 \u00c0 quoi puis-je l\u2019utiliser?<\/strong><\/a><\/li>\n<li class=\"has-medium-font-size\"><a href=\"https:\/\/fswe.ca\/wp-content\/uploads\/2021\/04\/1158a_04_14_rev_07_17_fs.pdf\" target=\"_blank\" rel=\"noreferrer noopener\"><strong>Questionnaire WSIB : travailleurs vs exploitants ind\u00e9pendants (pour d\u00e9terminer si vous \u00eates un travailleur ou un exploitant ind\u00e9pendant)<\/strong><\/a><\/li>\n<li class=\"has-medium-font-size\"><a href=\"https:\/\/www.wsib.ca\/en\/operational-policy-manual\/workers-and-independent-operators\" target=\"_blank\" rel=\"noreferrer noopener\"><strong>Lignes directrices de la WSIB : travailleurs vs exploitants ind\u00e9pendants<\/strong><\/a><\/li>\n<li class=\"has-medium-font-size\"><a href=\"https:\/\/www.canada.ca\/en\/revenue-agency\/services\/forms-publications\/publications\/rc4110\/employee-self-employed.html\" target=\"_blank\" rel=\"noreferrer noopener\"><strong>Guide de l\u2019ARC : employ\u00e9 ou travailleur autonome<\/strong><\/a><\/li>\n<li class=\"has-medium-font-size\"><a href=\"https:\/\/www.cscn.on.ca\/site\/en\/passport-program\/passport-funding\" target=\"_blank\" rel=\"noreferrer noopener\"><strong>Lignes directrices du financement Passport de CSCN<\/strong><\/a><\/li>\n<\/ul>\n<div class=\"wp-block-group full-width mt-5 pb-5 has-white-background-color has-background\">\n<div class=\"wp-block-group__inner-container is-layout-flow wp-block-group-is-layout-flow\">\n<h2 class=\"wp-block-heading\"><strong>Crit\u00e8res d&rsquo;admissibilit\u00e9<\/strong><\/h2>\n<div style=\"height:10px\" aria-hidden=\"true\" class=\"wp-block-spacer\"><\/div>\n<p class=\"has-medium-font-size\" id=\"block-4508b6d8-f792-4e70-acb2-b7c4d9dc4abf\">Adultes de 18 ans et plus atteints d&rsquo;un trouble du d\u00e9veloppement qui ont re\u00e7u un financement individualis\u00e9 ou Passeport du minist\u00e8re des Services \u00e0 l&rsquo;enfance, \u00e0 la communaut\u00e9 et aux services sociaux (MCSS).<\/p>\n<div style=\"height:10px\" aria-hidden=\"true\" class=\"wp-block-spacer\"><\/div>\n<p class=\"has-medium-font-size\"><strong>Frais pour le programme Avenues :<\/strong> le co\u00fbt de ce service varie en fonction des services choisis. Veuillez nous contacter pour discuter des frais potentiels et des modalit\u00e9s de paiement.<\/p>\n<p class=\"has-medium-font-size\" id=\"block-299a4a28-24a3-49e0-8155-059108477ba1\"><strong>Recommandations : <\/strong>les recommandations sont accept\u00e9es de la part de la famille, des amis, des d\u00e9fenseurs, des Services de d\u00e9veloppement Ontario (DSO) et d&rsquo;autres professionnels.<\/p>\n<p class=\"has-medium-font-size\" id=\"block-5ce582d7-09fd-4948-838a-bf5b9b0f5152\"><strong>Volontariat :<\/strong> il s&rsquo;agit d&rsquo;un programme volontaire. Les clients peuvent se retirer du programme \u00e0 tout moment en donnant un pr\u00e9avis d&rsquo;environ 30 jours.<\/p>\n<\/div>\n<\/div>\n<div style=\"height:100px\" aria-hidden=\"true\" class=\"wp-block-spacer\"><\/div>\n<div class=\"wp-block-group full-width has-background\" style=\"background-color:#027e9a\">\n<div class=\"wp-block-group__inner-container is-layout-flow wp-block-group-is-layout-flow\">\n<div class=\"wp-block-columns is-layout-flex wp-container-core-columns-is-layout-9d6595d7 wp-block-columns-is-layout-flex\">\n<div class=\"wp-block-column is-vertically-aligned-center is-layout-flow wp-block-column-is-layout-flow\">\n<h2 class=\"wp-block-heading has-text-align-left mt-0 mb-0 has-white-color has-text-color\">Besoin d\u2019en parler?<br \/>Nous sommes l\u00e0 pour vous.<\/h2>\n<\/div>\n<div class=\"wp-block-column is-layout-flow wp-block-column-is-layout-flow\">\n<div class=\"wp-block-buttons is-content-justification-center is-layout-flex wp-container-core-buttons-is-layout-16018d1d wp-block-buttons-is-layout-flex\">\n<div class=\"wp-block-button call\"><a class=\"wp-block-button__link wp-element-button\" href=\"tel:18889331831\">Appelez : <strong>1-888-933-1831<\/strong><\/a><\/div>\n<div class=\"wp-block-button email\"><a class=\"wp-block-button__link wp-element-button\" href=\"mailto:info@fswe.ca\">Courriel : <strong>info@fswe.ca<\/strong><\/a><\/div>\n<\/div>\n<\/div>\n<\/div>\n<\/div>\n<\/div>\n","protected":false},"excerpt":{"rendered":"<p>Des aides flexibles aident les gens \u00e0 bien vivre. Gr\u00e2ce \u00e0 notre programme Avenues, nous offrons un soutien personnalis\u00e9 en&#8230;<\/p>\n","protected":false},"author":5,"featured_media":0,"parent":7236,"menu_order":0,"comment_status":"closed","ping_status":"closed","template":"","meta":{"footnotes":""},"class_list":["post-7360","page","type-page","status-publish","hentry"],"aioseo_notices":[],"_links":{"self":[{"href":"https:\/\/fswe.ca\/fr\/wp-json\/wp\/v2\/pages\/7360","targetHints":{"allow":["GET"]}}],"collection":[{"href":"https:\/\/fswe.ca\/fr\/wp-json\/wp\/v2\/pages"}],"about":[{"href":"https:\/\/fswe.ca\/fr\/wp-json\/wp\/v2\/types\/page"}],"author":[{"embeddable":true,"href":"https:\/\/fswe.ca\/fr\/wp-json\/wp\/v2\/users\/5"}],"replies":[{"embeddable":true,"href":"https:\/\/fswe.ca\/fr\/wp-json\/wp\/v2\/comments?post=7360"}],"version-history":[{"count":0,"href":"https:\/\/fswe.ca\/fr\/wp-json\/wp\/v2\/pages\/7360\/revisions"}],"up":[{"embeddable":true,"href":"https:\/\/fswe.ca\/fr\/wp-json\/wp\/v2\/pages\/7236"}],"wp:attachment":[{"href":"https:\/\/fswe.ca\/fr\/wp-json\/wp\/v2\/media?parent=7360"}],"curies":[{"name":"wp","href":"https:\/\/api.w.org\/{rel}","templated":true}]}}