{"id":7363,"date":"2021-02-24T14:01:44","date_gmt":"2021-02-24T19:01:44","guid":{"rendered":"https:\/\/dev.fswe.ca\/?page_id=7363"},"modified":"2026-02-03T16:07:30","modified_gmt":"2026-02-03T21:07:30","slug":"programme-de-curatelle-volontaire-et-de-culture-financiere","status":"publish","type":"page","link":"https:\/\/fswe.ca\/fr\/nos-services-2\/programme-de-curatelle-volontaire-et-de-culture-financiere\/","title":{"rendered":"Programme de curatelle volontaire et de culture financi\u00e8re"},"content":{"rendered":"<div class=\"wp-block-columns are-vertically-aligned-center is-layout-flex wp-container-core-columns-is-layout-9d6595d7 wp-block-columns-is-layout-flex\">\n<div class=\"wp-block-column is-vertically-aligned-center is-layout-flow wp-block-column-is-layout-flow\" style=\"flex-basis:50%\">\n<p class=\"has-medium-font-size wp-container-content-432d1f4f\">Notre <strong>programme de fiducie volontaire et d&rsquo;\u00e9ducation financi\u00e8re<\/strong> aide les particuliers \u00e0 g\u00e9rer leur argent et \u00e0 acqu\u00e9rir des comp\u00e9tences essentielles en mati\u00e8re de gestion financi\u00e8re.<\/p>\n<\/div>\n<div class=\"wp-block-column is-vertically-aligned-center is-layout-flow wp-block-column-is-layout-flow\"><\/div>\n<\/div>\n<div style=\"height:100px\" aria-hidden=\"true\" class=\"wp-block-spacer\"><\/div>\n<div class=\"wp-block-group full-width mt-2 pb-3 has-white-color has-text-color has-background has-link-color wp-elements-7223a4a44c0aee6cafe1c7ec1424a3c9\" style=\"background-color:#c97b63\">\n<div class=\"wp-block-group__inner-container is-layout-flow wp-block-group-is-layout-flow\">\n<h2 class=\"wp-block-heading has-white-color has-text-color has-link-color wp-elements-5c4c6be33a3bf0aa47af07257d29fad5\"><strong>Comment cela fonctionne-t-il?<\/strong><\/h2>\n<div class=\"wp-block-columns is-layout-flex wp-container-core-columns-is-layout-9d6595d7 wp-block-columns-is-layout-flex\">\n<div class=\"wp-block-column is-layout-flow wp-block-column-is-layout-flow\">\n<h3 class=\"wp-block-heading\">Notre personnel professionnel :<\/h3>\n<ul id=\"block-ef57db37-cb6a-4d5c-9a20-e9112986bf50\" class=\"wp-block-list\">\n<li class=\"has-medium-font-size\">vous aidera \u00e0 rediriger toutes vos sources de revenus et vos factures vers FSWE;<\/li>\n<li class=\"has-medium-font-size\">cr\u00e9era un budget personnalis\u00e9 qui vous convient;<\/li>\n<li class=\"has-medium-font-size\">s&rsquo;assurera que toutes vos factures sont pay\u00e9es \u00e0 temps;<\/li>\n<li class=\"has-medium-font-size\">vous aidera \u00e0 atteindre un objectif d&rsquo;\u00e9pargne;<\/li>\n<li class=\"has-medium-font-size\">vous enseignera les bases de la gestion financi\u00e8re afin d&rsquo;am\u00e9liorer votre sant\u00e9 financi\u00e8re globale.<\/li>\n<\/ul>\n<\/div>\n<div class=\"wp-block-column is-vertically-aligned-top is-layout-flow wp-block-column-is-layout-flow\">\n<h3 class=\"wp-block-heading\">Nos services de d\u00e9fense et de soutien vous aident \u00e0<\/h3>\n<ul id=\"block-08bebf12-0493-48b1-a700-ca1e14fa2ee2\" class=\"wp-block-list\">\n<li class=\"has-medium-font-size\">vous accompagner dans la r\u00e9solution de probl\u00e8mes suppl\u00e9mentaires pouvant survenir en dehors de vos finances;<\/li>\n<li class=\"has-medium-font-size\">vous mettre en relation avec des services de soutien afin d&rsquo;am\u00e9liorer votre sant\u00e9 et votre bien-\u00eatre g\u00e9n\u00e9ral;<\/li>\n<li class=\"has-medium-font-size\">vous mettre en relation avec des services d&rsquo;\u00e9ducation et d&#8217;emploi.<\/li>\n<\/ul>\n<\/div>\n<\/div>\n<\/div>\n<\/div>\n<div style=\"height:50px\" aria-hidden=\"true\" class=\"wp-block-spacer\"><\/div>\n<h2 class=\"wp-block-heading\"><strong>Crit\u00e8res d&rsquo;admissibilit\u00e9<\/strong><\/h2>\n<div style=\"height:10px\" aria-hidden=\"true\" class=\"wp-block-spacer\"><\/div>\n<p style=\"font-size:20px\">Ce programme est ouvert aux personnes \u00e2g\u00e9es de 16 ans et plus qui r\u00e9sident \u00e0 Windsor-Essex et qui remplissent les conditions requises en mati\u00e8re de revenus.<\/p>\n<p class=\"has-medium-font-size\">Les participants doivent \u00eatre capables de donner des directives.<\/p>\n<div style=\"height:10px\" aria-hidden=\"true\" class=\"wp-block-spacer\"><\/div>\n<p style=\"font-size:20px\"><strong>Recommandations :<\/strong> les recommandations ne sont pas obligatoires, mais elles sont les bienvenues de la part de la famille, des amis, des d\u00e9fenseurs et des agences.<\/p>\n<p style=\"font-size:20px\"><strong>Volontariat : <\/strong>il s&rsquo;agit d&rsquo;un programme volontaire. Les clients peuvent se retirer du programme moyennant un pr\u00e9avis d&rsquo;environ 30 jours.<\/p>\n<div style=\"height:100px\" aria-hidden=\"true\" class=\"wp-block-spacer\"><\/div>\n<div class=\"wp-block-group full-width has-background\" style=\"background-color:#027e9a\">\n<div class=\"wp-block-group__inner-container is-layout-flow wp-block-group-is-layout-flow\">\n<div class=\"wp-block-columns is-layout-flex wp-container-core-columns-is-layout-9d6595d7 wp-block-columns-is-layout-flex\">\n<div class=\"wp-block-column is-vertically-aligned-center is-layout-flow wp-block-column-is-layout-flow\">\n<h2 class=\"wp-block-heading has-text-align-left mt-0 mb-0 has-white-color has-text-color\">Besoin d\u2019en parler?<br \/>Nous sommes l\u00e0 pour vous.<\/h2>\n<\/div>\n<div class=\"wp-block-column is-layout-flow wp-block-column-is-layout-flow\">\n<div class=\"wp-block-buttons is-content-justification-center is-layout-flex wp-container-core-buttons-is-layout-16018d1d wp-block-buttons-is-layout-flex\">\n<div class=\"wp-block-button call\"><a class=\"wp-block-button__link wp-element-button\" href=\"tel:18889331831\">Appelez : <strong>1-888-933-1831<\/strong><\/a><\/div>\n<div class=\"wp-block-button email\"><a class=\"wp-block-button__link wp-element-button\" href=\"mailto:info@fswe.ca\">Courriel : <strong>info@fswe.ca<\/strong><\/a><\/div>\n<\/div>\n<\/div>\n<\/div>\n<\/div>\n<\/div>\n","protected":false},"excerpt":{"rendered":"<p>Notre programme de fiducie volontaire et d&rsquo;\u00e9ducation financi\u00e8re aide les particuliers \u00e0 g\u00e9rer leur argent et \u00e0 acqu\u00e9rir des comp\u00e9tences&#8230;<\/p>\n","protected":false},"author":5,"featured_media":0,"parent":7236,"menu_order":0,"comment_status":"closed","ping_status":"closed","template":"","meta":{"footnotes":""},"class_list":["post-7363","page","type-page","status-publish","hentry"],"aioseo_notices":[],"_links":{"self":[{"href":"https:\/\/fswe.ca\/fr\/wp-json\/wp\/v2\/pages\/7363","targetHints":{"allow":["GET"]}}],"collection":[{"href":"https:\/\/fswe.ca\/fr\/wp-json\/wp\/v2\/pages"}],"about":[{"href":"https:\/\/fswe.ca\/fr\/wp-json\/wp\/v2\/types\/page"}],"author":[{"embeddable":true,"href":"https:\/\/fswe.ca\/fr\/wp-json\/wp\/v2\/users\/5"}],"replies":[{"embeddable":true,"href":"https:\/\/fswe.ca\/fr\/wp-json\/wp\/v2\/comments?post=7363"}],"version-history":[{"count":0,"href":"https:\/\/fswe.ca\/fr\/wp-json\/wp\/v2\/pages\/7363\/revisions"}],"up":[{"embeddable":true,"href":"https:\/\/fswe.ca\/fr\/wp-json\/wp\/v2\/pages\/7236"}],"wp:attachment":[{"href":"https:\/\/fswe.ca\/fr\/wp-json\/wp\/v2\/media?parent=7363"}],"curies":[{"name":"wp","href":"https:\/\/api.w.org\/{rel}","templated":true}]}}