{"id":7368,"date":"2021-02-24T14:08:45","date_gmt":"2021-02-24T19:08:45","guid":{"rendered":"https:\/\/dev.fswe.ca\/?page_id=7368"},"modified":"2026-02-03T16:06:17","modified_gmt":"2026-02-03T21:06:17","slug":"programme-dintervention-aupres-des-partenaires-violents-pipv","status":"publish","type":"page","link":"https:\/\/fswe.ca\/fr\/nos-services-2\/programme-dintervention-aupres-des-partenaires-violents-pipv\/","title":{"rendered":"Programme d\u2019intervention aupr\u00e8s des partenaires violents (PIPV)"},"content":{"rendered":"<div class=\"wp-block-columns is-layout-flex wp-container-core-columns-is-layout-9d6595d7 wp-block-columns-is-layout-flex\">\n<div class=\"wp-block-column is-vertically-aligned-center is-layout-flow wp-block-column-is-layout-flow\">\n<p class=\"has-medium-font-size\">Le <strong>Programme d\u2019intervention aupr\u00e8s des partenaires violents (PIPV) <\/strong>constitue un plan d\u2019action du tribunal envers la violence familiale qui assure la participation des d\u00e9linquants(es) ayant des ant\u00e9c\u00e9dents de violence familiale \u00e0 un programme communautaire sp\u00e9cialis\u00e9 de sensibilisation\/counseling en groupe. <\/p>\n<p class=\"has-medium-font-size\">Le Programme PIPV donne la possibilit\u00e9 aux d\u00e9linquants(es), dans le cadre des conditions du tribunal ou de probation impos\u00e9es, d\u2019examiner leur perception et de d\u00e9velopper des fa\u00e7ons non abusives pour r\u00e9soudre les conflits. Par l\u2019entremise de ce programme, notre personnel offre \u00e9galement des services de soutien \u00e0 la victime, ou aux victimes, de violence familiale.<\/p>\n<p class=\"has-medium-font-size\">\n<\/p>\n<p class=\"has-medium-font-size\">\n<\/p>\n<\/div>\n<div class=\"wp-block-column is-vertically-aligned-center is-layout-flow wp-block-column-is-layout-flow\"><\/div>\n<\/div>\n<div class=\"wp-block-group full-width mt-2 pb-3 has-white-color has-text-color has-background has-link-color wp-elements-94610b3fc0f54800f4f47916cb3c3e8d\" style=\"background-color:#c97b63\">\n<div class=\"wp-block-group__inner-container is-layout-flow wp-block-group-is-layout-flow\">\n<h2 class=\"wp-block-heading has-white-color has-text-color has-link-color wp-elements-5c4c6be33a3bf0aa47af07257d29fad5\"><strong>Comment cela fonctionne-t-il?<\/strong><\/h2>\n<div class=\"wp-block-columns is-layout-flex wp-container-core-columns-is-layout-9d6595d7 wp-block-columns-is-layout-flex\">\n<div class=\"wp-block-column is-layout-flow wp-block-column-is-layout-flow\">\n<h3 class=\"wp-block-heading\">Le programme de 12 s\u00e9ances donne la possibilit\u00e9 aux d\u00e9linquants :<\/h3>\n<ul id=\"block-bd94f959-9d3c-426a-8044-b35a508b2631\" class=\"wp-block-list\">\n<li class=\"has-medium-font-size\">d\u2019examiner leur perception et leur attitude vis-\u00e0-vis la violence familiale<\/li>\n<li class=\"has-medium-font-size\">de r\u00e9aliser qu\u2019ils ne sont pas seuls, que d\u2019autres personnes \u00e9prouvent aussi des difficult\u00e9s avec la r\u00e9solution de conflits<\/li>\n<li class=\"has-medium-font-size\">de devenir plus conscient de leurs propres pens\u00e9es, \u00e9motions, \u00e9tats d\u2019\u00e2me et besoins<\/li>\n<li class=\"has-medium-font-size\">de commencer \u00e0 reconna\u00eetre les effets de ces \u00e9l\u00e9ments sur leur vie quotidienne<\/li>\n<li class=\"has-medium-font-size\">de comprendre qu\u2019ils peuvent apprendre de nouvelles fa\u00e7ons de r\u00e9gler les probl\u00e8mes<\/li>\n<li class=\"has-medium-font-size\">de d\u00e9velopper des fa\u00e7ons non abusives pour r\u00e9soudre les conflits<\/li>\n<li class=\"has-medium-font-size\">de faire preuve de responsabilit\u00e9 \u00e0 l&rsquo;\u00e9gard de leurs choix et accepter les cons\u00e9quences<\/li>\n<\/ul>\n<\/div>\n<div class=\"wp-block-column is-layout-flow wp-block-column-is-layout-flow\" style=\"flex-basis:50px\"><\/div>\n<div class=\"wp-block-column is-vertically-aligned-top is-layout-flow wp-block-column-is-layout-flow\">\n<h3 class=\"wp-block-heading\">Domaines de soutien typiques :<\/h3>\n<ul id=\"block-08bebf12-0493-48b1-a700-ca1e14fa2ee2\" class=\"wp-block-list\">\n<li class=\"has-medium-font-size\">Soutien en mati\u00e8re de s\u00e9curit\u00e9, counselling et planification<\/li>\n<li class=\"has-medium-font-size\">Orientation vers des ressources communautaires<\/li>\n<li class=\"has-medium-font-size\">Mises \u00e0 jour r\u00e9guli\u00e8res sur les progr\u00e8s du contrevenant<\/li>\n<\/ul>\n<\/div>\n<\/div>\n<\/div>\n<\/div>\n<div style=\"height:100px\" aria-hidden=\"true\" class=\"wp-block-spacer\"><\/div>\n<h2 class=\"wp-block-heading\"><strong>Crit\u00e8res d&rsquo;admissibilit\u00e9<\/strong><\/h2>\n<div style=\"height:10px\" aria-hidden=\"true\" class=\"wp-block-spacer\"><\/div>\n<p class=\"has-medium-font-size\">Les d\u00e9linquants ayant des ant\u00e9c\u00e9dents de violence familiale dont la participation a \u00e9t\u00e9 impos\u00e9e par le tribunal.<\/p>\n<p class=\"has-medium-font-size\"><strong>Recommandations<\/strong> : Les recommandations qui sont exig\u00e9es pour ce programme r\u00e9sultent d\u2019une ordonnance d\u2019un tribunal ou d\u2019un(e) agent(e) de probation.<\/p>\n<p class=\"has-medium-font-size\"><strong>Obligatoire<\/strong> : Les participants sont dans l\u2019obligation de compl\u00e9ter le programme de 12 s\u00e9ances dans le cadre des conditions du tribunal ou de probation impos\u00e9es.<\/p>\n<div style=\"height:100px\" aria-hidden=\"true\" class=\"wp-block-spacer\"><\/div>\n<div class=\"wp-block-group full-width has-background\" style=\"background-color:#027e9a\">\n<div class=\"wp-block-group__inner-container is-layout-flow wp-block-group-is-layout-flow\">\n<div class=\"wp-block-columns is-layout-flex wp-container-core-columns-is-layout-9d6595d7 wp-block-columns-is-layout-flex\">\n<div class=\"wp-block-column is-vertically-aligned-center is-layout-flow wp-block-column-is-layout-flow\">\n<h2 class=\"wp-block-heading has-text-align-left mt-0 mb-0 has-white-color has-text-color\">Besoin d\u2019en parler?<br \/>Nous sommes l\u00e0 pour vous.<\/h2>\n<\/div>\n<div class=\"wp-block-column is-layout-flow wp-block-column-is-layout-flow\">\n<div class=\"wp-block-buttons is-content-justification-center is-layout-flex wp-container-core-buttons-is-layout-16018d1d wp-block-buttons-is-layout-flex\">\n<div class=\"wp-block-button call\"><a class=\"wp-block-button__link wp-element-button\" href=\"tel:18889331831\">Appelez : <strong>1-888-933-1831<\/strong><\/a><\/div>\n<div class=\"wp-block-button email\"><a class=\"wp-block-button__link wp-element-button\" href=\"mailto:info@fswe.ca\">Courriel : <strong>info@fswe.ca<\/strong><\/a><\/div>\n<\/div>\n<\/div>\n<\/div>\n<\/div>\n<\/div>\n","protected":false},"excerpt":{"rendered":"<p>Le Programme d\u2019intervention aupr\u00e8s des partenaires violents (PIPV) constitue un plan d\u2019action du tribunal envers la violence familiale qui assure&#8230;<\/p>\n","protected":false},"author":5,"featured_media":0,"parent":7236,"menu_order":0,"comment_status":"closed","ping_status":"closed","template":"","meta":{"footnotes":""},"class_list":["post-7368","page","type-page","status-publish","hentry"],"aioseo_notices":[],"_links":{"self":[{"href":"https:\/\/fswe.ca\/fr\/wp-json\/wp\/v2\/pages\/7368","targetHints":{"allow":["GET"]}}],"collection":[{"href":"https:\/\/fswe.ca\/fr\/wp-json\/wp\/v2\/pages"}],"about":[{"href":"https:\/\/fswe.ca\/fr\/wp-json\/wp\/v2\/types\/page"}],"author":[{"embeddable":true,"href":"https:\/\/fswe.ca\/fr\/wp-json\/wp\/v2\/users\/5"}],"replies":[{"embeddable":true,"href":"https:\/\/fswe.ca\/fr\/wp-json\/wp\/v2\/comments?post=7368"}],"version-history":[{"count":0,"href":"https:\/\/fswe.ca\/fr\/wp-json\/wp\/v2\/pages\/7368\/revisions"}],"up":[{"embeddable":true,"href":"https:\/\/fswe.ca\/fr\/wp-json\/wp\/v2\/pages\/7236"}],"wp:attachment":[{"href":"https:\/\/fswe.ca\/fr\/wp-json\/wp\/v2\/media?parent=7368"}],"curies":[{"name":"wp","href":"https:\/\/api.w.org\/{rel}","templated":true}]}}