{"id":7397,"date":"2021-02-24T15:03:11","date_gmt":"2021-02-24T20:03:11","guid":{"rendered":"https:\/\/dev.fswe.ca\/?page_id=7397"},"modified":"2026-02-03T11:51:52","modified_gmt":"2026-02-03T16:51:52","slug":"venez-travailler-avec-nous","status":"publish","type":"page","link":"https:\/\/fswe.ca\/fr\/venez-travailler-avec-nous\/","title":{"rendered":"Venez travailler avec nous"},"content":{"rendered":"<h2 class=\"wp-block-heading\"><strong>Entamez et d\u00e9veloppez une carri\u00e8re int\u00e9ressante et enrichissante avec l\u2019Organisme Services \u00e0 la famille Windsor-Essex!<\/strong><\/h2>\n<div style=\"height:30px\" aria-hidden=\"true\" class=\"wp-block-spacer\"><\/div>\n<p class=\"has-medium-font-size\">Chez SFWE, les membres de notre personnel et de notre \u00e9quipe de haute direction travaillent fort en vue de cr\u00e9er et maintenir une culture qui favorise la diversit\u00e9, l\u2019inclusion et le respect.<\/p>\n<p class=\"has-medium-font-size\">Nous offrons \u00e9galement une gamme d\u2019avantages sociaux ainsi que des politiques et des initiatives qui visent \u00e0 promouvoir la conciliation travail-vie personnelle et le bien-\u00eatre. Nous avons obtenu la d\u00e9signation d\u2019environnement s\u00e9curitaire de la Communaut\u00e9 Fiert\u00e9 Windsor (<em>Windsor Pride Community<\/em>); nous sommes un <a href=\"https:\/\/www.wechu.org\/living-wage\/living-wage\" target=\"_blank\" rel=\"noreferrer noopener\">employeur offrant le salaire vital<\/a> et, en 2019, nous avons re\u00e7u le <a href=\"https:\/\/www.wechu.org\/workplace-health-programs\/gord-smith-healthy-workplace-bike-friendly-workplace-award\" target=\"_blank\" rel=\"noreferrer noopener\">prix platine Gord Smith d\u00e9cern\u00e9 aux environnements de travail sains (<em>Gord Smith Healthy Workplace Award<\/em>)<\/a> en reconnaissance pour notre engagement envers le bien-\u00eatre en milieu de travail. <\/p>\n<p class=\"has-medium-font-size\">SFWE est un employeur offrant l\u2019\u00e9galit\u00e9 professionnelle. Si vous avez besoin d\u2019am\u00e9nagements sp\u00e9ciaux en raison d\u2019une limitation fonctionnelle, veuillez consulter l\u2019affichage du poste pour obtenir de plus amples renseignements.<\/p>\n<div style=\"height:100px\" aria-hidden=\"true\" class=\"wp-block-spacer\"><\/div>\n<div class=\"wp-block-group full-width mt-2 pb-3 has-white-color has-text-color has-background has-link-color wp-elements-649540ce167419835dd1b96f68bcb831\" style=\"background-color:#c97b63\">\n<div class=\"wp-block-group__inner-container is-layout-flow wp-block-group-is-layout-flow\">\n<div class=\"wp-block-columns is-layout-flex wp-container-core-columns-is-layout-9d6595d7 wp-block-columns-is-layout-flex\">\n<div class=\"wp-block-column is-layout-flow wp-block-column-is-layout-flow\">\n<h2 class=\"wp-block-heading has-white-color has-text-color has-link-color wp-elements-5eaf54c47b4102b2fe9eece19f858790\"><strong>Tous les postes<\/strong><\/h2>\n<div style=\"height:10px\" aria-hidden=\"true\" class=\"wp-block-spacer\"><\/div>\n<p class=\"has-medium-font-size\">Tous les postes comprennent :<\/p>\n<ul class=\"wp-block-list has-medium-font-size\">\n<li class=\"has-medium-font-size\">Un salaire et des avantages sociaux concurrentiels<\/li>\n<li class=\"has-medium-font-size\">Des possibilit\u00e9s de formation et de perfectionnement professionnel<\/li>\n<li class=\"has-medium-font-size\">Une culture de travail positive et bienveillante<\/li>\n<li class=\"has-medium-font-size\">Une prestation de services innovante et progressive<\/li>\n<\/ul>\n<\/div>\n<div class=\"wp-block-column is-layout-flow wp-block-column-is-layout-flow\" style=\"flex-basis:50px\"><\/div>\n<div class=\"wp-block-column is-vertically-aligned-top is-layout-flow wp-block-column-is-layout-flow\">\n<h2 class=\"wp-block-heading\"><strong>Conseillers et conseill\u00e8res affili\u00e9s<\/strong><\/h2>\n<div style=\"height:10px\" aria-hidden=\"true\" class=\"wp-block-spacer\"><\/div>\n<p class=\"has-medium-font-size\">Tous les postes de conseiller(\u00e8re) affili\u00e9(e) offrent :<\/p>\n<ul class=\"wp-block-list\">\n<li class=\"has-medium-font-size\">De solides occasions cliniques de pratiquer diverses modalit\u00e9s th\u00e9rapeutiques<\/li>\n<li class=\"has-medium-font-size\">Une prestation de services innovante et progressive au sein d\u2019une culture de soins tenant compte des traumatismes<\/li>\n<li class=\"has-medium-font-size\">Aucun frais g\u00e9n\u00e9raux<\/li>\n<li class=\"has-medium-font-size\">Aucune exigence en mati\u00e8re de marketing<\/li>\n<li class=\"has-medium-font-size\">Des heures et des lieux de rendez-vous vari\u00e9s<\/li>\n<\/ul>\n<\/div>\n<\/div>\n<\/div>\n<\/div>\n<div style=\"height:100px\" aria-hidden=\"true\" class=\"wp-block-spacer\"><\/div>\n<h2 class=\"wp-block-heading\"><strong>Postes vacants<\/strong><\/h2>\n<div style=\"height:30px\" aria-hidden=\"true\" class=\"wp-block-spacer\"><\/div>\n<p class=\"has-medium-font-size\"><strong>Nous embauchons!<\/strong> <a href=\"https:\/\/fswe.bamboohr.com\/jobs\/\" target=\"_blank\" rel=\"noopener\" title=\"\">D\u00e9couvrez<\/a> toutes nos possibilit\u00e9s de carri\u00e8re \u00e0 FSWE.<\/p>\n<p class=\"has-medium-font-size\">Les CV g\u00e9n\u00e9raux peuvent \u00eatre envoy\u00e9s par courriel \u00e0 : <strong><a href=\"mailto:\" title=\"hr@fswe.ca\">hr@fswe.ca<\/a><\/strong><\/p>\n<div style=\"height:100px\" aria-hidden=\"true\" class=\"wp-block-spacer\"><\/div>\n<div class=\"wp-block-group full-width has-background\" style=\"background-color:#f1f1f1\">\n<div class=\"wp-block-group__inner-container is-layout-flow wp-block-group-is-layout-flow\">\n<div class=\"wp-block-buttons aligncenter is-layout-flex wp-block-buttons-is-layout-flex\">\n<div class=\"wp-block-button call\"><a class=\"wp-block-button__link\" href=\"tel:18889331831\">T\u00e9l\u00e9phoner au <strong>1-888-933-1831<\/strong><\/a><\/div>\n<div class=\"wp-block-button email\"><a class=\"wp-block-button__link\" href=\"mailto:info@fswe.ca\">Envoyer un courriel \u00e0 <strong>info@fswe.ca<\/strong><\/a><\/div>\n<\/div>\n<\/div>\n<\/div>\n","protected":false},"excerpt":{"rendered":"<p>Entamez et d\u00e9veloppez une carri\u00e8re int\u00e9ressante et enrichissante avec l\u2019Organisme Services \u00e0 la famille Windsor-Essex! Chez SFWE, les membres de&#8230;<\/p>\n","protected":false},"author":5,"featured_media":0,"parent":0,"menu_order":0,"comment_status":"closed","ping_status":"closed","template":"","meta":{"footnotes":""},"class_list":["post-7397","page","type-page","status-publish","hentry"],"aioseo_notices":[],"_links":{"self":[{"href":"https:\/\/fswe.ca\/fr\/wp-json\/wp\/v2\/pages\/7397","targetHints":{"allow":["GET"]}}],"collection":[{"href":"https:\/\/fswe.ca\/fr\/wp-json\/wp\/v2\/pages"}],"about":[{"href":"https:\/\/fswe.ca\/fr\/wp-json\/wp\/v2\/types\/page"}],"author":[{"embeddable":true,"href":"https:\/\/fswe.ca\/fr\/wp-json\/wp\/v2\/users\/5"}],"replies":[{"embeddable":true,"href":"https:\/\/fswe.ca\/fr\/wp-json\/wp\/v2\/comments?post=7397"}],"version-history":[{"count":0,"href":"https:\/\/fswe.ca\/fr\/wp-json\/wp\/v2\/pages\/7397\/revisions"}],"wp:attachment":[{"href":"https:\/\/fswe.ca\/fr\/wp-json\/wp\/v2\/media?parent=7397"}],"curies":[{"name":"wp","href":"https:\/\/api.w.org\/{rel}","templated":true}]}}