{"id":7414,"date":"2021-02-24T15:41:06","date_gmt":"2021-02-24T20:41:06","guid":{"rendered":"https:\/\/dev.fswe.ca\/?page_id=7414"},"modified":"2021-02-24T15:41:51","modified_gmt":"2021-02-24T20:41:51","slug":"effacer-les-traces","status":"publish","type":"page","link":"https:\/\/fswe.ca\/fr\/effacer-les-traces\/","title":{"rendered":"Effacer les traces"},"content":{"rendered":"<h2 class=\"wp-block-heading\">Types de navigateurs Web :<\/h2>\n<p>S\u00e9lectionnez le logiciel que vous utilisez actuellement et suivez les instructions ci-dessous.<\/p>\n<ul class=\"erase-tabs wp-block-list\">\n<li><a href=\"#pc-chrome\">PC Windows &#8211; Google Chrome<\/a><\/li>\n<li><a href=\"#pc-edge\">PC Windows &#8211; Microsoft Edge<\/a><\/li>\n<li><a href=\"#pc-ie\">PC Windows &#8211; Internet Explorer<\/a><\/li>\n<li><a href=\"#pc-firefox\">PC Windows &#8211; Mozilla Firefox<\/a><\/li>\n<li><a href=\"#mac-chrome\">Mac &#8211; Google Chrome<\/a><\/li>\n<li><a href=\"#mac-safari\">Mac &#8211; Safari<\/a><\/li>\n<li><a href=\"#mac-firefox\">Mac &#8211; Firefox<\/a><\/li>\n<\/ul>\n<hr class=\"wp-block-separator is-style-wide\"\/>\n<h3 class=\"wp-block-heading\" id=\"pc-chrome\"><strong>PC Windows \u2013 Google Chrome<\/strong><\/h3>\n<p><em>(Avant de fermer le navigateur)<\/em><\/p>\n<ul class=\"wp-block-list\">\n<li>\u00c9tape 1 : Cliquer sur \u00ab l\u2019ic\u00f4ne\u00a0\u00e0 trois points \u00bb du menu dans le coin sup\u00e9rieur droit.<\/li>\n<li>\u00c9tape 2 : Cliquer sur \u00ab Param\u00e8tres \u00bb.<\/li>\n<li>\u00c9tape 3 : D\u00e9filer jusqu\u2019au bas et cliquer sur \u00ab Param\u00e8tres avanc\u00e9s\u2026\u00bb.<\/li>\n<li>\u00c9tape 4 : Au bas de la section \u00ab\u00a0Vie priv\u00e9e et s\u00e9curit\u00e9\u00a0\u00bb, cliquer sur \u00ab Effacer les donn\u00e9es de navigation\u2026\u00bb.<\/li>\n<li>\u00c9tape 5 : S\u00e9lectionner les cases de ce que vous voulez effacer et ensuite cliquer sur \u00ab\u00a0Effacer les donn\u00e9es\u00a0\u00bb pour proc\u00e9der.<\/li>\n<\/ul>\n<hr class=\"wp-block-separator is-style-wide\"\/>\n<h3 class=\"wp-block-heading\" id=\"pc-edge\">PC Windows &#8211; Microsoft Edge<\/h3>\n<p><em><em>(Avant de fermer le navigateur)<\/em><\/em><\/p>\n<ul class=\"wp-block-list\">\n<li>\u00c9tape 1\u00a0: S\u00e9lectionner \u00ab l\u2019ic\u00f4ne\u00a0\u00e0 trois points \u00bb dans la barre de menus. Cliquer sur \u00ab R\u00e9glages \u00bb dans le menu d\u00e9roulant.<\/li>\n<li>\u00c9tape 2 : Un panneau de r\u00e9glage appara\u00eetra au c\u00f4t\u00e9 droit de la fen\u00eatre. D\u00e9filer vers le bas jusqu\u2019\u00e0 \u00ab Effacer les donn\u00e9es de navigation\u2026\u00bb.<\/li>\n<li>\u00c9tape 3 : En-dessous de \u00ab Effacer les donn\u00e9es de navigation\u2026\u00bb, cliquer sur le bouton \u00ab Choisir les donn\u00e9es \u00e0 effacer \u00bb.<\/li>\n<li>\u00c9tape 4 : S\u00e9lectionner les cases de ce que vous voulez effacer. S\u00e9lectionner toutes les cases pour tout effacer.<\/li>\n<li>\u00c9tape 5 : Cliquer sur \u00ab Effacer \u00bb au bas pour proc\u00e9der.<\/li>\n<\/ul>\n<hr class=\"wp-block-separator is-style-wide\"\/>\n<h3 class=\"wp-block-heading\" id=\"pc-ie\">PC Windows &#8211; Internet Explorer<\/h3>\n<p><em>(Avant de fermer le navigateur)<\/em><\/p>\n<ul class=\"wp-block-list\">\n<li>\u00c9tape 1 : S\u00e9lectionner \u00ab l\u2019ic\u00f4ne\u00a0de la roue d\u2019engrenage\u00a0\u00bb<img loading=\"lazy\" decoding=\"async\" width=\"44\" height=\"46\" src=\"https:\/\/fswe.ca\/wp-content\/uploads\/2018\/12\/IE_gear_icon.png\" alt=\"gear icon\"> dans la barre de menus. Ouvrir la bo\u00eete de dialogue \u00ab Options Internet \u00bb\u00a0 et s\u00e9lectionner l\u2019onglet \u00ab G\u00e9n\u00e9ral \u00bb.<\/li>\n<li>\u00c9tape 2 : \u00c0 la section intitul\u00e9e \u00ab Historique de navigation \u00bb, cliquer sur \u00ab Supprimer \u00bb.<\/li>\n<li>\u00c9tape 3 : Dans la fen\u00eatre suivante, les donn\u00e9es qui peuvent \u00eatre effac\u00e9es seront affich\u00e9es. Cliquer sur toutes les cases \u00e0 cocher pour effacer toutes les donn\u00e9es.<\/li>\n<li>\u00c9tape 4 : Une fois l\u2019\u00e9tape pr\u00e9c\u00e9dente termin\u00e9e, cliquer sur le bouton \u00ab Supprimer \u00bb au bas de la fen\u00eatre surgissante.<\/li>\n<li>\u00c9tape 5 : Cliquer sur OK pour quitter la bo\u00eete de dialogue \u00ab Options Internet \u00bb.<\/li>\n<\/ul>\n<hr class=\"wp-block-separator is-style-wide\"\/>\n<h3 class=\"wp-block-heading\" id=\"pc-firefox\">PC Windows &#8211; Mozilla Firefox<\/h3>\n<p><em><em>(Avant de fermer le navigateur)<\/em><\/em><\/p>\n<ul class=\"wp-block-list\">\n<li>\u00c9tape 1 : S\u00e9lectionner l\u2019ic\u00f4ne <img loading=\"lazy\" decoding=\"async\" width=\"30\" height=\"30\" src=\"https:\/\/fswe.ca\/wp-content\/uploads\/2018\/12\/firefox_pc_icon.png\" alt=\"\"> \u00e0 droite dans la barre de menus, puis s\u00e9lectionner \u00ab Historique \u00bb.<\/li>\n<li>\u00c9tape 2 : Une nouvelle fen\u00eatre s\u2019ouvrira. Cliquer sur\u00a0\u00ab Effacer l\u2019historique r\u00e9cent\u2026 \u00bb.<\/li>\n<li>\u00c9tape 3 : S\u00e9lectionner l\u2019intervalle \u00e0 effacer \u00e0 partir du menu d\u00e9roulant.\u00a0\u00a0<\/li>\n<li>\u00c9tape 4 : S\u00e9lectionner toutes les options qu\u2019on d\u00e9sire effacer de l\u2019historique de navigation en cliquant sur les cases \u00e0 cocher. Pour tout effacer, cliquer sur toutes les cases \u00e0 cocher.<\/li>\n<li>\u00c9tape 5 : Cliquer sur \u00ab Effacer maintenant \u00bb pour compl\u00e9ter le processus.<\/li>\n<\/ul>\n<hr class=\"wp-block-separator is-style-wide\"\/>\n<h3 class=\"wp-block-heading\" id=\"mac-chrome\">Mac &#8211; Google Chrome<\/h3>\n<p><em><em>(Avant de fermer le navigateur)<\/em><\/em><\/p>\n<ul class=\"wp-block-list\">\n<li>\u00c9tape 1 : Cliquer sur \u00ab Chrome \u00bb dans le menu principal.<\/li>\n<li>\u00c9tape 2 : Cliquer sur \u00ab Effacer les donn\u00e9es de navigation \u00bb.<\/li>\n<\/ul>\n<hr class=\"wp-block-separator is-style-wide\"\/>\n<h3 class=\"wp-block-heading\" id=\"mac-safari\">Mac &#8211; Safari<\/h3>\n<p><em><em>(Avant de fermer le navigateur)<\/em><\/em><\/p>\n<ul class=\"wp-block-list\">\n<li>\u00c9tape 1 : Aller \u00e0 l\u2019onglet \u00ab Historique \u00bb du menu principal.<\/li>\n<li>\u00c9tape 2 : D\u00e9filer vers le bas et cliquer sur \u00ab Effacer l\u2019historique \u00bb.<\/li>\n<\/ul>\n<hr class=\"wp-block-separator is-style-wide\"\/>\n<h3 class=\"wp-block-heading\" id=\"mac-firefox\">Mac &#8211; Firefox<\/h3>\n<p><em><em>(Avant de fermer le navigateur)<\/em><\/em><\/p>\n<ul class=\"wp-block-list\">\n<li>\u00c9tape 1 : Aller \u00e0 \u00ab Pr\u00e9f\u00e9rences \u00bb sous l\u2019onglet \u00ab Firefox \u00bb du menu principal.<\/li>\n<li>\u00c9tape 2 : Cliquer sur l\u2019onglet \u00ab Vie priv\u00e9e et s\u00e9curit\u00e9 \u00bb puis aller \u00e0 la section \u00ab Historique \u00bb.<\/li>\n<li>\u00c9tape 3 : Cliquer sur \u00ab Effacer l\u2019historique \u00bb.<\/li>\n<li>\u00c9tape 4 : S\u00e9lectionner l\u2019intervalle \u00e0 effacer \u00e0 partir du menu d\u00e9roulant.\u00a0\u00a0<\/li>\n<li>\u00c9tape 5 : S\u00e9lectionner toutes les options qu\u2019on d\u00e9sire effacer de l\u2019historique de navigation en cliquant sur les cases \u00e0 cocher. Pour tout effacer, cliquer sur toutes les cases \u00e0 cocher.<\/li>\n<li>\u00c9tape 6 : Cliquer sur \u00ab OK \u00bb pour compl\u00e9ter le processus.<\/li>\n<\/ul>\n<div style=\"height:100px\" aria-hidden=\"true\" class=\"wp-block-spacer\"><\/div>\n<div class=\"wp-block-group full-width has-background\" style=\"background-color:#f1f1f1\">\n<div class=\"wp-block-group__inner-container is-layout-flow wp-block-group-is-layout-flow\">\n<div class=\"wp-block-buttons aligncenter is-layout-flex wp-block-buttons-is-layout-flex\">\n<div class=\"wp-block-button call\"><a class=\"wp-block-button__link\" href=\"tel:18889331831\">T\u00e9l\u00e9phoner au <strong>1-888-933-1831<\/strong><\/a><\/div>\n<div class=\"wp-block-button email\"><a class=\"wp-block-button__link\" href=\"mailto:info@fswe.ca\">Envoyer un courriel \u00e0 <strong>info@fswe.ca<\/strong><\/a><\/div>\n<\/div>\n<\/div>\n<\/div>\n","protected":false},"excerpt":{"rendered":"<p>Types de navigateurs Web : S\u00e9lectionnez le logiciel que vous utilisez actuellement et suivez les instructions ci-dessous. PC Windows &#8211;&#8230;<\/p>\n","protected":false},"author":5,"featured_media":0,"parent":0,"menu_order":0,"comment_status":"closed","ping_status":"closed","template":"","meta":{"footnotes":""},"class_list":["post-7414","page","type-page","status-publish","hentry"],"aioseo_notices":[],"_links":{"self":[{"href":"https:\/\/fswe.ca\/fr\/wp-json\/wp\/v2\/pages\/7414","targetHints":{"allow":["GET"]}}],"collection":[{"href":"https:\/\/fswe.ca\/fr\/wp-json\/wp\/v2\/pages"}],"about":[{"href":"https:\/\/fswe.ca\/fr\/wp-json\/wp\/v2\/types\/page"}],"author":[{"embeddable":true,"href":"https:\/\/fswe.ca\/fr\/wp-json\/wp\/v2\/users\/5"}],"replies":[{"embeddable":true,"href":"https:\/\/fswe.ca\/fr\/wp-json\/wp\/v2\/comments?post=7414"}],"version-history":[{"count":0,"href":"https:\/\/fswe.ca\/fr\/wp-json\/wp\/v2\/pages\/7414\/revisions"}],"wp:attachment":[{"href":"https:\/\/fswe.ca\/fr\/wp-json\/wp\/v2\/media?parent=7414"}],"curies":[{"name":"wp","href":"https:\/\/api.w.org\/{rel}","templated":true}]}}