{"id":9097,"date":"2022-02-21T18:25:36","date_gmt":"2022-02-21T23:25:36","guid":{"rendered":"https:\/\/familyservice2.wpenginepowered.com\/?page_id=9097"},"modified":"2022-03-15T14:05:29","modified_gmt":"2022-03-15T18:05:29","slug":"atelier-de-bien-etre-virtuel","status":"publish","type":"page","link":"https:\/\/fswe.ca\/fr\/nos-services-2\/atelier-de-bien-etre-virtuel\/","title":{"rendered":"Ateliers de bien-\u00eatre virtuels"},"content":{"rendered":"<p>Bienvenue \u00e0 notre s\u00e9rie d\u2019ateliers de bien-\u00eatre virtuels anim\u00e9e par Zahra, conseill\u00e8re chez SFWE.<\/p>\n<p>Dans cette s\u00e9rie, nous traitons des sujets suivants :<\/p>\n<ul class=\"wp-block-list\">\n<li>Sens de soi<\/li>\n<li>Limites, communication&nbsp;et prise de d\u00e9cision<\/li>\n<li>Sentiments,&nbsp;anxi\u00e9t\u00e9&nbsp;et stress<\/li>\n<li>D\u00e9pression et col\u00e8re<\/li>\n<\/ul>\n<p>Il y a de la documentation offerte avec chaque module que vous pouvez t\u00e9l\u00e9charger au moyen du lien figurant sous chaque vid\u00e9o.<\/p>\n<p>Dans l\u2019\u00e9ventualit\u00e9 o\u00f9 vous aimeriez parler avec un conseiller ou une conseill\u00e8re pendant que vous regardez la s\u00e9rie de modules, vous trouverez ci-dessous deux options qui peuvent vous convenir :<\/p>\n<ul class=\"wp-block-list\">\n<li>Joindre une de nos <a href=\"https:\/\/fswe.ca\/nos-services\/services-de-counseling\/seances-de-counseling-en-groupe-sans-rendez-vous-du-programme-de-bien-etre\/?lang=fr\">s\u00e9ances de counseling en groupe sans rendez-vous du programme de bien-\u00eatre<\/a>&nbsp;(offertes virtuellement) les lundis de 17 h 30 \u00e0 19 h. Ces s\u00e9ances pr\u00e9sentent le m\u00eame contenu que les vid\u00e9os.<\/li>\n<li>Acc\u00e9der \u00e0 nos&nbsp;<a href=\"https:\/\/fswe.ca\/nos-services\/services-de-counseling\/seances-de-counseling-sans-rendez-vous-du-programme-de-bien-etre\/?lang=fr\">s\u00e9ances de counseling sans rendez-vous<\/a>&nbsp;(actuellement disponibles par t\u00e9l\u00e9phone) en vue de cr\u00e9er un plan pour g\u00e9rer toute inqui\u00e9tude qui ferait surface dans le cadre de votre participation aux modules.&nbsp;<\/li>\n<\/ul>\n<p>Si vous aimeriez obtenir de plus amples renseignements concernant nos services de counseling, veuillez communiquer avec nous en composant le <a href=\"tel:5199665010\" target=\"_blank\" rel=\"noreferrer noopener\">519-966-5010<\/a>&nbsp;et notre \u00e9quipe du service d\u2019assistance \u00e0 client\u00e8le se fera un plaisir de vous aider.<\/p>\n<\/p>\n<hr class=\"wp-block-separator\"\/>\n<h2 class=\"wp-block-heading\">Module 1<\/h2>\n<h3 class=\"wp-block-heading\">Sens de soi<\/h3>\n<figure class=\"wp-block-embed is-type-video is-provider-youtube wp-block-embed-youtube wp-embed-aspect-16-9 wp-has-aspect-ratio\">\n<div class=\"wp-block-embed__wrapper\">\n<iframe loading=\"lazy\" title=\"Module 1 - Sens de soi\" width=\"1140\" height=\"641\" src=\"https:\/\/www.youtube.com\/embed\/Ks3gyfCiX6Y?feature=oembed\" frameborder=\"0\" allow=\"accelerometer; autoplay; clipboard-write; encrypted-media; gyroscope; picture-in-picture\" allowfullscreen><\/iframe>\n<\/div>\n<\/figure>\n<p>T\u00e9l\u00e9charger la documentation pour le <a href=\"https:\/\/fswe.ca\/wp-content\/uploads\/2022\/03\/Wellness-Program-Handouts-Module-1-Sense-of-Self_FR1.pdf\" target=\"_blank\" rel=\"noreferrer noopener\">Module 1 &#8211; Sense de soi<\/a><\/p>\n<div style=\"height:100px\" aria-hidden=\"true\" class=\"wp-block-spacer\"><\/div>\n<h2 class=\"wp-block-heading\">Module 2<\/h2>\n<h3 class=\"wp-block-heading\">Limites, communication et prise de d\u00e9cision<\/h3>\n<figure class=\"wp-block-embed is-type-video is-provider-youtube wp-block-embed-youtube wp-embed-aspect-16-9 wp-has-aspect-ratio\">\n<div class=\"wp-block-embed__wrapper\">\n<iframe loading=\"lazy\" title=\"Module 2 - Limites, communication et prise de d\u00e9cision\" width=\"1140\" height=\"641\" src=\"https:\/\/www.youtube.com\/embed\/UUfSaK2hUY4?feature=oembed\" frameborder=\"0\" allow=\"accelerometer; autoplay; clipboard-write; encrypted-media; gyroscope; picture-in-picture\" allowfullscreen><\/iframe>\n<\/div>\n<\/figure>\n<p> T\u00e9l\u00e9charger la documentation pour le Module 2 &#8211; <a href=\"https:\/\/fswe.ca\/wp-content\/uploads\/2022\/03\/Wellness-Program-Handouts-Module-2-Boundaries-Communication-Decision-Making_FR1.pdf\" target=\"_blank\" rel=\"noreferrer noopener\">Limites, communication et prise de d\u00e9cision<\/a><\/p>\n<div style=\"height:100px\" aria-hidden=\"true\" class=\"wp-block-spacer\"><\/div>\n<h2 class=\"wp-block-heading\">Module 3<\/h2>\n<h3 class=\"wp-block-heading\">Sentiments, anxi\u00e9t\u00e9 et stress<\/h3>\n<figure class=\"wp-block-embed is-type-video is-provider-youtube wp-block-embed-youtube wp-embed-aspect-16-9 wp-has-aspect-ratio\">\n<div class=\"wp-block-embed__wrapper\">\n<iframe loading=\"lazy\" title=\"Module 3 - Sentiments, anxi\u00e9t\u00e9 et stress\" width=\"1140\" height=\"641\" src=\"https:\/\/www.youtube.com\/embed\/3U8lUC_eYBI?feature=oembed\" frameborder=\"0\" allow=\"accelerometer; autoplay; clipboard-write; encrypted-media; gyroscope; picture-in-picture\" allowfullscreen><\/iframe>\n<\/div>\n<\/figure>\n<p>T\u00e9l\u00e9charger la documentation pour le Module 3 &#8211; <a href=\"https:\/\/fswe.ca\/wp-content\/uploads\/2022\/03\/Wellness-Program-Handouts-Module-3-Feelings-Anxiety-Stress_FR1.pdf\" target=\"_blank\" rel=\"noreferrer noopener\">Sentiments, anxi\u00e9t\u00e9 et stress<\/a><\/p>\n<div style=\"height:100px\" aria-hidden=\"true\" class=\"wp-block-spacer\"><\/div>\n<h2 class=\"wp-block-heading\">Module 4 <\/h2>\n<h3 class=\"wp-block-heading\">D\u00e9pression et col\u00e8re<\/h3>\n<figure class=\"wp-block-embed is-type-video is-provider-youtube wp-block-embed-youtube wp-embed-aspect-16-9 wp-has-aspect-ratio\">\n<div class=\"wp-block-embed__wrapper\">\n<iframe loading=\"lazy\" title=\"Module 4 - D\u00e9pression et col\u00e8re\" width=\"1140\" height=\"641\" src=\"https:\/\/www.youtube.com\/embed\/WTlTXSXALfo?feature=oembed\" frameborder=\"0\" allow=\"accelerometer; autoplay; clipboard-write; encrypted-media; gyroscope; picture-in-picture\" allowfullscreen><\/iframe>\n<\/div>\n<\/figure>\n<p> T\u00e9l\u00e9charger la documentation pour le Module 4 &#8211;<a href=\"https:\/\/fswe.ca\/wp-content\/uploads\/2022\/03\/Wellness-Program-Handouts-Module-4-Depression-Anger_FR1.pdf\" target=\"_blank\" rel=\"noreferrer noopener\">  D\u00e9pression et col\u00e8re <\/a><\/p>\n<div style=\"height:100px\" aria-hidden=\"true\" class=\"wp-block-spacer\"><\/div>\n","protected":false},"excerpt":{"rendered":"<p>Bienvenue \u00e0 notre s\u00e9rie d\u2019ateliers de bien-\u00eatre virtuels anim\u00e9e par Zahra, conseill\u00e8re chez SFWE. Dans cette s\u00e9rie, nous traitons des&#8230;<\/p>\n","protected":false},"author":6,"featured_media":0,"parent":7236,"menu_order":0,"comment_status":"closed","ping_status":"closed","template":"","meta":{"footnotes":""},"class_list":["post-9097","page","type-page","status-publish","hentry"],"aioseo_notices":[],"_links":{"self":[{"href":"https:\/\/fswe.ca\/fr\/wp-json\/wp\/v2\/pages\/9097","targetHints":{"allow":["GET"]}}],"collection":[{"href":"https:\/\/fswe.ca\/fr\/wp-json\/wp\/v2\/pages"}],"about":[{"href":"https:\/\/fswe.ca\/fr\/wp-json\/wp\/v2\/types\/page"}],"author":[{"embeddable":true,"href":"https:\/\/fswe.ca\/fr\/wp-json\/wp\/v2\/users\/6"}],"replies":[{"embeddable":true,"href":"https:\/\/fswe.ca\/fr\/wp-json\/wp\/v2\/comments?post=9097"}],"version-history":[{"count":0,"href":"https:\/\/fswe.ca\/fr\/wp-json\/wp\/v2\/pages\/9097\/revisions"}],"up":[{"embeddable":true,"href":"https:\/\/fswe.ca\/fr\/wp-json\/wp\/v2\/pages\/7236"}],"wp:attachment":[{"href":"https:\/\/fswe.ca\/fr\/wp-json\/wp\/v2\/media?parent=9097"}],"curies":[{"name":"wp","href":"https:\/\/api.w.org\/{rel}","templated":true}]}}